{"id":8,"date":"2022-09-28T00:41:25","date_gmt":"2022-09-28T00:41:25","guid":{"rendered":"https:\/\/bleidhysaboya-asesora.com\/?page_id=8"},"modified":"2026-03-23T20:35:33","modified_gmt":"2026-03-24T01:35:33","slug":"polizas-amparadas","status":"publish","type":"page","link":"https:\/\/bleidhysaboya-asesora.com\/index.php\/polizas-amparadas\/","title":{"rendered":"PLANES PREMIUM"},"content":{"rendered":"\n<div class=\"wp-block-columns is-layout-flex wp-container-core-columns-is-layout-9d6595d7 wp-block-columns-is-layout-flex\">\n<div class=\"wp-block-column is-layout-flow wp-block-column-is-layout-flow\" style=\"flex-basis:100%\"><\/div>\n<\/div>\n\n\n\n<div class=\"wp-block-columns has-vivid-cyan-blue-color has-text-color has-link-color wp-elements-07c4ccff1408a852933e3209f938e551 is-layout-flex wp-container-core-columns-is-layout-9d6595d7 wp-block-columns-is-layout-flex\" style=\"font-style:normal;font-weight:500\">\n<div class=\"wp-block-column is-layout-flow wp-block-column-is-layout-flow\">\n<h2 class=\"wp-block-heading has-text-align-center has-vivid-cyan-blue-color has-text-color has-link-color wp-elements-b7658d7c95ec629e267728eec5affdc0\">Grandes Ventajas y m\u00e1s Beneficios<\/h2>\n<\/div>\n\n\n\n<div class=\"wp-block-column is-layout-flow wp-block-column-is-layout-flow\">\n<h2 class=\"wp-block-heading has-text-align-center has-vivid-cyan-blue-color has-text-color has-link-color wp-elements-5ac4e203e86f3c1372fb88aca8483b36\">Condiciones Generales <\/h2>\n<\/div>\n<\/div>\n\n\n\n<div class=\"wp-block-columns is-not-stacked-on-mobile is-layout-flex wp-container-core-columns-is-layout-9d6595d7 wp-block-columns-is-layout-flex\">\n<div class=\"wp-block-column is-layout-flow wp-block-column-is-layout-flow\">\n<ul class=\"wp-block-list\">\n<li><strong>Cobertura del 100% sin deducibles ni topes en servicios m\u00e9dicos.<\/strong><\/li>\n\n\n\n<li><strong>Urgencias en el territorio nacional.<\/strong><\/li>\n\n\n\n<li><strong>Hospitalizaci\u00f3n y Cirug\u00eda ilimitada, habitaci\u00f3n individual, Unidad de cuidados intensivos ilimitada.&nbsp;<\/strong><\/li>\n\n\n\n<li><strong>Hospitalizaci\u00f3n psiqui\u00e1trica.<\/strong><\/li>\n\n\n\n<li><strong>Cobertura de todos los trasplantes aprobados en Colombia en las P\u00f3lizas Fesalud y Original<\/strong>*<\/li>\n\n\n\n<li><strong>Medicamentos pre y posthospitalarios sin l\u00edmite<\/strong>*<\/li>\n\n\n\n<li><strong>Di\u00e1lisis ilimitada para insuficiencia renal cr\u00f3nica<\/strong>*<\/li>\n\n\n\n<li><strong>Amparo de desempleo<\/strong>*<\/li>\n\n\n\n<li><strong>Exoneraci\u00f3n de pago de prima por fallecimiento del titular<\/strong>*<\/li>\n\n\n\n<li><strong>Escleroterapia<\/strong>*<\/li>\n\n\n\n<li><strong>Septoplastia y Septorrinoplastia funcional<\/strong>*<\/li>\n\n\n\n<li><strong>Asistencia m\u00e9dica en el exterior sin costo adicional<\/strong><\/li>\n\n\n\n<li><strong>Directorio m\u00e9dico en la p\u00e1gina web y en la App Axa Colpatria<\/strong><\/li>\n\n\n\n<li><strong>Autorizaciones m\u00e9dicas, citas en los Centros de Especialistas, Certificados de Retefuente a trav\u00e9s de la p\u00e1gina web<\/strong><\/li>\n\n\n\n<li><strong>L\u00ednea m\u00e9dica 24 horas<\/strong><\/li>\n\n\n\n<li><strong>Cl\u00ednica VIP en Bogot\u00e1 (Bono de Consulta Prioritaria, general y pedi\u00e1trica sin costo)<\/strong><\/li>\n\n\n\n<li><strong>Servicios de salud sin salir de casa: M\u00e9dico domiciliario, Teleconsulta, Toma de Muestras de Laboratorio a domicilio y Farmacia a domicilio<\/strong><\/li>\n\n\n\n<li><strong>Urgencias odontol\u00f3gicas<\/strong><\/li>\n\n\n\n<li><strong>Programas de prevenci\u00f3n, promoci\u00f3n y fomento de estilo de vida saludable<\/strong><\/li>\n<\/ul>\n<\/div>\n\n\n\n<div class=\"wp-block-column is-layout-flow wp-block-column-is-layout-flow\">\n<ul class=\"wp-block-list\">\n<li><strong>Edad m\u00e1xima de ingreso: 63 a\u00f1os y 364 d\u00edas.<\/strong><\/li>\n\n\n\n<li><strong>Permanencia ilimitada<\/strong><\/li>\n\n\n\n<li><strong>Todos los usuarios deben tener EPS vigente del Regim\u00e9n Contributivo<\/strong><\/li>\n\n\n\n<li><strong>Los servicios se prestan a trav\u00e9s de una red adscrita de instituciones y profesionales de la salud<\/strong><\/li>\n\n\n\n<li><strong>Para la prestaci\u00f3n del servicio, el usuario debe estar al d\u00eda en sus pagos<\/strong><\/li>\n\n\n\n<li><strong>Se valida la antiguedad de otros productos de salud: Medicina Prepagada, P\u00f3lizas de salud y Planes Complementarios<\/strong><\/li>\n\n\n\n<li><strong>La validez de la Antiguedad de otras productos de salud no es v\u00e1lido para la cobertura de continuidad en el pago de la prima por p\u00e9rdida de empleo.<\/strong><\/li>\n<\/ul>\n<\/div>\n<\/div>\n\n\n\n<div class=\"wp-block-columns has-medium-font-size is-layout-flex wp-container-core-columns-is-layout-9d6595d7 wp-block-columns-is-layout-flex\" style=\"font-style:normal;font-weight:400\">\n<div class=\"wp-block-column has-pale-pink-background-color has-text-color has-background has-link-color wp-elements-d961fe3e33ce7fcfda8fc77e4f4bb9ea is-layout-flow wp-block-column-is-layout-flow\" style=\"color:#000000;padding-top:2em;padding-right:2em;padding-bottom:2em;padding-left:2em;font-size:21px;font-style:normal;font-weight:400;flex-basis:27%\">\n<h2 class=\"wp-block-heading has-text-align-center has-text-color has-link-color wp-elements-b6d36fb555cc265adf4b80b67ad08bdb\" id=\"single\" style=\"color:#353553;font-size:25px;font-style:normal;font-weight:700\">P\u00f3liza Fesalud Amparada<\/h2>\n\n\n\n<p class=\"has-text-align-center\" style=\"font-size:20px;line-height:1.5\"><strong>Todas las coberturas del Plan Fesalud Plus con nuevas y mejores coberturas<\/strong>:<\/p>\n\n\n\n<hr class=\"wp-block-separator has-text-color has-css-opacity has-background is-style-wide\" style=\"background-color:#000000;color:#000000\"\/>\n\n\n\n<ul class=\"wp-block-list\">\n<li>Trasplantes: Todos los aprobados en Colombia<\/li>\n\n\n\n<li class=\"has-medium-font-size\" style=\"font-style:normal;font-weight:400\">Di\u00e1lisis ilimitada para insuficiencia renal <\/li>\n\n\n\n<li>Medicamentos pre y post hospitalarios <\/li>\n\n\n\n<li>Amparo de desempleo <\/li>\n\n\n\n<li>Continuidad en el pago por fallecimiento<\/li>\n\n\n\n<li>Septoplastia y Septorrinoplastia funcional<\/li>\n\n\n\n<li>Escleroterapia<\/li>\n\n\n\n<li>Y m\u00e1s&#8230;..<\/li>\n<\/ul>\n\n\n\n<div class=\"wp-block-buttons alignfull is-horizontal is-content-justification-center is-layout-flex wp-container-core-buttons-is-layout-499968f5 wp-block-buttons-is-layout-flex\">\n<div class=\"wp-block-button\"><a class=\"wp-block-button__link wp-element-button\" href=\"https:\/\/bleidhysaboya-asesora.com\/index.php\/medicina-prepagada\/poliza-fesalud-amparada\/\" target=\"_blank\" rel=\"noreferrer noopener\">Ver todas las COBERTURAS<\/a><\/div>\n<\/div>\n<\/div>\n\n\n\n<div class=\"wp-block-column has-pale-cyan-blue-background-color has-text-color has-background has-link-color wp-elements-8f0aaeb159964ff2a556f3e2364ae015 is-layout-flow wp-block-column-is-layout-flow\" style=\"color:#000000;padding-top:2em;padding-right:2em;padding-bottom:2em;padding-left:2em;font-size:21px;font-style:normal;font-weight:400;flex-basis:27%\">\n<h2 class=\"wp-block-heading has-text-align-center\" id=\"single\" style=\"font-size:25px;font-style:normal;font-weight:700\">P\u00f3liza Original Amparada<\/h2>\n\n\n\n<p class=\"has-text-align-center\" style=\"font-size:20px;line-height:1.5\"><strong>Todas las coberturas de Original Plus incluyendo nuevos beneficios y mejores coberturas<\/strong>:<\/p>\n\n\n\n<hr class=\"wp-block-separator has-text-color has-css-opacity has-background is-style-wide\" style=\"background-color:#000000;color:#000000\"\/>\n\n\n\n<ul class=\"wp-block-list\">\n<li>Todos los Trasplantes aprobados en Colombia<\/li>\n\n\n\n<li class=\"has-medium-font-size\" style=\"font-style:normal;font-weight:400\">Medicamentos pre y post hospitalarios <\/li>\n\n\n\n<li class=\"has-medium-font-size\" style=\"font-style:normal;font-weight:400\">Di\u00e1lisis ilimitada para insuficiencia renal cr\u00f3nica<\/li>\n\n\n\n<li>Amparo de desempleo <\/li>\n\n\n\n<li>Continuidad en el pago por fallecimiento <\/li>\n\n\n\n<li>Septoplastia y Septorrinoplastia <\/li>\n\n\n\n<li>Escleroterapia<\/li>\n\n\n\n<li>Y m\u00e1s&#8230;.<\/li>\n<\/ul>\n\n\n\n<div class=\"wp-block-buttons alignfull is-horizontal is-content-justification-center is-layout-flex wp-container-core-buttons-is-layout-499968f5 wp-block-buttons-is-layout-flex\">\n<div class=\"wp-block-button\"><a class=\"wp-block-button__link wp-element-button\" href=\"https:\/\/bleidhysaboya-asesora.com\/index.php\/medicina-prepagada\/poliza-original-amp\" target=\"_blank\" rel=\"noreferrer noopener\">ver todas las COBERTURAS<\/a><\/div>\n<\/div>\n<\/div>\n\n\n\n<div class=\"wp-block-column has-text-color has-background has-link-color wp-elements-017ace2c4302638dc17728c42c1fdf5d is-layout-flow wp-block-column-is-layout-flow\" style=\"color:#000000;background-color:#c0ebf1;padding-top:2em;padding-right:2em;padding-bottom:2em;padding-left:2em;font-size:21px;font-style:normal;font-weight:400;flex-basis:27%\">\n<h2 class=\"wp-block-heading has-text-align-center\" id=\"single\" style=\"font-size:25px;font-style:normal;font-weight:700\">P\u00f3liza Alterno Amparada<\/h2>\n\n\n\n<p class=\"has-text-align-center\" style=\"font-size:20px;line-height:1.5\"><strong>Todas las coberturas de Alterno Plus incluyendo nuevas coberturas<\/strong>:<\/p>\n\n\n\n<hr class=\"wp-block-separator has-text-color has-css-opacity has-background is-style-wide\" style=\"background-color:#000000;color:#000000\"\/>\n\n\n\n<ul class=\"wp-block-list\">\n<li class=\"has-black-color has-text-color has-link-color has-medium-font-size wp-elements-128823e9103fc6173cc943059c22e38a\" style=\"font-style:normal;font-weight:400\">Amparo de desempleo <\/li>\n\n\n\n<li>Septoplastia y Septorrinoplastia funcional<\/li>\n\n\n\n<li>Escleroterapia<\/li>\n\n\n\n<li>Y m\u00e1s&#8230;<\/li>\n<\/ul>\n\n\n\n<div class=\"wp-block-buttons alignfull is-horizontal is-content-justification-center is-layout-flex wp-container-core-buttons-is-layout-499968f5 wp-block-buttons-is-layout-flex\">\n<div class=\"wp-block-button\"><a class=\"wp-block-button__link wp-element-button\" href=\"https:\/\/bleidhysaboya-asesora.com\/index.php\/polizas-amparadas\/plan-alterno-amparado\/\" target=\"_blank\" rel=\"noreferrer noopener\">ver todas las COBERTURAS<\/a><\/div>\n<\/div>\n<\/div>\n<\/div>\n\n\n\n<hr class=\"wp-block-separator has-alpha-channel-opacity\"\/>\n\n\n\n<h1 class=\"wp-block-heading has-text-align-center has-vivid-cyan-blue-color has-text-color has-link-color has-large-font-size wp-elements-650f6df403318e9cac2c1cb4ebb4ef38\" style=\"font-style:normal;font-weight:600\">Formulario de Contacto<\/h1>\n\n\n\n<div class=\"wp-block-columns is-layout-flex wp-container-core-columns-is-layout-9d6595d7 wp-block-columns-is-layout-flex\">\n<div class=\"wp-block-column is-layout-flow wp-block-column-is-layout-flow\" style=\"flex-basis:50%\">\n<figure class=\"wp-block-image size-full\"><img fetchpriority=\"high\" decoding=\"async\" width=\"471\" height=\"542\" src=\"https:\/\/bleidhysaboya-asesora.com\/wp-content\/uploads\/2026\/03\/laboratorios.jpg\" alt=\"\" class=\"wp-image-1677\" srcset=\"https:\/\/bleidhysaboya-asesora.com\/wp-content\/uploads\/2026\/03\/laboratorios.jpg 471w, https:\/\/bleidhysaboya-asesora.com\/wp-content\/uploads\/2026\/03\/laboratorios-261x300.jpg 261w\" sizes=\"(max-width: 471px) 100vw, 471px\" \/><\/figure>\n<\/div>\n\n\n\n<div class=\"wp-block-column is-layout-flow wp-block-column-is-layout-flow\" style=\"flex-basis:66.67%\">\n<div class=\"wp-block-contact-form-7-contact-form-selector\">\n<div class=\"wpcf7 no-js\" id=\"wpcf7-f462-o1\" lang=\"es-ES\" dir=\"ltr\" data-wpcf7-id=\"462\">\n<div class=\"screen-reader-response\"><p role=\"status\" aria-live=\"polite\" aria-atomic=\"true\"><\/p> <ul><\/ul><\/div>\n<form action=\"\/index.php\/wp-json\/wp\/v2\/pages\/8#wpcf7-f462-o1\" method=\"post\" class=\"wpcf7-form init\" aria-label=\"Formulario de contacto\" novalidate=\"novalidate\" data-status=\"init\">\n<fieldset class=\"hidden-fields-container\"><input type=\"hidden\" name=\"_wpcf7\" value=\"462\" \/><input type=\"hidden\" name=\"_wpcf7_version\" value=\"6.1.1\" \/><input type=\"hidden\" name=\"_wpcf7_locale\" value=\"es_ES\" \/><input type=\"hidden\" name=\"_wpcf7_unit_tag\" value=\"wpcf7-f462-o1\" \/><input type=\"hidden\" name=\"_wpcf7_container_post\" value=\"0\" \/><input type=\"hidden\" name=\"_wpcf7_posted_data_hash\" value=\"\" \/>\n<\/fieldset>\n<p><label> Tu nombre*<br \/>\n<span class=\"wpcf7-form-control-wrap\" data-name=\"your-name\"><input size=\"40\" maxlength=\"400\" class=\"wpcf7-form-control wpcf7-text wpcf7-validates-as-required\" aria-required=\"true\" aria-invalid=\"false\" value=\"\" type=\"text\" name=\"your-name\" \/><\/span> <\/label>\n<\/p>\n<p><label> Tu celular*<br \/>\n<span class=\"wpcf7-form-control-wrap\" data-name=\"tel-729\"><input size=\"40\" maxlength=\"400\" class=\"wpcf7-form-control wpcf7-tel wpcf7-text wpcf7-validates-as-tel\" aria-invalid=\"false\" value=\"\" type=\"tel\" name=\"tel-729\" \/><\/span> <\/label>\n<\/p>\n<p><label> Tu correo electr\u00f3nico*<br \/>\n<span class=\"wpcf7-form-control-wrap\" data-name=\"your-email\"><input size=\"40\" maxlength=\"400\" class=\"wpcf7-form-control wpcf7-email wpcf7-validates-as-required wpcf7-text wpcf7-validates-as-email\" aria-required=\"true\" aria-invalid=\"false\" value=\"\" type=\"email\" name=\"your-email\" \/><\/span> <\/label>\n<\/p>\n<p><label> Tu mensaje<br \/>\n<span class=\"wpcf7-form-control-wrap\" data-name=\"your-message\"><textarea cols=\"40\" rows=\"10\" maxlength=\"2000\" class=\"wpcf7-form-control wpcf7-textarea\" aria-invalid=\"false\" name=\"your-message\"><\/textarea><\/span> <\/label>\n<\/p>\n<p><span class=\"wpcf7-form-control-wrap\" data-name=\"acceptance-821\"><span class=\"wpcf7-form-control wpcf7-acceptance\"><span class=\"wpcf7-list-item\"><label><input type=\"checkbox\" name=\"acceptance-821\" value=\"1\" aria-invalid=\"false\" \/><span class=\"wpcf7-list-item-label\">He le\u00eddo y acepto la <a href=\"#\">pol\u00edtica de privacidad<a\\><\/span><\/label><\/span><\/span><\/span><label><br \/>\n<input class=\"wpcf7-form-control wpcf7-submit has-spinner\" type=\"submit\" value=\"Enviar\" \/><\/label>\n<\/p><p style=\"display: none !important;\" class=\"akismet-fields-container\" data-prefix=\"_wpcf7_ak_\"><label>&#916;<textarea name=\"_wpcf7_ak_hp_textarea\" cols=\"45\" rows=\"8\" maxlength=\"100\"><\/textarea><\/label><input type=\"hidden\" id=\"ak_js_1\" name=\"_wpcf7_ak_js\" value=\"184\"\/><script>document.getElementById( \"ak_js_1\" ).setAttribute( \"value\", ( new Date() ).getTime() );<\/script><\/p><div class=\"wpcf7-response-output\" aria-hidden=\"true\"><\/div>\n<\/form>\n<\/div>\n<\/div>\n<\/div>\n<\/div>\n\n\n\n<p><\/p>\n","protected":false},"excerpt":{"rendered":"<p>Grandes Ventajas y m\u00e1s Beneficios Condiciones Generales P\u00f3liza Fesalud Amparada Todas las coberturas del Plan Fesalud Plus con nuevas y mejores coberturas: P\u00f3liza Original Amparada Todas las coberturas de Original Plus incluyendo nuevos beneficios y mejores coberturas: P\u00f3liza Alterno Amparada Todas las coberturas de Alterno Plus incluyendo nuevas coberturas: Formulario de Contacto<\/p>\n","protected":false},"author":1,"featured_media":0,"parent":0,"menu_order":0,"comment_status":"closed","ping_status":"closed","template":"","meta":{"om_disable_all_campaigns":false,"footnotes":""},"class_list":["post-8","page","type-page","status-publish","hentry"],"aioseo_notices":[],"_links":{"self":[{"href":"https:\/\/bleidhysaboya-asesora.com\/index.php\/wp-json\/wp\/v2\/pages\/8","targetHints":{"allow":["GET"]}}],"collection":[{"href":"https:\/\/bleidhysaboya-asesora.com\/index.php\/wp-json\/wp\/v2\/pages"}],"about":[{"href":"https:\/\/bleidhysaboya-asesora.com\/index.php\/wp-json\/wp\/v2\/types\/page"}],"author":[{"embeddable":true,"href":"https:\/\/bleidhysaboya-asesora.com\/index.php\/wp-json\/wp\/v2\/users\/1"}],"replies":[{"embeddable":true,"href":"https:\/\/bleidhysaboya-asesora.com\/index.php\/wp-json\/wp\/v2\/comments?post=8"}],"version-history":[{"count":27,"href":"https:\/\/bleidhysaboya-asesora.com\/index.php\/wp-json\/wp\/v2\/pages\/8\/revisions"}],"predecessor-version":[{"id":1678,"href":"https:\/\/bleidhysaboya-asesora.com\/index.php\/wp-json\/wp\/v2\/pages\/8\/revisions\/1678"}],"wp:attachment":[{"href":"https:\/\/bleidhysaboya-asesora.com\/index.php\/wp-json\/wp\/v2\/media?parent=8"}],"curies":[{"name":"wp","href":"https:\/\/api.w.org\/{rel}","templated":true}]}}