{"id":76,"date":"2021-10-23T03:31:59","date_gmt":"2021-10-23T08:31:59","guid":{"rendered":"https:\/\/ona.deothemes.com\/?page_id=13"},"modified":"2026-01-27T17:08:21","modified_gmt":"2026-01-27T22:08:21","slug":"about","status":"publish","type":"page","link":"https:\/\/bleidhysaboya-asesora.com\/index.php\/about\/","title":{"rendered":"Bleidhy Saboy\u00e1 &#8211; Asesora Axa Colpatria"},"content":{"rendered":"\t\t<div data-elementor-type=\"wp-page\" data-elementor-id=\"76\" class=\"elementor elementor-76\">\n\t\t\t\t\t\t<section class=\"elementor-section elementor-top-section elementor-element elementor-element-773937b8 elementor-section-boxed elementor-section-height-default elementor-section-height-default\" data-id=\"773937b8\" data-element_type=\"section\" data-e-type=\"section\">\n\t\t\t\t\t\t<div class=\"elementor-container elementor-column-gap-default\">\n\t\t\t\t\t<div class=\"elementor-column elementor-col-100 elementor-top-column elementor-element elementor-element-36e98f5d\" data-id=\"36e98f5d\" data-element_type=\"column\" data-e-type=\"column\">\n\t\t\t<div class=\"elementor-widget-wrap elementor-element-populated\">\n\t\t\t\t\t\t<div class=\"elementor-element elementor-element-4bc8da3b elementor-widget elementor-widget-text-editor\" data-id=\"4bc8da3b\" data-element_type=\"widget\" data-e-type=\"widget\" data-widget_type=\"text-editor.default\">\n\t\t\t\t<div class=\"elementor-widget-container\">\n\t\t\t\t\t\t\t\t\t\n<div class=\"wp-block-media-text is-stacked-on-mobile is-style-rounded\" style=\"grid-template-columns: 34% auto;\">\n<figure class=\"wp-block-media-text__media\"><img fetchpriority=\"high\" decoding=\"async\" class=\"alignnone size-medium wp-image-1590\" src=\"https:\/\/bleidhysaboya-asesora.com\/wp-content\/uploads\/2026\/01\/Captura-de-pantalla-2026-01-27-165017-245x300.png\" alt=\"\" width=\"245\" height=\"300\" srcset=\"https:\/\/bleidhysaboya-asesora.com\/wp-content\/uploads\/2026\/01\/Captura-de-pantalla-2026-01-27-165017-245x300.png 245w, https:\/\/bleidhysaboya-asesora.com\/wp-content\/uploads\/2026\/01\/Captura-de-pantalla-2026-01-27-165017.png 417w\" sizes=\"(max-width: 245px) 100vw, 245px\" \/><\/figure>\n<div class=\"wp-block-media-text__content\">\n<p class=\"has-text-align-center\"><strong>AXA COLPATRIA<\/strong>\u00a0es la uni\u00f3n entre una de las aseguradoras m\u00e1s importantes a nivel mundial, la multinacional francesa AXA y Seguros Colpatria, una compa\u00f1\u00eda con m\u00e1s de 50 a\u00f1os de experiencia en el mercado colombiano.<\/p>\n\n<p class=\"has-text-align-center\">Como asesora profesional de Seguros Axa Colpatria\u00a0desde 1989, ayudo a las personas a encontrar la mejor cobertura para sus necesidades de Salud.<\/p>\n\n<p class=\"has-text-align-center\">Tenemos opciones que se ajustan a la situaci\u00f3n financiera y de salud de cada persona, familia o empresa, de acuerdo con su presupuesto y tipo de cobertura que requiere.<\/p>\n\n<p class=\"has-text-align-center\">Conozca las Nuevas Polizas Amparadas y los Planes Complementarios que tiene Axa Colaptria para usted.<\/p>\n\n<div class=\"wp-block-buttons has-custom-font-size has-vivid-cyan-blue-background-color has-background has-medium-font-size is-layout-flex wp-block-buttons-is-layout-flex\" style=\"font-style: normal; font-weight: 500;\">\n<div class=\"wp-block-button has-custom-width wp-block-button__width-100\"><a class=\"wp-block-button__link has-white-color has-text-color has-link-color has-medium-font-size has-custom-font-size wp-element-button\" style=\"border-radius: 41px;\" href=\"https:\/\/bleidhysaboya-asesora.com\/index.php\/contacto\/\">Perm\u00edtame Asesorarlo<\/a><\/div>\n<\/div>\n<\/div>\n<\/div>\n\n<p>\u00a0<\/p>\n\t\t\t\t\t\t\t\t<\/div>\n\t\t\t\t<\/div>\n\t\t\t\t\t<\/div>\n\t\t<\/div>\n\t\t\t\t\t<\/div>\n\t\t<\/section>\n\t\t\t\t<\/div>\n\t\t","protected":false},"excerpt":{"rendered":"<p>\u00a0<\/p>\n","protected":false},"author":1,"featured_media":0,"parent":0,"menu_order":0,"comment_status":"closed","ping_status":"closed","template":"","meta":{"om_disable_all_campaigns":false,"footnotes":""},"class_list":["post-76","page","type-page","status-publish","hentry"],"aioseo_notices":[],"_links":{"self":[{"href":"https:\/\/bleidhysaboya-asesora.com\/index.php\/wp-json\/wp\/v2\/pages\/76","targetHints":{"allow":["GET"]}}],"collection":[{"href":"https:\/\/bleidhysaboya-asesora.com\/index.php\/wp-json\/wp\/v2\/pages"}],"about":[{"href":"https:\/\/bleidhysaboya-asesora.com\/index.php\/wp-json\/wp\/v2\/types\/page"}],"author":[{"embeddable":true,"href":"https:\/\/bleidhysaboya-asesora.com\/index.php\/wp-json\/wp\/v2\/users\/1"}],"replies":[{"embeddable":true,"href":"https:\/\/bleidhysaboya-asesora.com\/index.php\/wp-json\/wp\/v2\/comments?post=76"}],"version-history":[{"count":9,"href":"https:\/\/bleidhysaboya-asesora.com\/index.php\/wp-json\/wp\/v2\/pages\/76\/revisions"}],"predecessor-version":[{"id":1593,"href":"https:\/\/bleidhysaboya-asesora.com\/index.php\/wp-json\/wp\/v2\/pages\/76\/revisions\/1593"}],"wp:attachment":[{"href":"https:\/\/bleidhysaboya-asesora.com\/index.php\/wp-json\/wp\/v2\/media?parent=76"}],"curies":[{"name":"wp","href":"https:\/\/api.w.org\/{rel}","templated":true}]}}