{"id":7,"date":"2022-09-27T23:53:40","date_gmt":"2022-09-28T04:53:40","guid":{"rendered":"https:\/\/bleidhysaboya-asesora.com\/?page_id=7"},"modified":"2025-10-19T20:05:26","modified_gmt":"2025-10-20T01:05:26","slug":"medicina-prepagada","status":"publish","type":"page","link":"https:\/\/bleidhysaboya-asesora.com\/index.php\/medicina-prepagada\/","title":{"rendered":"MEDICINA PREPAGADA"},"content":{"rendered":"\n<div class=\"wp-block-columns is-layout-flex wp-container-core-columns-is-layout-9d6595d7 wp-block-columns-is-layout-flex\">\n<div class=\"wp-block-column is-layout-flow wp-block-column-is-layout-flow\" style=\"flex-basis:100%\">\n<div class=\"wp-block-columns is-layout-flex wp-container-core-columns-is-layout-9d6595d7 wp-block-columns-is-layout-flex\">\n<div class=\"wp-block-column is-layout-flow wp-block-column-is-layout-flow\" style=\"flex-basis:100%\">\n<div class=\"wp-block-columns is-layout-flex wp-container-core-columns-is-layout-9d6595d7 wp-block-columns-is-layout-flex\">\n<div class=\"wp-block-column is-layout-flow wp-block-column-is-layout-flow\">\n<h3 class=\"wp-block-heading\">VENTAJAS DE LA MEDICINA PREPAGADA<\/h3>\n\n\n\n<ul class=\"wp-block-list\">\n<li><strong>Cobertura del 100% sin deducibles ni topes en servicios m\u00e9dicos.<\/strong><\/li>\n\n\n\n<li><strong>Urgencias en el territorio nacional.<\/strong><\/li>\n\n\n\n<li><strong>Hospitalizaci\u00f3n y Cirug\u00eda ilimitada, habitaci\u00f3n individual, Unidad de cuidados intensivos ilimitada.&nbsp;<\/strong><\/li>\n\n\n\n<li><strong>Hospitalizaci\u00f3n psiqui\u00e1trica.<\/strong><\/li>\n\n\n\n<li><strong>Asistencia m\u00e9dica en el exterior sin costo adicional<\/strong><\/li>\n\n\n\n<li><strong>Directorio m\u00e9dico en la p\u00e1gina web y en la App Axa Colpatria<\/strong><\/li>\n\n\n\n<li><strong>Autorizaciones m\u00e9dicas, citas en los Centros de Especialistas, Certificados de Retefuente a trav\u00e9s de la p\u00e1gina web<\/strong><\/li>\n\n\n\n<li><strong>L\u00ednea m\u00e9dica 24 horas<\/strong><\/li>\n\n\n\n<li><strong>Cl\u00ednica VIP en Bogot\u00e1 (Bono de Urgencias sin costo)<\/strong><\/li>\n\n\n\n<li><strong>Servicios de salud sin salir de casa: M\u00e9dico domiciliario, Teleconsulta, Toma de Muestras de Laboratorio a domicilio y Farmacia a domicilio<\/strong><\/li>\n\n\n\n<li><strong>Urgencias odontol\u00f3gicas<\/strong><\/li>\n\n\n\n<li><strong>Programas de prevenci\u00f3n, promoci\u00f3n y fomento de estilo de vida saludable<\/strong><\/li>\n<\/ul>\n<\/div>\n\n\n\n<div class=\"wp-block-column is-vertically-aligned-top is-layout-flow wp-block-column-is-layout-flow\">\n<h3 class=\"wp-block-heading\">CONDICIONES GENERALES<\/h3>\n\n\n\n<ul class=\"wp-block-list\">\n<li><strong>Permanencia ilimitada<\/strong><\/li>\n\n\n\n<li><strong>Todos los usuarios deben tener EPS vigente del Regim\u00e9n Contributivo<\/strong><\/li>\n\n\n\n<li><strong>Para la prestaci\u00f3n del servicio, el usuario debe estar al d\u00eda en sus pagos<\/strong><\/li>\n\n\n\n<li><strong>Los servicios se prestan a trav\u00e9s de una red adscrita de instituciones y profesionales de la salud<\/strong><\/li>\n<\/ul>\n<\/div>\n<\/div>\n\n\n\n<h2 class=\"wp-block-heading\">Nota Importante:<\/h2>\n\n\n\n<p><strong>Esta informaci\u00f3n solo aplica para los usuarios que ya tienen alguno de estos Planes.  Actualmente, los Planes Plus no se est\u00e1n comercializando. AXA COLPATRIA ha mejorado las Coberturas y Beneficios de los Planes Fesalud, Original y Alterno. Conozca las Nuevas P\u00f3lizas Amparadas<\/strong><\/p>\n\n\n\n<p><\/p>\n<\/div>\n<\/div>\n<\/div>\n<\/div>\n\n\n\n<div style=\"height:11px\" aria-hidden=\"true\" class=\"wp-block-spacer\"><\/div>\n\n\n\n<div class=\"wp-block-cover aligncenter has-parallax\" style=\"min-height:50vh;aspect-ratio:unset;\"><div class=\"wp-block-cover__image-background wp-image-419 size-full has-parallax\" style=\"background-position:50% 50%;background-image:url(https:\/\/bleidhysaboya-asesora.com\/wp-content\/uploads\/2022\/09\/HOSPITALIZACION-2.jpg)\"><\/div><span aria-hidden=\"true\" class=\"wp-block-cover__background has-background-dim-20 has-background-dim\"><\/span><div class=\"wp-block-cover__inner-container is-layout-flow wp-block-cover-is-layout-flow\">\n<div class=\"wp-block-group has-black-color has-pale-ocean-gradient-background has-text-color has-background has-link-color wp-elements-cee90b74bf1897c2fdcf365f185d67d7 is-vertical is-content-justification-right is-nowrap is-layout-flex wp-container-core-group-is-layout-2d5bef97 wp-block-group-is-layout-flex\">\n<div class=\"wp-block-columns alignwide are-vertically-aligned-top is-layout-flex wp-container-core-columns-is-layout-9d6595d7 wp-block-columns-is-layout-flex\">\n<div class=\"wp-block-column is-vertically-aligned-top has-pale-pink-background-color has-text-color has-background has-link-color wp-elements-81a05b416fa08db1852b30656869a276 is-layout-flow wp-block-column-is-layout-flow\" style=\"color:#000000;padding-top:2em;padding-right:2em;padding-bottom:2em;padding-left:2em;font-size:15px;font-style:normal;font-weight:400;flex-basis:27%\">\n<h2 class=\"wp-block-heading has-text-align-center\" id=\"single\" style=\"font-size:25px\">Plan Fesalud Plus<\/h2>\n\n\n\n<p class=\"has-text-align-center\" style=\"font-size:20px\"><strong>Las mejores instituciones m\u00e9dicas del pa\u00eds, los mejores profesionales de salud y excelentes coberturas<\/strong>.<\/p>\n\n\n\n<div class=\"wp-block-buttons alignfull is-horizontal is-content-justification-center is-layout-flex wp-container-core-buttons-is-layout-499968f5 wp-block-buttons-is-layout-flex\">\n<div class=\"wp-block-button\"><a class=\"wp-block-button__link wp-element-button\" href=\"bleidhysaboya-asesora.com\/index.php\/medicina-prepagada\/fesalud-2\/\" target=\"_blank\" rel=\"noreferrer noopener\">m\u00e1s informaci\u00f3n&#8230;<\/a><\/div>\n<\/div>\n<\/div>\n\n\n\n<div class=\"wp-block-column is-vertically-aligned-top has-pale-cyan-blue-background-color has-text-color has-background has-link-color wp-elements-45964f74614c8ffbb091718cfbd8730c is-layout-flow wp-block-column-is-layout-flow\" style=\"color:#000000;padding-top:2em;padding-right:2em;padding-bottom:2em;padding-left:2em;font-size:16px;font-style:normal;font-weight:400;flex-basis:27%\">\n<h2 class=\"wp-block-heading has-text-align-center\" id=\"family\" style=\"font-size:25px;font-style:normal;font-weight:500\">Plan Original Plus<\/h2>\n\n\n\n<p class=\"has-text-align-center\" style=\"font-size:20px;line-height:1.5\"><strong>Acceso ilimitado a los mejores especialistas e instituciones m\u00e9dicas y hospitalarias adscritas a nuestros Planes de Medicina Prepagada.<\/strong><\/p>\n\n\n\n<hr class=\"wp-block-separator alignwide has-alpha-channel-opacity\"\/>\n\n\n\n<div class=\"wp-block-buttons alignfull is-horizontal is-content-justification-center is-layout-flex wp-container-core-buttons-is-layout-499968f5 wp-block-buttons-is-layout-flex\">\n<div class=\"wp-block-button\"><a class=\"wp-block-button__link wp-element-button\" href=\"https:\/\/bleidhysaboya-asesora.com\/index.php\/medicina-prepagada\/original\/\" target=\"_blank\" rel=\"noreferrer noopener\">m\u00e1s informaci\u00f3n&#8230;<\/a><\/div>\n<\/div>\n<\/div>\n\n\n\n<div class=\"wp-block-column is-vertically-aligned-top has-text-color has-background has-link-color has-small-font-size wp-elements-44a97e91a4bb9b6a478a1d4be3ba28b9 is-layout-flow wp-block-column-is-layout-flow\" style=\"color:#000000;background-color:#c0ebf1;padding-top:2em;padding-right:2em;padding-bottom:2em;padding-left:2em;font-style:normal;font-weight:400;flex-basis:27%\">\n<h2 class=\"wp-block-heading has-text-align-center\" id=\"patron\" style=\"font-size:25px;font-style:normal;font-weight:500\">Plan Alterno Plus<\/h2>\n\n\n\n<p class=\"has-text-align-center\" style=\"font-size:20px\"><strong>Una alternativa de calidad en medicina prepagada, que te brinda todo el profesionalismo y la experiencia de Axa&nbsp;Colpatria con tarifas m\u00e1s econ\u00f3micas<\/strong><\/p>\n\n\n\n<hr class=\"wp-block-separator has-css-opacity is-style-wide\"\/>\n\n\n\n<div class=\"wp-block-buttons alignfull is-horizontal is-content-justification-center is-layout-flex wp-container-core-buttons-is-layout-499968f5 wp-block-buttons-is-layout-flex\">\n<div class=\"wp-block-button\"><a class=\"wp-block-button__link wp-element-button\" href=\"https:\/\/bleidhysaboya-asesora.com\/index.php\/medicina-prepagada\/alterno\/\" target=\"_blank\" rel=\"noreferrer noopener\">m\u00e1s informaci\u00f3n&#8230;<\/a><\/div>\n<\/div>\n<\/div>\n<\/div>\n<\/div>\n<\/div><\/div>\n\n\n\n<h1 class=\"wp-block-heading has-text-align-center has-vivid-cyan-blue-color has-text-color has-link-color wp-elements-0b7249f418018e030a37e5aced1e3ccf\">Formulario de Contacto<\/h1>\n\n\n\n<div class=\"wp-block-columns is-layout-flex wp-container-core-columns-is-layout-9d6595d7 wp-block-columns-is-layout-flex\">\n<div class=\"wp-block-column is-layout-flow wp-block-column-is-layout-flow\" style=\"flex-basis:25%\"><\/div>\n\n\n\n<div class=\"wp-block-column is-layout-flow wp-block-column-is-layout-flow\" style=\"flex-basis:50%\">\n<div class=\"wp-block-contact-form-7-contact-form-selector\">\n<div class=\"wpcf7 no-js\" id=\"wpcf7-f462-o1\" lang=\"es-ES\" dir=\"ltr\" data-wpcf7-id=\"462\">\n<div class=\"screen-reader-response\"><p role=\"status\" aria-live=\"polite\" aria-atomic=\"true\"><\/p> <ul><\/ul><\/div>\n<form action=\"\/index.php\/wp-json\/wp\/v2\/pages\/7#wpcf7-f462-o1\" method=\"post\" class=\"wpcf7-form init\" aria-label=\"Formulario de contacto\" novalidate=\"novalidate\" data-status=\"init\">\n<fieldset class=\"hidden-fields-container\"><input type=\"hidden\" name=\"_wpcf7\" value=\"462\" \/><input type=\"hidden\" name=\"_wpcf7_version\" value=\"6.1.1\" \/><input type=\"hidden\" name=\"_wpcf7_locale\" value=\"es_ES\" \/><input type=\"hidden\" name=\"_wpcf7_unit_tag\" value=\"wpcf7-f462-o1\" \/><input type=\"hidden\" name=\"_wpcf7_container_post\" value=\"0\" \/><input type=\"hidden\" name=\"_wpcf7_posted_data_hash\" value=\"\" \/>\n<\/fieldset>\n<p><label> Tu nombre*<br \/>\n<span class=\"wpcf7-form-control-wrap\" data-name=\"your-name\"><input size=\"40\" maxlength=\"400\" class=\"wpcf7-form-control wpcf7-text wpcf7-validates-as-required\" aria-required=\"true\" aria-invalid=\"false\" value=\"\" type=\"text\" name=\"your-name\" \/><\/span> <\/label>\n<\/p>\n<p><label> Tu celular*<br \/>\n<span class=\"wpcf7-form-control-wrap\" data-name=\"tel-729\"><input size=\"40\" maxlength=\"400\" class=\"wpcf7-form-control wpcf7-tel wpcf7-text wpcf7-validates-as-tel\" aria-invalid=\"false\" value=\"\" type=\"tel\" name=\"tel-729\" \/><\/span> <\/label>\n<\/p>\n<p><label> Tu correo electr\u00f3nico*<br \/>\n<span class=\"wpcf7-form-control-wrap\" data-name=\"your-email\"><input size=\"40\" maxlength=\"400\" class=\"wpcf7-form-control wpcf7-email wpcf7-validates-as-required wpcf7-text wpcf7-validates-as-email\" aria-required=\"true\" aria-invalid=\"false\" value=\"\" type=\"email\" name=\"your-email\" \/><\/span> <\/label>\n<\/p>\n<p><label> Tu mensaje<br \/>\n<span class=\"wpcf7-form-control-wrap\" data-name=\"your-message\"><textarea cols=\"40\" rows=\"10\" maxlength=\"2000\" class=\"wpcf7-form-control wpcf7-textarea\" aria-invalid=\"false\" name=\"your-message\"><\/textarea><\/span> <\/label>\n<\/p>\n<p><span class=\"wpcf7-form-control-wrap\" data-name=\"acceptance-821\"><span class=\"wpcf7-form-control wpcf7-acceptance\"><span class=\"wpcf7-list-item\"><label><input type=\"checkbox\" name=\"acceptance-821\" value=\"1\" aria-invalid=\"false\" \/><span class=\"wpcf7-list-item-label\">He le\u00eddo y acepto la <a href=\"#\">pol\u00edtica de privacidad<a\\><\/span><\/label><\/span><\/span><\/span><label><br \/>\n<input class=\"wpcf7-form-control wpcf7-submit has-spinner\" type=\"submit\" value=\"Enviar\" \/><\/label>\n<\/p><p style=\"display: none !important;\" class=\"akismet-fields-container\" data-prefix=\"_wpcf7_ak_\"><label>&#916;<textarea name=\"_wpcf7_ak_hp_textarea\" cols=\"45\" rows=\"8\" maxlength=\"100\"><\/textarea><\/label><input type=\"hidden\" id=\"ak_js_1\" name=\"_wpcf7_ak_js\" value=\"82\"\/><script>document.getElementById( \"ak_js_1\" ).setAttribute( \"value\", ( new Date() ).getTime() );<\/script><\/p><div class=\"wpcf7-response-output\" aria-hidden=\"true\"><\/div>\n<\/form>\n<\/div>\n<\/div>\n\n\n\n<p><\/p>\n<\/div>\n\n\n\n<div class=\"wp-block-column is-layout-flow wp-block-column-is-layout-flow\" style=\"flex-basis:25%\"><\/div>\n<\/div>\n","protected":false},"excerpt":{"rendered":"<p>VENTAJAS DE LA MEDICINA PREPAGADA CONDICIONES GENERALES Nota Importante: Esta informaci\u00f3n solo aplica para los usuarios que ya tienen alguno de estos Planes. Actualmente, los Planes Plus no se est\u00e1n comercializando. AXA COLPATRIA ha mejorado las Coberturas y Beneficios de los Planes Fesalud, Original y Alterno. Conozca las Nuevas P\u00f3lizas Amparadas Formulario de Contacto<\/p>\n","protected":false},"author":1,"featured_media":0,"parent":0,"menu_order":0,"comment_status":"closed","ping_status":"closed","template":"","meta":{"om_disable_all_campaigns":false,"footnotes":""},"class_list":["post-7","page","type-page","status-publish","hentry"],"aioseo_notices":[],"_links":{"self":[{"href":"https:\/\/bleidhysaboya-asesora.com\/index.php\/wp-json\/wp\/v2\/pages\/7","targetHints":{"allow":["GET"]}}],"collection":[{"href":"https:\/\/bleidhysaboya-asesora.com\/index.php\/wp-json\/wp\/v2\/pages"}],"about":[{"href":"https:\/\/bleidhysaboya-asesora.com\/index.php\/wp-json\/wp\/v2\/types\/page"}],"author":[{"embeddable":true,"href":"https:\/\/bleidhysaboya-asesora.com\/index.php\/wp-json\/wp\/v2\/users\/1"}],"replies":[{"embeddable":true,"href":"https:\/\/bleidhysaboya-asesora.com\/index.php\/wp-json\/wp\/v2\/comments?post=7"}],"version-history":[{"count":49,"href":"https:\/\/bleidhysaboya-asesora.com\/index.php\/wp-json\/wp\/v2\/pages\/7\/revisions"}],"predecessor-version":[{"id":1283,"href":"https:\/\/bleidhysaboya-asesora.com\/index.php\/wp-json\/wp\/v2\/pages\/7\/revisions\/1283"}],"wp:attachment":[{"href":"https:\/\/bleidhysaboya-asesora.com\/index.php\/wp-json\/wp\/v2\/media?parent=7"}],"curies":[{"name":"wp","href":"https:\/\/api.w.org\/{rel}","templated":true}]}}