{"id":532,"date":"2022-09-29T14:27:15","date_gmt":"2022-09-29T19:27:15","guid":{"rendered":"https:\/\/bleidhysaboya-asesora.com\/?page_id=532"},"modified":"2025-10-16T19:25:46","modified_gmt":"2025-10-17T00:25:46","slug":"complementarios-2","status":"publish","type":"page","link":"https:\/\/bleidhysaboya-asesora.com\/index.php\/complementarios-2\/","title":{"rendered":"PLANES COMPLEMENTARIOS"},"content":{"rendered":"\n<div class=\"wp-block-columns is-layout-flex wp-container-core-columns-is-layout-9d6595d7 wp-block-columns-is-layout-flex\">\n<div class=\"wp-block-column has-very-light-gray-to-cyan-bluish-gray-gradient-background has-background is-layout-flow wp-block-column-is-layout-flow\"><\/div>\n<\/div>\n\n\n\n<div class=\"wp-block-columns alignwide is-layout-flex wp-container-core-columns-is-layout-9d6595d7 wp-block-columns-is-layout-flex\">\n<div class=\"wp-block-column has-text-color has-background has-link-color has-medium-font-size wp-elements-93e30288575fc464eb59dd31646aae38 is-layout-flow wp-block-column-is-layout-flow\" style=\"color:#000000;background-color:#ffe97d;padding-top:2em;padding-right:2em;padding-bottom:2em;padding-left:2em;font-style:normal;font-weight:400\">\n<h2 class=\"wp-block-heading has-text-align-center\">Plan Salud Ideal<\/h2>\n\n\n\n<p class=\"has-text-align-center\"><strong>P\u00f3liza de Hospitalizaci\u00f3n y Cirug\u00eda con Beneficios especiales<\/strong><\/p>\n\n\n\n<h4 class=\"wp-block-heading\">Amparo B\u00e1sico<\/h4>\n\n\n\n<ul class=\"wp-block-list\">\n<li>Urgencias<\/li>\n\n\n\n<li>Hospitalizaci\u00f3n m\u00e9dica y quir\u00fargica<\/li>\n\n\n\n<li>Cirug\u00eda ambulatoria<\/li>\n\n\n\n<li>Gastos pre y posthospitalarios<\/li>\n\n\n\n<li>Atenci\u00f3n de maternidad<\/li>\n\n\n\n<li>Consulta m\u00e9dica a tarifas preferenciales<\/li>\n\n\n\n<li>Beneficios Especiales<\/li>\n<\/ul>\n\n\n\n<h4 class=\"wp-block-heading\">Amparo Opcional<\/h4>\n\n\n\n<ul class=\"wp-block-list\">\n<li>Atenci\u00f3n m\u00e9dica prehospitalaria <strong>EMERM\u00c9DICA<\/strong><\/li>\n<\/ul>\n\n\n\n<div class=\"wp-block-buttons alignfull is-horizontal is-content-justification-center is-layout-flex wp-container-core-buttons-is-layout-499968f5 wp-block-buttons-is-layout-flex\">\n<div class=\"wp-block-button\"><a class=\"wp-block-button__link has-white-color has-vivid-cyan-blue-background-color has-text-color has-background has-link-color wp-element-button\" href=\"https:\/\/bleidhysaboya-asesora.com\/index.php\/complementarios-2__trashed\/salud-ideal\/\" target=\"_blank\" rel=\"noreferrer noopener\">mas informaci\u00f3n&#8230;<\/a><\/div>\n<\/div>\n<\/div>\n\n\n\n<div class=\"wp-block-column has-text-color has-background has-link-color has-medium-font-size wp-elements-595185ae8ec474ba7502d707ef725b53 is-layout-flow wp-block-column-is-layout-flow\" style=\"color:#000000;background-color:#d1d1e1;padding-top:2em;padding-right:2em;padding-bottom:2em;padding-left:2em;font-style:normal;font-weight:400\">\n<h2 class=\"wp-block-heading has-text-align-center\">Plan Ambulatorio<\/h2>\n\n\n\n<p class=\"has-text-align-center\"><strong>P\u00f3liza de Atenci\u00f3n Ambulatoria<br>M\u00e9dica y Diagn\u00f3stica<\/strong><\/p>\n\n\n\n<h4 class=\"wp-block-heading\">Amparo B\u00e1sico<\/h4>\n\n\n\n<ul class=\"wp-block-list\">\n<li>Consulta m\u00e9dica general y especializada<\/li>\n\n\n\n<li>Urgencia m\u00e9dica domiciliaria y traslado m\u00e9dico<\/li>\n\n\n\n<li>Ex\u00e1menes de diagn\u00f3stico simple y especializados<\/li>\n\n\n\n<li>Terapias f\u00edsica, ocupacional, lenguaje y respiratoria<\/li>\n\n\n\n<li>Odontologia general, emergencias, prevenci\u00f3n<\/li>\n\n\n\n<li>Renta diaria por hospitalizaci\u00f3n<\/li>\n<\/ul>\n\n\n\n<div class=\"wp-block-buttons alignfull is-horizontal is-content-justification-center is-layout-flex wp-container-core-buttons-is-layout-499968f5 wp-block-buttons-is-layout-flex\">\n<div class=\"wp-block-button\"><a class=\"wp-block-button__link has-white-color has-vivid-cyan-blue-background-color has-text-color has-background has-link-color wp-element-button\" href=\"https:\/\/bleidhysaboya-asesora.com\/index.php\/complementarios-2__trashed\/ambulatorio\/\" target=\"_blank\" rel=\"noreferrer noopener\">Beneficios<\/a><\/div>\n<\/div>\n<\/div>\n\n\n\n<div class=\"wp-block-column has-text-color has-background has-link-color has-medium-font-size wp-elements-8c71987262a99629eef3448460e0bd2c is-layout-flow wp-block-column-is-layout-flow\" style=\"color:#000000;background-color:#c0ebf1;padding-top:2em;padding-right:2em;padding-bottom:2em;padding-left:2em;font-style:normal;font-weight:400\">\n<h2 class=\"wp-block-heading has-text-align-center\">Plan Ambulatorio Especial<\/h2>\n\n\n\n<p class=\"has-text-align-center\"><strong>P\u00f3liza de Atenci\u00f3n Ambulatoria<br><\/strong>M<strong>\u00e9dica y Diagn\u00f3stica<\/strong><\/p>\n\n\n\n<h4 class=\"wp-block-heading\">Amparo B\u00e1sico<\/h4>\n\n\n\n<ul class=\"wp-block-list\">\n<li>Consulta m\u00e9dica general y especializada<\/li>\n\n\n\n<li>Urgencia m\u00e9dica domiciliaria y traslado m\u00e9dico<\/li>\n\n\n\n<li>Ex\u00e1menes de diagn\u00f3stico simple y especializados<\/li>\n\n\n\n<li>Terapias f\u00edsica, ocupacional, lenguaje y respiratoria<\/li>\n\n\n\n<li>Odontologia general, emergencias, prevenci\u00f3n<\/li>\n\n\n\n<li>Renta diaria por hospitalizaci\u00f3n<\/li>\n<\/ul>\n\n\n\n<div class=\"wp-block-buttons alignfull is-horizontal is-content-justification-center is-layout-flex wp-container-core-buttons-is-layout-499968f5 wp-block-buttons-is-layout-flex\">\n<div class=\"wp-block-button\"><a class=\"wp-block-button__link has-white-color has-vivid-cyan-blue-background-color has-text-color has-background has-link-color wp-element-button\" href=\"https:\/\/bleidhysaboya-asesora.com\/index.php\/complementarios-2__trashed\/ambulatorio\/\" target=\"_blank\" rel=\"noreferrer noopener\">diferencias<\/a><\/div>\n<\/div>\n<\/div>\n<\/div>\n\n\n\n<h2 class=\"wp-block-heading has-text-align-center has-vivid-cyan-blue-color has-text-color has-link-color has-medium-font-size wp-elements-750941b4aea352cbde928807db016996\">Formulario de Contacto<\/h2>\n\n\n\n<div class=\"wp-block-columns is-layout-flex wp-container-core-columns-is-layout-9d6595d7 wp-block-columns-is-layout-flex\">\n<div class=\"wp-block-column is-layout-flow wp-block-column-is-layout-flow\" style=\"flex-basis:25%\"><\/div>\n\n\n\n<div class=\"wp-block-column is-layout-flow wp-block-column-is-layout-flow\" style=\"flex-basis:50%\">\n<div class=\"wp-block-contact-form-7-contact-form-selector\">\n<div class=\"wpcf7 no-js\" id=\"wpcf7-f462-o1\" lang=\"es-ES\" dir=\"ltr\" data-wpcf7-id=\"462\">\n<div class=\"screen-reader-response\"><p role=\"status\" aria-live=\"polite\" aria-atomic=\"true\"><\/p> <ul><\/ul><\/div>\n<form action=\"\/index.php\/wp-json\/wp\/v2\/pages\/532#wpcf7-f462-o1\" method=\"post\" class=\"wpcf7-form init\" aria-label=\"Formulario de contacto\" novalidate=\"novalidate\" data-status=\"init\">\n<fieldset class=\"hidden-fields-container\"><input type=\"hidden\" name=\"_wpcf7\" value=\"462\" \/><input type=\"hidden\" name=\"_wpcf7_version\" value=\"6.1.1\" \/><input type=\"hidden\" name=\"_wpcf7_locale\" value=\"es_ES\" \/><input type=\"hidden\" name=\"_wpcf7_unit_tag\" value=\"wpcf7-f462-o1\" \/><input type=\"hidden\" name=\"_wpcf7_container_post\" value=\"0\" \/><input type=\"hidden\" name=\"_wpcf7_posted_data_hash\" value=\"\" \/>\n<\/fieldset>\n<p><label> Tu nombre*<br \/>\n<span class=\"wpcf7-form-control-wrap\" data-name=\"your-name\"><input size=\"40\" maxlength=\"400\" class=\"wpcf7-form-control wpcf7-text wpcf7-validates-as-required\" aria-required=\"true\" aria-invalid=\"false\" value=\"\" type=\"text\" name=\"your-name\" \/><\/span> <\/label>\n<\/p>\n<p><label> Tu celular*<br \/>\n<span class=\"wpcf7-form-control-wrap\" data-name=\"tel-729\"><input size=\"40\" maxlength=\"400\" class=\"wpcf7-form-control wpcf7-tel wpcf7-text wpcf7-validates-as-tel\" aria-invalid=\"false\" value=\"\" type=\"tel\" name=\"tel-729\" \/><\/span> <\/label>\n<\/p>\n<p><label> Tu correo electr\u00f3nico*<br \/>\n<span class=\"wpcf7-form-control-wrap\" data-name=\"your-email\"><input size=\"40\" maxlength=\"400\" class=\"wpcf7-form-control wpcf7-email wpcf7-validates-as-required wpcf7-text wpcf7-validates-as-email\" aria-required=\"true\" aria-invalid=\"false\" value=\"\" type=\"email\" name=\"your-email\" \/><\/span> <\/label>\n<\/p>\n<p><label> Tu mensaje<br \/>\n<span class=\"wpcf7-form-control-wrap\" data-name=\"your-message\"><textarea cols=\"40\" rows=\"10\" maxlength=\"2000\" class=\"wpcf7-form-control wpcf7-textarea\" aria-invalid=\"false\" name=\"your-message\"><\/textarea><\/span> <\/label>\n<\/p>\n<p><span class=\"wpcf7-form-control-wrap\" data-name=\"acceptance-821\"><span class=\"wpcf7-form-control wpcf7-acceptance\"><span class=\"wpcf7-list-item\"><label><input type=\"checkbox\" name=\"acceptance-821\" value=\"1\" aria-invalid=\"false\" \/><span class=\"wpcf7-list-item-label\">He le\u00eddo y acepto la <a href=\"#\">pol\u00edtica de privacidad<a\\><\/span><\/label><\/span><\/span><\/span><label><br \/>\n<input class=\"wpcf7-form-control wpcf7-submit has-spinner\" type=\"submit\" value=\"Enviar\" \/><\/label>\n<\/p><p style=\"display: none !important;\" class=\"akismet-fields-container\" data-prefix=\"_wpcf7_ak_\"><label>&#916;<textarea name=\"_wpcf7_ak_hp_textarea\" cols=\"45\" rows=\"8\" maxlength=\"100\"><\/textarea><\/label><input type=\"hidden\" id=\"ak_js_1\" name=\"_wpcf7_ak_js\" value=\"205\"\/><script>document.getElementById( \"ak_js_1\" ).setAttribute( \"value\", ( new Date() ).getTime() );<\/script><\/p><div class=\"wpcf7-response-output\" aria-hidden=\"true\"><\/div>\n<\/form>\n<\/div>\n<\/div>\n<\/div>\n\n\n\n<div class=\"wp-block-column is-layout-flow wp-block-column-is-layout-flow\" style=\"flex-basis:25%\"><\/div>\n<\/div>\n","protected":false},"excerpt":{"rendered":"<p>Plan Salud Ideal P\u00f3liza de Hospitalizaci\u00f3n y Cirug\u00eda con Beneficios especiales Amparo B\u00e1sico Amparo Opcional Plan Ambulatorio P\u00f3liza de Atenci\u00f3n AmbulatoriaM\u00e9dica y Diagn\u00f3stica Amparo B\u00e1sico Plan Ambulatorio Especial P\u00f3liza de Atenci\u00f3n AmbulatoriaM\u00e9dica y Diagn\u00f3stica Amparo B\u00e1sico Formulario de Contacto<\/p>\n","protected":false},"author":1,"featured_media":0,"parent":0,"menu_order":0,"comment_status":"closed","ping_status":"closed","template":"","meta":{"om_disable_all_campaigns":false,"footnotes":""},"class_list":["post-532","page","type-page","status-publish","hentry"],"aioseo_notices":[],"_links":{"self":[{"href":"https:\/\/bleidhysaboya-asesora.com\/index.php\/wp-json\/wp\/v2\/pages\/532","targetHints":{"allow":["GET"]}}],"collection":[{"href":"https:\/\/bleidhysaboya-asesora.com\/index.php\/wp-json\/wp\/v2\/pages"}],"about":[{"href":"https:\/\/bleidhysaboya-asesora.com\/index.php\/wp-json\/wp\/v2\/types\/page"}],"author":[{"embeddable":true,"href":"https:\/\/bleidhysaboya-asesora.com\/index.php\/wp-json\/wp\/v2\/users\/1"}],"replies":[{"embeddable":true,"href":"https:\/\/bleidhysaboya-asesora.com\/index.php\/wp-json\/wp\/v2\/comments?post=532"}],"version-history":[{"count":17,"href":"https:\/\/bleidhysaboya-asesora.com\/index.php\/wp-json\/wp\/v2\/pages\/532\/revisions"}],"predecessor-version":[{"id":1213,"href":"https:\/\/bleidhysaboya-asesora.com\/index.php\/wp-json\/wp\/v2\/pages\/532\/revisions\/1213"}],"wp:attachment":[{"href":"https:\/\/bleidhysaboya-asesora.com\/index.php\/wp-json\/wp\/v2\/media?parent=532"}],"curies":[{"name":"wp","href":"https:\/\/api.w.org\/{rel}","templated":true}]}}