{"id":484,"date":"2022-09-29T02:16:01","date_gmt":"2022-09-29T07:16:01","guid":{"rendered":"https:\/\/bleidhysaboya-asesora.com\/?page_id=484"},"modified":"2026-03-25T13:55:51","modified_gmt":"2026-03-25T18:55:51","slug":"emermedica","status":"publish","type":"page","link":"https:\/\/bleidhysaboya-asesora.com\/index.php\/emermedica\/","title":{"rendered":"EMERMEDICA"},"content":{"rendered":"\n<div class=\"wp-block-columns is-layout-flex wp-container-core-columns-is-layout-9d6595d7 wp-block-columns-is-layout-flex\">\n<div class=\"wp-block-column is-layout-flow wp-block-column-is-layout-flow\" style=\"flex-basis:100%\"><\/div>\n\n\n\n<div class=\"wp-block-column is-layout-flow wp-block-column-is-layout-flow\"><\/div>\n\n\n\n<div class=\"wp-block-column is-layout-flow wp-block-column-is-layout-flow\"><\/div>\n<\/div>\n\n\n\n<div class=\"wp-block-columns is-layout-flex wp-container-core-columns-is-layout-9d6595d7 wp-block-columns-is-layout-flex\">\n<div class=\"wp-block-column is-layout-flow wp-block-column-is-layout-flow\">\n<figure class=\"wp-block-embed is-type-video is-provider-youtube wp-block-embed-youtube wp-embed-aspect-16-9 wp-has-aspect-ratio\"><div class=\"wp-block-embed__wrapper\">\n<iframe title=\"Emerm\u00e9dica\" width=\"525\" height=\"295\" src=\"https:\/\/www.youtube.com\/embed\/K6dKNX519Rc?feature=oembed\" frameborder=\"0\" allow=\"accelerometer; autoplay; clipboard-write; encrypted-media; gyroscope; picture-in-picture; web-share\" referrerpolicy=\"strict-origin-when-cross-origin\" allowfullscreen><\/iframe>\n<\/div><\/figure>\n\n\n\n<p class=\"has-text-align-center\"><strong>Atenci\u00f3n m\u00e9dica a domicilio, sin costos adicionales, sin esperas en salas de urgencias y sin riesgo de contagio. Acercamos la salud a la comodidad de tu hogar o lugar donde te encuentres, sin costo por inscripci\u00f3n ni pagos adicionales por el servicio. Emerm\u00e9dica resuelve de forma oportuna cualquier situaci\u00f3n que altere tu estado de salud.<\/strong><\/p>\n\n\n\n<p class=\"has-text-align-center\"><strong>Como servicio adicional complementa tu Plan de Beneficios de Salud o Medicina Prepagada\/P\u00f3liza de Salud. <\/strong><\/p>\n<\/div>\n<\/div>\n\n\n\n<div class=\"wp-block-columns alignwide is-layout-flex wp-container-core-columns-is-layout-9d6595d7 wp-block-columns-is-layout-flex\">\n<div class=\"wp-block-column has-vivid-cyan-blue-background-color has-text-color has-background has-link-color wp-elements-7e6d0c00fd5b8ca2eb53944c9285126a is-layout-flow wp-block-column-is-layout-flow\" style=\"color:#000000;padding-top:2em;padding-right:2em;padding-bottom:2em;padding-left:2em;font-size:20px;font-style:normal;font-weight:500\">\n<h3 class=\"wp-block-heading has-text-align-center has-white-color has-text-color has-link-color wp-elements-9695380ad19cf2b7866c57f1bf2d8883\" id=\"single\" style=\"font-size:40px\">Plan Integral Familiar<\/h3>\n\n\n\n<p class=\"has-text-align-center\"><strong>Personas Naturales<\/strong><\/p>\n\n\n\n<ul class=\"wp-block-list has-normal-font-size\">\n<li>Atenci\u00f3n m\u00e9dica en modalidad domiciliaria o telemedicina.<\/li>\n\n\n\n<li>Atenci\u00f3n pre-hospitalaria de urgencias.<\/li>\n\n\n\n<li>Atenci\u00f3n pre-hospitalaria de emergencias.<\/li>\n\n\n\n<li>Traslados asistidos a centros hospitalarios.<\/li>\n\n\n\n<li>Telemedicina* a trav\u00e9s de Video<\/li>\n<\/ul>\n\n\n\n<div class=\"wp-block-buttons alignfull is-horizontal is-content-justification-center is-layout-flex wp-container-core-buttons-is-layout-499968f5 wp-block-buttons-is-layout-flex\">\n<div class=\"wp-block-button is-style-fill\"><a class=\"wp-block-button__link has-white-background-color has-background wp-element-button\" href=\"https:\/\/bleidhysaboya-asesora.com\/index.php\/emermedica\/integral\/\" target=\"_blank\" rel=\"noreferrer noopener\">ver mas beneficios&#8230;<\/a><\/div>\n<\/div>\n<\/div>\n\n\n\n<div class=\"wp-block-column has-text-color has-background has-link-color has-medium-font-size wp-elements-6900a0636ef30fcd8b4a9b56e189dc8e is-layout-flow wp-block-column-is-layout-flow\" style=\"color:#000000;background-color:#f4caaa;padding-top:2em;padding-right:2em;padding-bottom:2em;padding-left:2em;font-style:normal;font-weight:500\">\n<h3 class=\"wp-block-heading has-text-align-center has-white-color has-text-color has-link-color wp-elements-58d17a6090c4d7574bbb96072da3d15d\" id=\"single\" style=\"font-size:40px\">Plan Preferencial Empleados<\/h3>\n\n\n\n<p class=\"has-text-align-center\"><strong>Convenio Empresarial<\/strong><\/p>\n\n\n\n<ul class=\"wp-block-list has-normal-font-size\">\n<li>Atenci\u00f3n m\u00e9dica domiciliaria.<\/li>\n\n\n\n<li>Atenci\u00f3n pre-hospitalaria de urgencias.<\/li>\n\n\n\n<li>Atenci\u00f3n pre-hospitalaria de emergencias.<\/li>\n\n\n\n<li>Traslados asistidos a centros hospitalarios.<\/li>\n\n\n\n<li>Telemedicina* a trav\u00e9s de Video.<\/li>\n<\/ul>\n\n\n\n<div class=\"wp-block-buttons alignfull is-horizontal is-content-justification-center is-layout-flex wp-container-core-buttons-is-layout-499968f5 wp-block-buttons-is-layout-flex\">\n<div class=\"wp-block-button\"><a class=\"wp-block-button__link has-white-background-color has-background wp-element-button\" href=\"https:\/\/bleidhysaboya-asesora.com\/index.php\/emermedica\/preferencial-empleados\/\" target=\"_blank\" rel=\"noreferrer noopener\">ver convenios&#8230;<\/a><\/div>\n<\/div>\n<\/div>\n\n\n\n<div class=\"wp-block-column has-text-color has-background has-link-color has-medium-font-size wp-elements-4a888d765e80b95f61c9ccf882633412 is-layout-flow wp-block-column-is-layout-flow\" style=\"color:#000000;background-color:#c0ebf1;padding-top:2em;padding-right:2em;padding-bottom:2em;padding-left:2em;font-style:normal;font-weight:500\">\n<h3 class=\"wp-block-heading has-text-align-center has-white-color has-text-color has-link-color wp-elements-e3bf5fd7b52368dfc13df83299bdad48\" id=\"patron\" style=\"font-size:40px\">Area Protegida<\/h3>\n\n\n\n<p class=\"has-text-align-center\"><strong>Empleados, proveedores, clientes, estudiantes y visitantes<\/strong><\/p>\n\n\n\n<ul class=\"wp-block-list has-normal-font-size\">\n<li>Atenci\u00f3n pre-hospitalaria de urgencias.<\/li>\n\n\n\n<li>Atenci\u00f3n pre-hospitalaria de emergencias.<\/li>\n\n\n\n<li>Traslados asistidos a centros hospitalarios.<\/li>\n\n\n\n<li>Orientaci\u00f3n m\u00e9dica telef\u00f3nica.<\/li>\n\n\n\n<li>Teleconsulta para casos probables, leves y moderados, de COVID-19.<\/li>\n<\/ul>\n\n\n\n<div class=\"wp-block-buttons alignfull is-horizontal is-content-justification-center is-layout-flex wp-container-core-buttons-is-layout-499968f5 wp-block-buttons-is-layout-flex\">\n<div class=\"wp-block-button\"><a class=\"wp-block-button__link has-white-background-color has-background wp-element-button\" href=\"https:\/\/bleidhysaboya-asesora.com\/index.php\/emermedica\/areas-protegidas\/\" target=\"_blank\" rel=\"noreferrer noopener\">ver valores agregados<\/a><\/div>\n<\/div>\n<\/div>\n<\/div>\n\n\n\n<div class=\"wp-block-columns is-layout-flex wp-container-core-columns-is-layout-9d6595d7 wp-block-columns-is-layout-flex\">\n<div class=\"wp-block-column is-layout-flow wp-block-column-is-layout-flow\"><div class=\"wp-block-image is-style-default\">\n<figure class=\"aligncenter size-full\"><img fetchpriority=\"high\" decoding=\"async\" width=\"940\" height=\"604\" src=\"https:\/\/bleidhysaboya-asesora.com\/wp-content\/uploads\/2022\/10\/Triage.png\" alt=\"\" class=\"wp-image-868\" style=\"aspect-ratio:3\/2;object-fit:contain\" srcset=\"https:\/\/bleidhysaboya-asesora.com\/wp-content\/uploads\/2022\/10\/Triage.png 940w, https:\/\/bleidhysaboya-asesora.com\/wp-content\/uploads\/2022\/10\/Triage-300x193.png 300w, https:\/\/bleidhysaboya-asesora.com\/wp-content\/uploads\/2022\/10\/Triage-768x493.png 768w\" sizes=\"(max-width: 940px) 100vw, 940px\" \/><\/figure>\n<\/div><\/div>\n\n\n\n<div class=\"wp-block-column is-layout-flow wp-block-column-is-layout-flow\">\n<figure class=\"wp-block-image size-full\"><img decoding=\"async\" width=\"919\" height=\"673\" src=\"https:\/\/bleidhysaboya-asesora.com\/wp-content\/uploads\/2022\/10\/Lineas-de-atencion.jpg\" alt=\"\" class=\"wp-image-870\" srcset=\"https:\/\/bleidhysaboya-asesora.com\/wp-content\/uploads\/2022\/10\/Lineas-de-atencion.jpg 919w, https:\/\/bleidhysaboya-asesora.com\/wp-content\/uploads\/2022\/10\/Lineas-de-atencion-300x220.jpg 300w, https:\/\/bleidhysaboya-asesora.com\/wp-content\/uploads\/2022\/10\/Lineas-de-atencion-768x562.jpg 768w\" sizes=\"(max-width: 919px) 100vw, 919px\" \/><\/figure>\n<\/div>\n<\/div>\n\n\n\n<h2 class=\"wp-block-heading has-text-align-center has-vivid-cyan-blue-color has-text-color has-link-color has-large-font-size wp-elements-1afbfbd821e7e515812384d0616d6252\"><strong>Formulario de Contacto<\/strong><\/h2>\n\n\n\n<div class=\"wp-block-columns is-layout-flex wp-container-core-columns-is-layout-9d6595d7 wp-block-columns-is-layout-flex\">\n<div class=\"wp-block-column is-layout-flow wp-block-column-is-layout-flow\"><div class=\"wp-block-image\">\n<figure class=\"alignright size-full\"><img decoding=\"async\" width=\"377\" height=\"324\" src=\"https:\/\/bleidhysaboya-asesora.com\/wp-content\/uploads\/2022\/10\/Emermedica1.jpg\" alt=\"\" class=\"wp-image-862\" srcset=\"https:\/\/bleidhysaboya-asesora.com\/wp-content\/uploads\/2022\/10\/Emermedica1.jpg 377w, https:\/\/bleidhysaboya-asesora.com\/wp-content\/uploads\/2022\/10\/Emermedica1-300x258.jpg 300w\" sizes=\"(max-width: 377px) 100vw, 377px\" \/><\/figure>\n<\/div><\/div>\n\n\n\n<div class=\"wp-block-column is-layout-flow wp-block-column-is-layout-flow\">\n<div class=\"wp-block-contact-form-7-contact-form-selector\">\n<div class=\"wpcf7 no-js\" id=\"wpcf7-f462-o1\" lang=\"es-ES\" dir=\"ltr\" data-wpcf7-id=\"462\">\n<div class=\"screen-reader-response\"><p role=\"status\" aria-live=\"polite\" aria-atomic=\"true\"><\/p> <ul><\/ul><\/div>\n<form action=\"\/index.php\/wp-json\/wp\/v2\/pages\/484#wpcf7-f462-o1\" method=\"post\" class=\"wpcf7-form init\" aria-label=\"Formulario de contacto\" novalidate=\"novalidate\" data-status=\"init\">\n<fieldset class=\"hidden-fields-container\"><input type=\"hidden\" name=\"_wpcf7\" value=\"462\" \/><input type=\"hidden\" name=\"_wpcf7_version\" value=\"6.1.1\" \/><input type=\"hidden\" name=\"_wpcf7_locale\" value=\"es_ES\" \/><input type=\"hidden\" name=\"_wpcf7_unit_tag\" value=\"wpcf7-f462-o1\" \/><input type=\"hidden\" name=\"_wpcf7_container_post\" value=\"0\" \/><input type=\"hidden\" name=\"_wpcf7_posted_data_hash\" value=\"\" \/>\n<\/fieldset>\n<p><label> Tu nombre*<br \/>\n<span class=\"wpcf7-form-control-wrap\" data-name=\"your-name\"><input size=\"40\" maxlength=\"400\" class=\"wpcf7-form-control wpcf7-text wpcf7-validates-as-required\" aria-required=\"true\" aria-invalid=\"false\" value=\"\" type=\"text\" name=\"your-name\" \/><\/span> <\/label>\n<\/p>\n<p><label> Tu celular*<br \/>\n<span class=\"wpcf7-form-control-wrap\" data-name=\"tel-729\"><input size=\"40\" maxlength=\"400\" class=\"wpcf7-form-control wpcf7-tel wpcf7-text wpcf7-validates-as-tel\" aria-invalid=\"false\" value=\"\" type=\"tel\" name=\"tel-729\" \/><\/span> <\/label>\n<\/p>\n<p><label> Tu correo electr\u00f3nico*<br \/>\n<span class=\"wpcf7-form-control-wrap\" data-name=\"your-email\"><input size=\"40\" maxlength=\"400\" class=\"wpcf7-form-control wpcf7-email wpcf7-validates-as-required wpcf7-text wpcf7-validates-as-email\" aria-required=\"true\" aria-invalid=\"false\" value=\"\" type=\"email\" name=\"your-email\" \/><\/span> <\/label>\n<\/p>\n<p><label> Tu mensaje<br \/>\n<span class=\"wpcf7-form-control-wrap\" data-name=\"your-message\"><textarea cols=\"40\" rows=\"10\" maxlength=\"2000\" class=\"wpcf7-form-control wpcf7-textarea\" aria-invalid=\"false\" name=\"your-message\"><\/textarea><\/span> <\/label>\n<\/p>\n<p><span class=\"wpcf7-form-control-wrap\" data-name=\"acceptance-821\"><span class=\"wpcf7-form-control wpcf7-acceptance\"><span class=\"wpcf7-list-item\"><label><input type=\"checkbox\" name=\"acceptance-821\" value=\"1\" aria-invalid=\"false\" \/><span class=\"wpcf7-list-item-label\">He le\u00eddo y acepto la <a href=\"#\">pol\u00edtica de privacidad<a\\><\/span><\/label><\/span><\/span><\/span><label><br \/>\n<input class=\"wpcf7-form-control wpcf7-submit has-spinner\" type=\"submit\" value=\"Enviar\" \/><\/label>\n<\/p><p style=\"display: none !important;\" class=\"akismet-fields-container\" data-prefix=\"_wpcf7_ak_\"><label>&#916;<textarea name=\"_wpcf7_ak_hp_textarea\" cols=\"45\" rows=\"8\" maxlength=\"100\"><\/textarea><\/label><input type=\"hidden\" id=\"ak_js_1\" name=\"_wpcf7_ak_js\" value=\"209\"\/><script>document.getElementById( \"ak_js_1\" ).setAttribute( \"value\", ( new Date() ).getTime() );<\/script><\/p><div class=\"wpcf7-response-output\" aria-hidden=\"true\"><\/div>\n<\/form>\n<\/div>\n<\/div>\n<\/div>\n<\/div>\n\n\n\n<p><\/p>\n","protected":false},"excerpt":{"rendered":"<p>Atenci\u00f3n m\u00e9dica a domicilio, sin costos adicionales, sin esperas en salas de urgencias y sin riesgo de contagio. Acercamos la salud a la comodidad de tu hogar o lugar donde te encuentres, sin costo por inscripci\u00f3n ni pagos adicionales por el servicio. Emerm\u00e9dica resuelve de forma oportuna cualquier situaci\u00f3n que altere tu estado de salud. [&hellip;]<\/p>\n","protected":false},"author":1,"featured_media":0,"parent":0,"menu_order":0,"comment_status":"closed","ping_status":"closed","template":"","meta":{"om_disable_all_campaigns":false,"footnotes":""},"class_list":["post-484","page","type-page","status-publish","hentry"],"aioseo_notices":[],"_links":{"self":[{"href":"https:\/\/bleidhysaboya-asesora.com\/index.php\/wp-json\/wp\/v2\/pages\/484","targetHints":{"allow":["GET"]}}],"collection":[{"href":"https:\/\/bleidhysaboya-asesora.com\/index.php\/wp-json\/wp\/v2\/pages"}],"about":[{"href":"https:\/\/bleidhysaboya-asesora.com\/index.php\/wp-json\/wp\/v2\/types\/page"}],"author":[{"embeddable":true,"href":"https:\/\/bleidhysaboya-asesora.com\/index.php\/wp-json\/wp\/v2\/users\/1"}],"replies":[{"embeddable":true,"href":"https:\/\/bleidhysaboya-asesora.com\/index.php\/wp-json\/wp\/v2\/comments?post=484"}],"version-history":[{"count":16,"href":"https:\/\/bleidhysaboya-asesora.com\/index.php\/wp-json\/wp\/v2\/pages\/484\/revisions"}],"predecessor-version":[{"id":1685,"href":"https:\/\/bleidhysaboya-asesora.com\/index.php\/wp-json\/wp\/v2\/pages\/484\/revisions\/1685"}],"wp:attachment":[{"href":"https:\/\/bleidhysaboya-asesora.com\/index.php\/wp-json\/wp\/v2\/media?parent=484"}],"curies":[{"name":"wp","href":"https:\/\/api.w.org\/{rel}","templated":true}]}}