{"id":483,"date":"2022-09-29T02:16:01","date_gmt":"2022-09-29T07:16:01","guid":{"rendered":"https:\/\/bleidhysaboya-asesora.com\/?page_id=483"},"modified":"2026-01-07T12:09:46","modified_gmt":"2026-01-07T17:09:46","slug":"plan-dental","status":"publish","type":"page","link":"https:\/\/bleidhysaboya-asesora.com\/index.php\/plan-dental\/","title":{"rendered":"PLAN DENTAL"},"content":{"rendered":"\n<div class=\"wp-block-columns is-layout-flex wp-container-core-columns-is-layout-9d6595d7 wp-block-columns-is-layout-flex\">\n<div class=\"wp-block-column is-layout-flow wp-block-column-is-layout-flow\"><\/div>\n<\/div>\n\n\n\n<div class=\"wp-block-columns is-layout-flex wp-container-core-columns-is-layout-9d6595d7 wp-block-columns-is-layout-flex\">\n<div class=\"wp-block-column is-layout-flow wp-block-column-is-layout-flow\">\n<h2 class=\"wp-block-heading has-vivid-cyan-blue-color has-text-color has-link-color wp-elements-6e822a02de35be9bd221680df9aa71a3\">Beneficios<\/h2>\n\n\n\n<hr class=\"wp-block-separator has-alpha-channel-opacity\"\/>\n\n\n\n<ul class=\"wp-block-list\">\n<li><strong>Acceso a servicios integrales de Odontolog\u00eda<\/strong><\/li>\n\n\n\n<li><strong>Cobertura en las diferentes especialidades <\/strong><\/li>\n\n\n\n<li><strong>L\u00ednea de Orientaci\u00f3n Telef\u00f3nica<\/strong><\/li>\n\n\n\n<li><strong>Sin Preexistencias<\/strong><\/li>\n\n\n\n<li><strong>Edad de ingreso ilimitada<\/strong><\/li>\n\n\n\n<li><strong>Sin evaluaci\u00f3n de riesgo<\/strong><\/li>\n\n\n\n<li><strong>Renovaci\u00f3n autom\u00e1tic<\/strong>a<\/li>\n<\/ul>\n\n\n\n<figure class=\"wp-block-image size-large\"><img fetchpriority=\"high\" decoding=\"async\" width=\"1024\" height=\"701\" src=\"https:\/\/bleidhysaboya-asesora.com\/wp-content\/uploads\/2022\/10\/Dental-Planes--1024x701.jpg\" alt=\"\" class=\"wp-image-714\" srcset=\"https:\/\/bleidhysaboya-asesora.com\/wp-content\/uploads\/2022\/10\/Dental-Planes--1024x701.jpg 1024w, https:\/\/bleidhysaboya-asesora.com\/wp-content\/uploads\/2022\/10\/Dental-Planes--300x205.jpg 300w, https:\/\/bleidhysaboya-asesora.com\/wp-content\/uploads\/2022\/10\/Dental-Planes--768x525.jpg 768w, https:\/\/bleidhysaboya-asesora.com\/wp-content\/uploads\/2022\/10\/Dental-Planes-.jpg 1083w\" sizes=\"(max-width: 1024px) 100vw, 1024px\" \/><\/figure>\n\n\n\n<hr class=\"wp-block-separator has-alpha-channel-opacity\"\/>\n\n\n\n<div class=\"wp-block-group\"><div class=\"wp-block-group__inner-container is-layout-flow wp-block-group-is-layout-flow\">\n<h2 class=\"wp-block-heading has-vivid-cyan-blue-color has-text-color has-link-color wp-elements-30f4d3c8fd020e804d1596416d59d1fe\">Condiciones<\/h2>\n\n\n\n<p><strong>Todos los usuarios deben estar afiliados a EPS del R\u00e9gimen Contributivo o R\u00e9gimen Especial<\/strong><\/p>\n\n\n\n<h4 class=\"wp-block-heading has-vivid-cyan-blue-color has-text-color has-link-color wp-elements-02a4e55d337f67c0c288fc5016eebb49\"><a href=\"https:\/\/bleidhysaboya-asesora.com\/wp-content\/uploads\/2025\/10\/clausulado-plan-dental.pdf\" target=\"_blank\" rel=\"noopener\" title=\"\">CLAUSULADO<\/a><\/h4>\n\n\n\n<h4 class=\"wp-block-heading has-vivid-cyan-blue-color has-text-color has-link-color wp-elements-5f7d6ce1026467621814be537c7d86ee\"><a href=\"https:\/\/www.e-dentalsys.com\/app\/Publico\/lista_clinicas.aspx?serial_suc_id=D75AFCD0-E4B7-4A38-9EC3-A8F5E08A41C0\" target=\"_blank\" rel=\"noopener\" title=\"\">RED DE ATENCI\u00d3N<\/a><\/h4>\n\n\n\n<h4 class=\"wp-block-heading has-vivid-cyan-blue-color has-text-color has-link-color wp-elements-69853a09ccee554148f441a2b7624549\"><a href=\"https:\/\/bleidhysaboya-asesora.com\/wp-content\/uploads\/2026\/01\/Cartilla-Plan-Dental-VIP-2026.pdf\" target=\"_blank\" rel=\"noopener\" title=\"\">MANUAL UTILIZACI\u00d3N &#8211; PLAN VIP<\/a><\/h4>\n\n\n\n<h4 class=\"wp-block-heading has-vivid-cyan-blue-color has-text-color has-link-color wp-elements-8744335c2d7c0591ab81f002442eba79\"><a href=\"https:\/\/bleidhysaboya-asesora.com\/wp-content\/uploads\/2026\/01\/Cartilla-Plan-Dental-Ejecutivo-2026.pdf\" target=\"_blank\" rel=\"noopener\" title=\"\">MANUAL UTILIZACI\u00d3N &#8211; PLAN EJECUTIVO<\/a><\/h4>\n\n\n\n<h4 class=\"wp-block-heading has-vivid-cyan-blue-color has-text-color has-link-color wp-elements-7806981096151e322a38fba472ee8626\"><a href=\"https:\/\/bleidhysaboya-asesora.com\/wp-content\/uploads\/2026\/01\/Cartilla-Plan-Dental-Plus-2026.pdf\" target=\"_blank\" rel=\"noopener\" title=\"\">MANUAL UTILIZACI\u00d3N &#8211; PLAN PLUS<\/a><\/h4>\n<\/div><\/div>\n<\/div>\n\n\n\n<div class=\"wp-block-column is-layout-flow wp-block-column-is-layout-flow\">\n<figure class=\"wp-block-image size-full\"><img decoding=\"async\" width=\"952\" height=\"783\" src=\"https:\/\/bleidhysaboya-asesora.com\/wp-content\/uploads\/2022\/10\/Dental-Coberturas.jpg\" alt=\"\" class=\"wp-image-715\" srcset=\"https:\/\/bleidhysaboya-asesora.com\/wp-content\/uploads\/2022\/10\/Dental-Coberturas.jpg 952w, https:\/\/bleidhysaboya-asesora.com\/wp-content\/uploads\/2022\/10\/Dental-Coberturas-300x247.jpg 300w, https:\/\/bleidhysaboya-asesora.com\/wp-content\/uploads\/2022\/10\/Dental-Coberturas-768x632.jpg 768w\" sizes=\"(max-width: 952px) 100vw, 952px\" \/><\/figure>\n\n\n\n<figure class=\"wp-block-image size-large\"><img decoding=\"async\" width=\"1024\" height=\"661\" src=\"https:\/\/bleidhysaboya-asesora.com\/wp-content\/uploads\/2022\/10\/Detalle-Coberturas-Dental-1024x661.jpg\" alt=\"\" class=\"wp-image-890\" srcset=\"https:\/\/bleidhysaboya-asesora.com\/wp-content\/uploads\/2022\/10\/Detalle-Coberturas-Dental-1024x661.jpg 1024w, https:\/\/bleidhysaboya-asesora.com\/wp-content\/uploads\/2022\/10\/Detalle-Coberturas-Dental-300x194.jpg 300w, https:\/\/bleidhysaboya-asesora.com\/wp-content\/uploads\/2022\/10\/Detalle-Coberturas-Dental-768x496.jpg 768w, https:\/\/bleidhysaboya-asesora.com\/wp-content\/uploads\/2022\/10\/Detalle-Coberturas-Dental.jpg 1195w\" sizes=\"(max-width: 1024px) 100vw, 1024px\" \/><\/figure>\n<\/div>\n<\/div>\n\n\n\n<hr class=\"wp-block-separator has-alpha-channel-opacity\"\/>\n\n\n\n<h2 class=\"wp-block-heading has-text-align-center has-vivid-cyan-blue-color has-text-color has-link-color wp-elements-9d013ed19d21a902c320b33227c62ea1\">Formulario de Contacto<\/h2>\n\n\n\n<div class=\"wp-block-columns is-layout-flex wp-container-core-columns-is-layout-9d6595d7 wp-block-columns-is-layout-flex\">\n<div class=\"wp-block-column is-layout-flow wp-block-column-is-layout-flow\" style=\"flex-basis:25%\"><\/div>\n\n\n\n<div class=\"wp-block-column is-layout-flow wp-block-column-is-layout-flow\" style=\"flex-basis:50%\">\n<div class=\"wp-block-contact-form-7-contact-form-selector\">\n<div class=\"wpcf7 no-js\" id=\"wpcf7-f462-o1\" lang=\"es-ES\" dir=\"ltr\" data-wpcf7-id=\"462\">\n<div class=\"screen-reader-response\"><p role=\"status\" aria-live=\"polite\" aria-atomic=\"true\"><\/p> <ul><\/ul><\/div>\n<form action=\"\/index.php\/wp-json\/wp\/v2\/pages\/483#wpcf7-f462-o1\" method=\"post\" class=\"wpcf7-form init\" aria-label=\"Formulario de contacto\" novalidate=\"novalidate\" data-status=\"init\">\n<fieldset class=\"hidden-fields-container\"><input type=\"hidden\" name=\"_wpcf7\" value=\"462\" \/><input type=\"hidden\" name=\"_wpcf7_version\" value=\"6.1.1\" \/><input type=\"hidden\" name=\"_wpcf7_locale\" value=\"es_ES\" \/><input type=\"hidden\" name=\"_wpcf7_unit_tag\" value=\"wpcf7-f462-o1\" \/><input type=\"hidden\" name=\"_wpcf7_container_post\" value=\"0\" \/><input type=\"hidden\" name=\"_wpcf7_posted_data_hash\" value=\"\" \/>\n<\/fieldset>\n<p><label> Tu nombre*<br \/>\n<span class=\"wpcf7-form-control-wrap\" data-name=\"your-name\"><input size=\"40\" maxlength=\"400\" class=\"wpcf7-form-control wpcf7-text wpcf7-validates-as-required\" aria-required=\"true\" aria-invalid=\"false\" value=\"\" type=\"text\" name=\"your-name\" \/><\/span> <\/label>\n<\/p>\n<p><label> Tu celular*<br \/>\n<span class=\"wpcf7-form-control-wrap\" data-name=\"tel-729\"><input size=\"40\" maxlength=\"400\" class=\"wpcf7-form-control wpcf7-tel wpcf7-text wpcf7-validates-as-tel\" aria-invalid=\"false\" value=\"\" type=\"tel\" name=\"tel-729\" \/><\/span> <\/label>\n<\/p>\n<p><label> Tu correo electr\u00f3nico*<br \/>\n<span class=\"wpcf7-form-control-wrap\" data-name=\"your-email\"><input size=\"40\" maxlength=\"400\" class=\"wpcf7-form-control wpcf7-email wpcf7-validates-as-required wpcf7-text wpcf7-validates-as-email\" aria-required=\"true\" aria-invalid=\"false\" value=\"\" type=\"email\" name=\"your-email\" \/><\/span> <\/label>\n<\/p>\n<p><label> Tu mensaje<br \/>\n<span class=\"wpcf7-form-control-wrap\" data-name=\"your-message\"><textarea cols=\"40\" rows=\"10\" maxlength=\"2000\" class=\"wpcf7-form-control wpcf7-textarea\" aria-invalid=\"false\" name=\"your-message\"><\/textarea><\/span> <\/label>\n<\/p>\n<p><span class=\"wpcf7-form-control-wrap\" data-name=\"acceptance-821\"><span class=\"wpcf7-form-control wpcf7-acceptance\"><span class=\"wpcf7-list-item\"><label><input type=\"checkbox\" name=\"acceptance-821\" value=\"1\" aria-invalid=\"false\" \/><span class=\"wpcf7-list-item-label\">He le\u00eddo y acepto la <a href=\"#\">pol\u00edtica de privacidad<a\\><\/span><\/label><\/span><\/span><\/span><label><br \/>\n<input class=\"wpcf7-form-control wpcf7-submit has-spinner\" type=\"submit\" value=\"Enviar\" \/><\/label>\n<\/p><p style=\"display: none !important;\" class=\"akismet-fields-container\" data-prefix=\"_wpcf7_ak_\"><label>&#916;<textarea name=\"_wpcf7_ak_hp_textarea\" cols=\"45\" rows=\"8\" maxlength=\"100\"><\/textarea><\/label><input type=\"hidden\" id=\"ak_js_1\" name=\"_wpcf7_ak_js\" value=\"145\"\/><script>document.getElementById( \"ak_js_1\" ).setAttribute( \"value\", ( new Date() ).getTime() );<\/script><\/p><div class=\"wpcf7-response-output\" aria-hidden=\"true\"><\/div>\n<\/form>\n<\/div>\n<\/div>\n<\/div>\n\n\n\n<div class=\"wp-block-column is-layout-flow wp-block-column-is-layout-flow\" style=\"flex-basis:25%\"><\/div>\n<\/div>\n","protected":false},"excerpt":{"rendered":"<p>Beneficios Condiciones Todos los usuarios deben estar afiliados a EPS del R\u00e9gimen Contributivo o R\u00e9gimen Especial CLAUSULADO RED DE ATENCI\u00d3N MANUAL UTILIZACI\u00d3N &#8211; PLAN VIP MANUAL UTILIZACI\u00d3N &#8211; PLAN EJECUTIVO MANUAL UTILIZACI\u00d3N &#8211; PLAN PLUS Formulario de Contacto<\/p>\n","protected":false},"author":1,"featured_media":0,"parent":0,"menu_order":0,"comment_status":"closed","ping_status":"closed","template":"","meta":{"om_disable_all_campaigns":false,"footnotes":""},"class_list":["post-483","page","type-page","status-publish","hentry"],"aioseo_notices":[],"_links":{"self":[{"href":"https:\/\/bleidhysaboya-asesora.com\/index.php\/wp-json\/wp\/v2\/pages\/483","targetHints":{"allow":["GET"]}}],"collection":[{"href":"https:\/\/bleidhysaboya-asesora.com\/index.php\/wp-json\/wp\/v2\/pages"}],"about":[{"href":"https:\/\/bleidhysaboya-asesora.com\/index.php\/wp-json\/wp\/v2\/types\/page"}],"author":[{"embeddable":true,"href":"https:\/\/bleidhysaboya-asesora.com\/index.php\/wp-json\/wp\/v2\/users\/1"}],"replies":[{"embeddable":true,"href":"https:\/\/bleidhysaboya-asesora.com\/index.php\/wp-json\/wp\/v2\/comments?post=483"}],"version-history":[{"count":16,"href":"https:\/\/bleidhysaboya-asesora.com\/index.php\/wp-json\/wp\/v2\/pages\/483\/revisions"}],"predecessor-version":[{"id":1586,"href":"https:\/\/bleidhysaboya-asesora.com\/index.php\/wp-json\/wp\/v2\/pages\/483\/revisions\/1586"}],"wp:attachment":[{"href":"https:\/\/bleidhysaboya-asesora.com\/index.php\/wp-json\/wp\/v2\/media?parent=483"}],"curies":[{"name":"wp","href":"https:\/\/api.w.org\/{rel}","templated":true}]}}