{"id":48,"date":"2022-09-28T00:35:40","date_gmt":"2022-09-28T05:35:40","guid":{"rendered":"https:\/\/bleidhysaboya-asesora.com\/?page_id=48"},"modified":"2025-10-29T18:17:25","modified_gmt":"2025-10-29T23:17:25","slug":"preferencial-empleados","status":"publish","type":"page","link":"https:\/\/bleidhysaboya-asesora.com\/index.php\/emermedica\/preferencial-empleados\/","title":{"rendered":"Plan Preferencial Empleados"},"content":{"rendered":"\n<div class=\"wp-block-columns is-layout-flex wp-container-core-columns-is-layout-9d6595d7 wp-block-columns-is-layout-flex\">\n<div class=\"wp-block-column is-layout-flow wp-block-column-is-layout-flow\">\n<figure class=\"wp-block-image size-full\"><img fetchpriority=\"high\" decoding=\"async\" width=\"940\" height=\"688\" src=\"https:\/\/bleidhysaboya-asesora.com\/wp-content\/uploads\/2022\/10\/Preferencial-Empleados-.png\" alt=\"\" class=\"wp-image-858\" srcset=\"https:\/\/bleidhysaboya-asesora.com\/wp-content\/uploads\/2022\/10\/Preferencial-Empleados-.png 940w, https:\/\/bleidhysaboya-asesora.com\/wp-content\/uploads\/2022\/10\/Preferencial-Empleados--300x220.png 300w, https:\/\/bleidhysaboya-asesora.com\/wp-content\/uploads\/2022\/10\/Preferencial-Empleados--768x562.png 768w\" sizes=\"(max-width: 940px) 100vw, 940px\" \/><\/figure>\n\n\n\n<h2 class=\"wp-block-heading\">SERVICIOS B\u00c1SICOS<\/h2>\n\n\n\n<figure class=\"wp-block-image size-full\"><img decoding=\"async\" width=\"760\" height=\"224\" src=\"https:\/\/bleidhysaboya-asesora.com\/wp-content\/uploads\/2022\/10\/Beneficios-Basicos-.jpg\" alt=\"\" class=\"wp-image-845\" srcset=\"https:\/\/bleidhysaboya-asesora.com\/wp-content\/uploads\/2022\/10\/Beneficios-Basicos-.jpg 760w, https:\/\/bleidhysaboya-asesora.com\/wp-content\/uploads\/2022\/10\/Beneficios-Basicos--300x88.jpg 300w\" sizes=\"(max-width: 760px) 100vw, 760px\" \/><\/figure>\n\n\n\n<h2 class=\"wp-block-heading\">Atendi\u00f3n M\u00e9dica Domiciliaria<\/h2>\n\n\n\n<div class=\"wp-block-columns is-layout-flex wp-container-core-columns-is-layout-9d6595d7 wp-block-columns-is-layout-flex\">\n<div class=\"wp-block-column is-layout-flow wp-block-column-is-layout-flow\">\n<figure class=\"wp-block-image size-full\"><img decoding=\"async\" width=\"530\" height=\"361\" src=\"https:\/\/bleidhysaboya-asesora.com\/wp-content\/uploads\/2022\/10\/Emermedica2.jpg\" alt=\"\" class=\"wp-image-861\" srcset=\"https:\/\/bleidhysaboya-asesora.com\/wp-content\/uploads\/2022\/10\/Emermedica2.jpg 530w, https:\/\/bleidhysaboya-asesora.com\/wp-content\/uploads\/2022\/10\/Emermedica2-300x204.jpg 300w\" sizes=\"(max-width: 530px) 100vw, 530px\" \/><figcaption class=\"wp-element-caption\"><strong>ATENCI\u00d3N M\u00c9DICA EN EL SITIO<\/strong><\/figcaption><\/figure>\n<\/div>\n\n\n\n<div class=\"wp-block-column is-layout-flow wp-block-column-is-layout-flow\">\n<figure class=\"wp-block-image size-full\"><img loading=\"lazy\" decoding=\"async\" width=\"377\" height=\"324\" src=\"https:\/\/bleidhysaboya-asesora.com\/wp-content\/uploads\/2022\/10\/Emermedica1.jpg\" alt=\"\" class=\"wp-image-862\" srcset=\"https:\/\/bleidhysaboya-asesora.com\/wp-content\/uploads\/2022\/10\/Emermedica1.jpg 377w, https:\/\/bleidhysaboya-asesora.com\/wp-content\/uploads\/2022\/10\/Emermedica1-300x258.jpg 300w\" sizes=\"(max-width: 377px) 100vw, 377px\" \/><\/figure>\n<\/div>\n<\/div>\n\n\n\n<figure class=\"wp-block-image size-full\"><img loading=\"lazy\" decoding=\"async\" width=\"940\" height=\"575\" src=\"https:\/\/bleidhysaboya-asesora.com\/wp-content\/uploads\/2022\/10\/URGENCIAS.png\" alt=\"\" class=\"wp-image-863\" srcset=\"https:\/\/bleidhysaboya-asesora.com\/wp-content\/uploads\/2022\/10\/URGENCIAS.png 940w, https:\/\/bleidhysaboya-asesora.com\/wp-content\/uploads\/2022\/10\/URGENCIAS-300x184.png 300w, https:\/\/bleidhysaboya-asesora.com\/wp-content\/uploads\/2022\/10\/URGENCIAS-768x470.png 768w\" sizes=\"(max-width: 940px) 100vw, 940px\" \/><\/figure>\n\n\n\n<figure class=\"wp-block-image size-full\"><img loading=\"lazy\" decoding=\"async\" width=\"940\" height=\"480\" src=\"https:\/\/bleidhysaboya-asesora.com\/wp-content\/uploads\/2022\/10\/EMERGENCIAS.png\" alt=\"\" class=\"wp-image-864\" srcset=\"https:\/\/bleidhysaboya-asesora.com\/wp-content\/uploads\/2022\/10\/EMERGENCIAS.png 940w, https:\/\/bleidhysaboya-asesora.com\/wp-content\/uploads\/2022\/10\/EMERGENCIAS-300x153.png 300w, https:\/\/bleidhysaboya-asesora.com\/wp-content\/uploads\/2022\/10\/EMERGENCIAS-768x392.png 768w\" sizes=\"(max-width: 940px) 100vw, 940px\" \/><\/figure>\n<\/div>\n\n\n\n<div class=\"wp-block-column is-layout-flow wp-block-column-is-layout-flow\">\n<p class=\"has-text-align-center\"><strong>A trav\u00e9s de un convenio empresarial, sus empleados y familiares estar\u00e1n protegidos en caso que sufran alguna alteraci\u00f3n en su estado de salud.<\/strong><\/p>\n\n\n\n<p class=\"has-text-align-center\"><strong>Se beneficiar\u00e1n de una Tarifa Preferencial, pagada por el empleador como beneficio laboral o por descuento de n\u00f3mina.<\/strong><\/p>\n\n\n\n<p class=\"has-text-align-center\"><strong>Se requieren m\u00ednimo 10 usuarios para su creaci\u00f3n<\/strong>.<\/p>\n\n\n\n<figure class=\"wp-block-image size-full\"><img loading=\"lazy\" decoding=\"async\" width=\"940\" height=\"788\" src=\"https:\/\/bleidhysaboya-asesora.com\/wp-content\/uploads\/2022\/10\/Beneficios-Adicionales.png\" alt=\"\" class=\"wp-image-843\" srcset=\"https:\/\/bleidhysaboya-asesora.com\/wp-content\/uploads\/2022\/10\/Beneficios-Adicionales.png 940w, https:\/\/bleidhysaboya-asesora.com\/wp-content\/uploads\/2022\/10\/Beneficios-Adicionales-300x251.png 300w, https:\/\/bleidhysaboya-asesora.com\/wp-content\/uploads\/2022\/10\/Beneficios-Adicionales-768x644.png 768w\" sizes=\"(max-width: 940px) 100vw, 940px\" \/><\/figure>\n\n\n\n<figure class=\"wp-block-image size-full\"><img loading=\"lazy\" decoding=\"async\" width=\"895\" height=\"673\" src=\"https:\/\/bleidhysaboya-asesora.com\/wp-content\/uploads\/2022\/10\/Toma-de-muestras-.jpg\" alt=\"\" class=\"wp-image-848\" srcset=\"https:\/\/bleidhysaboya-asesora.com\/wp-content\/uploads\/2022\/10\/Toma-de-muestras-.jpg 895w, https:\/\/bleidhysaboya-asesora.com\/wp-content\/uploads\/2022\/10\/Toma-de-muestras--300x226.jpg 300w, https:\/\/bleidhysaboya-asesora.com\/wp-content\/uploads\/2022\/10\/Toma-de-muestras--768x578.jpg 768w\" sizes=\"(max-width: 895px) 100vw, 895px\" \/><\/figure>\n\n\n\n<figure class=\"wp-block-image size-full\"><img loading=\"lazy\" decoding=\"async\" width=\"898\" height=\"670\" src=\"https:\/\/bleidhysaboya-asesora.com\/wp-content\/uploads\/2022\/10\/Farmacia-a-domicilio.jpg\" alt=\"\" class=\"wp-image-849\" srcset=\"https:\/\/bleidhysaboya-asesora.com\/wp-content\/uploads\/2022\/10\/Farmacia-a-domicilio.jpg 898w, https:\/\/bleidhysaboya-asesora.com\/wp-content\/uploads\/2022\/10\/Farmacia-a-domicilio-300x224.jpg 300w, https:\/\/bleidhysaboya-asesora.com\/wp-content\/uploads\/2022\/10\/Farmacia-a-domicilio-768x573.jpg 768w\" sizes=\"(max-width: 898px) 100vw, 898px\" \/><\/figure>\n<\/div>\n<\/div>\n\n\n\n<hr class=\"wp-block-separator has-alpha-channel-opacity\"\/>\n\n\n\n<h2 class=\"wp-block-heading has-text-align-center has-vivid-cyan-blue-color has-text-color has-link-color wp-elements-9d013ed19d21a902c320b33227c62ea1\">Formulario de Contacto<\/h2>\n\n\n\n<div class=\"wp-block-columns is-layout-flex wp-container-core-columns-is-layout-9d6595d7 wp-block-columns-is-layout-flex\">\n<div class=\"wp-block-column is-layout-flow wp-block-column-is-layout-flow\" style=\"flex-basis:25%\"><\/div>\n\n\n\n<div class=\"wp-block-column is-layout-flow wp-block-column-is-layout-flow\" style=\"flex-basis:50%\">\n<div class=\"wp-block-contact-form-7-contact-form-selector\">\n<div class=\"wpcf7 no-js\" id=\"wpcf7-f462-o1\" lang=\"es-ES\" dir=\"ltr\" data-wpcf7-id=\"462\">\n<div class=\"screen-reader-response\"><p role=\"status\" aria-live=\"polite\" aria-atomic=\"true\"><\/p> <ul><\/ul><\/div>\n<form action=\"\/index.php\/wp-json\/wp\/v2\/pages\/48#wpcf7-f462-o1\" method=\"post\" class=\"wpcf7-form init\" aria-label=\"Formulario de contacto\" novalidate=\"novalidate\" data-status=\"init\">\n<fieldset class=\"hidden-fields-container\"><input type=\"hidden\" name=\"_wpcf7\" value=\"462\" \/><input type=\"hidden\" name=\"_wpcf7_version\" value=\"6.1.1\" \/><input type=\"hidden\" name=\"_wpcf7_locale\" value=\"es_ES\" \/><input type=\"hidden\" name=\"_wpcf7_unit_tag\" value=\"wpcf7-f462-o1\" \/><input type=\"hidden\" name=\"_wpcf7_container_post\" value=\"0\" \/><input type=\"hidden\" name=\"_wpcf7_posted_data_hash\" value=\"\" \/>\n<\/fieldset>\n<p><label> Tu nombre*<br \/>\n<span class=\"wpcf7-form-control-wrap\" data-name=\"your-name\"><input size=\"40\" maxlength=\"400\" class=\"wpcf7-form-control wpcf7-text wpcf7-validates-as-required\" aria-required=\"true\" aria-invalid=\"false\" value=\"\" type=\"text\" name=\"your-name\" \/><\/span> <\/label>\n<\/p>\n<p><label> Tu celular*<br \/>\n<span class=\"wpcf7-form-control-wrap\" data-name=\"tel-729\"><input size=\"40\" maxlength=\"400\" class=\"wpcf7-form-control wpcf7-tel wpcf7-text wpcf7-validates-as-tel\" aria-invalid=\"false\" value=\"\" type=\"tel\" name=\"tel-729\" \/><\/span> <\/label>\n<\/p>\n<p><label> Tu correo electr\u00f3nico*<br \/>\n<span class=\"wpcf7-form-control-wrap\" data-name=\"your-email\"><input size=\"40\" maxlength=\"400\" class=\"wpcf7-form-control wpcf7-email wpcf7-validates-as-required wpcf7-text wpcf7-validates-as-email\" aria-required=\"true\" aria-invalid=\"false\" value=\"\" type=\"email\" name=\"your-email\" \/><\/span> <\/label>\n<\/p>\n<p><label> Tu mensaje<br \/>\n<span class=\"wpcf7-form-control-wrap\" data-name=\"your-message\"><textarea cols=\"40\" rows=\"10\" maxlength=\"2000\" class=\"wpcf7-form-control wpcf7-textarea\" aria-invalid=\"false\" name=\"your-message\"><\/textarea><\/span> <\/label>\n<\/p>\n<p><span class=\"wpcf7-form-control-wrap\" data-name=\"acceptance-821\"><span class=\"wpcf7-form-control wpcf7-acceptance\"><span class=\"wpcf7-list-item\"><label><input type=\"checkbox\" name=\"acceptance-821\" value=\"1\" aria-invalid=\"false\" \/><span class=\"wpcf7-list-item-label\">He le\u00eddo y acepto la <a href=\"#\">pol\u00edtica de privacidad<a\\><\/span><\/label><\/span><\/span><\/span><label><br \/>\n<input class=\"wpcf7-form-control wpcf7-submit has-spinner\" type=\"submit\" value=\"Enviar\" \/><\/label>\n<\/p><p style=\"display: none !important;\" class=\"akismet-fields-container\" data-prefix=\"_wpcf7_ak_\"><label>&#916;<textarea name=\"_wpcf7_ak_hp_textarea\" cols=\"45\" rows=\"8\" maxlength=\"100\"><\/textarea><\/label><input type=\"hidden\" id=\"ak_js_1\" name=\"_wpcf7_ak_js\" value=\"4\"\/><script>document.getElementById( \"ak_js_1\" ).setAttribute( \"value\", ( new Date() ).getTime() );<\/script><\/p><div class=\"wpcf7-response-output\" aria-hidden=\"true\"><\/div>\n<\/form>\n<\/div>\n<\/div>\n<\/div>\n\n\n\n<div class=\"wp-block-column is-layout-flow wp-block-column-is-layout-flow\" style=\"flex-basis:25%\"><\/div>\n<\/div>\n","protected":false},"excerpt":{"rendered":"<p>SERVICIOS B\u00c1SICOS Atendi\u00f3n M\u00e9dica Domiciliaria A trav\u00e9s de un convenio empresarial, sus empleados y familiares estar\u00e1n protegidos en caso que sufran alguna alteraci\u00f3n en su estado de salud. Se beneficiar\u00e1n de una Tarifa Preferencial, pagada por el empleador como beneficio laboral o por descuento de n\u00f3mina. Se requieren m\u00ednimo 10 usuarios para su creaci\u00f3n. Formulario [&hellip;]<\/p>\n","protected":false},"author":1,"featured_media":0,"parent":484,"menu_order":2,"comment_status":"closed","ping_status":"closed","template":"","meta":{"om_disable_all_campaigns":false,"footnotes":""},"class_list":["post-48","page","type-page","status-publish","hentry"],"aioseo_notices":[],"_links":{"self":[{"href":"https:\/\/bleidhysaboya-asesora.com\/index.php\/wp-json\/wp\/v2\/pages\/48","targetHints":{"allow":["GET"]}}],"collection":[{"href":"https:\/\/bleidhysaboya-asesora.com\/index.php\/wp-json\/wp\/v2\/pages"}],"about":[{"href":"https:\/\/bleidhysaboya-asesora.com\/index.php\/wp-json\/wp\/v2\/types\/page"}],"author":[{"embeddable":true,"href":"https:\/\/bleidhysaboya-asesora.com\/index.php\/wp-json\/wp\/v2\/users\/1"}],"replies":[{"embeddable":true,"href":"https:\/\/bleidhysaboya-asesora.com\/index.php\/wp-json\/wp\/v2\/comments?post=48"}],"version-history":[{"count":7,"href":"https:\/\/bleidhysaboya-asesora.com\/index.php\/wp-json\/wp\/v2\/pages\/48\/revisions"}],"predecessor-version":[{"id":1459,"href":"https:\/\/bleidhysaboya-asesora.com\/index.php\/wp-json\/wp\/v2\/pages\/48\/revisions\/1459"}],"up":[{"embeddable":true,"href":"https:\/\/bleidhysaboya-asesora.com\/index.php\/wp-json\/wp\/v2\/pages\/484"}],"wp:attachment":[{"href":"https:\/\/bleidhysaboya-asesora.com\/index.php\/wp-json\/wp\/v2\/media?parent=48"}],"curies":[{"name":"wp","href":"https:\/\/api.w.org\/{rel}","templated":true}]}}