{"id":46,"date":"2022-09-28T00:35:14","date_gmt":"2022-09-28T05:35:14","guid":{"rendered":"https:\/\/bleidhysaboya-asesora.com\/?page_id=46"},"modified":"2026-03-25T16:16:38","modified_gmt":"2026-03-25T21:16:38","slug":"integral","status":"publish","type":"page","link":"https:\/\/bleidhysaboya-asesora.com\/index.php\/emermedica\/integral\/","title":{"rendered":"Plan Integral Familiar"},"content":{"rendered":"\n<div class=\"wp-block-columns is-layout-flex wp-container-core-columns-is-layout-9d6595d7 wp-block-columns-is-layout-flex\">\n<div class=\"wp-block-column is-layout-flow wp-block-column-is-layout-flow\">\n<h3 class=\"wp-block-heading has-vivid-cyan-blue-color has-text-color has-link-color wp-elements-a94ffbc4103b912ec8a0a875f2e9b303\">VENTAJAS<\/h3>\n\n\n\n<hr class=\"wp-block-separator has-alpha-channel-opacity\"\/>\n\n\n\n<ul class=\"wp-block-list\">\n<li><strong>Sin l\u00edmite de uso, sin copagos ni costo de inscripci\u00f3n.<\/strong><\/li>\n\n\n\n<li><strong>Sin preexistencias ni ex\u00e1menes de ingreso.<\/strong><\/li>\n\n\n\n<li><strong>Sin l\u00edmite de edad ni grados de consanguinidad.<\/strong><\/li>\n\n\n\n<li><strong>Atenci\u00f3n 24 horas del d\u00eda, 365 d\u00edas del a\u00f1o.<\/strong><\/li>\n\n\n\n<li><strong>Evitar\u00e1n largas horas de espera en salas de urgencia y costos adicionales por desplazamiento.<\/strong><\/li>\n\n\n\n<li><strong>Correr\u00e1n menos riesgo de contagio o complicaciones por atenci\u00f3n en sitio.<\/strong><\/li>\n\n\n\n<li><strong>Durante la atenci\u00f3n prehospitalaria de ser necesario la aplicaci\u00f3n de medicamentos durante el servicio, no tendr\u00e1n costos adicionales.<\/strong><\/li>\n\n\n\n<li><strong>Ex\u00e1menes de emergencia con equipos especializados como electrocardi\u00f3grafo, gluc\u00f3metro, pulsiox\u00edmetro, entre otros.<\/strong><\/li>\n\n\n\n<li><strong>Ambulancia medicalizada tripulada por m\u00e9dico y auxiliar de enfermer\u00eda.<\/strong><\/li>\n\n\n\n<li><strong>Atenci\u00f3n en cualquiera de las ciudades donde tenemos presencia directa: Bogot\u00e1, Soacha, Ch\u00eda, Cajic\u00e1, Cali, Neiva, Villavicencio, Bucaramanga, Medell\u00edn y Barranquilla, pr\u00f3ximamente Cartagena<\/strong><\/li>\n<\/ul>\n\n\n\n<hr class=\"wp-block-separator has-alpha-channel-opacity\"\/>\n\n\n\n<h1 class=\"wp-block-heading has-text-align-center has-vivid-cyan-blue-color has-text-color has-link-color wp-elements-aa8ee13c78581d520d3f8dc72190cee4\">COBERTURAS<\/h1>\n\n\n\n<hr class=\"wp-block-separator has-alpha-channel-opacity\"\/>\n\n\n\n<div class=\"wp-block-columns is-layout-flex wp-container-core-columns-is-layout-9d6595d7 wp-block-columns-is-layout-flex\">\n<div class=\"wp-block-column is-layout-flow wp-block-column-is-layout-flow\"><div class=\"wp-block-image\">\n<figure class=\"aligncenter size-full is-resized\"><img fetchpriority=\"high\" decoding=\"async\" width=\"760\" height=\"224\" src=\"https:\/\/bleidhysaboya-asesora.com\/wp-content\/uploads\/2022\/10\/Beneficios-Basicos-.jpg\" alt=\"\" class=\"wp-image-845\" style=\"width:827px;height:243px\" srcset=\"https:\/\/bleidhysaboya-asesora.com\/wp-content\/uploads\/2022\/10\/Beneficios-Basicos-.jpg 760w, https:\/\/bleidhysaboya-asesora.com\/wp-content\/uploads\/2022\/10\/Beneficios-Basicos--300x88.jpg 300w\" sizes=\"(max-width: 760px) 100vw, 760px\" \/><\/figure>\n<\/div><\/div>\n<\/div>\n\n\n\n<h2 class=\"wp-block-heading has-text-align-center has-vivid-cyan-blue-color has-text-color has-link-color wp-elements-6f40e38d056c11bf9c135b6379b71311\">BENEFICIOS<\/h2>\n\n\n\n<hr class=\"wp-block-separator has-alpha-channel-opacity\"\/>\n\n\n<div class=\"wp-block-image\">\n<figure class=\"aligncenter size-full\"><img decoding=\"async\" width=\"712\" height=\"208\" src=\"https:\/\/bleidhysaboya-asesora.com\/wp-content\/uploads\/2026\/03\/beneficios.png\" alt=\"\" class=\"wp-image-1687\" srcset=\"https:\/\/bleidhysaboya-asesora.com\/wp-content\/uploads\/2026\/03\/beneficios.png 712w, https:\/\/bleidhysaboya-asesora.com\/wp-content\/uploads\/2026\/03\/beneficios-300x88.png 300w\" sizes=\"(max-width: 712px) 100vw, 712px\" \/><\/figure>\n<\/div>\n\n\n<hr class=\"wp-block-separator has-alpha-channel-opacity\"\/>\n\n\n\n<h2 class=\"wp-block-heading has-text-align-center has-vivid-cyan-blue-color has-text-color has-link-color wp-elements-fd4374a9e51d70c1618409d95e8aa0e4\">Nuevos Beneficios<\/h2>\n\n\n\n<hr class=\"wp-block-separator has-alpha-channel-opacity\"\/>\n\n\n\n<p class=\"has-text-align-center\">Elige 2 beneficios diferentes de esta lista al a\u00f1o y disfr\u00fatalos una (1) vez cada uno.<\/p>\n\n\n<div class=\"wp-block-image\">\n<figure class=\"aligncenter size-full\"><img decoding=\"async\" width=\"712\" height=\"351\" src=\"https:\/\/bleidhysaboya-asesora.com\/wp-content\/uploads\/2026\/03\/nuevos-beneficios.png\" alt=\"\" class=\"wp-image-1688\" srcset=\"https:\/\/bleidhysaboya-asesora.com\/wp-content\/uploads\/2026\/03\/nuevos-beneficios.png 712w, https:\/\/bleidhysaboya-asesora.com\/wp-content\/uploads\/2026\/03\/nuevos-beneficios-300x148.png 300w\" sizes=\"(max-width: 712px) 100vw, 712px\" \/><\/figure>\n<\/div>\n\n\n<hr class=\"wp-block-separator has-alpha-channel-opacity\"\/>\n\n\n\n<h2 class=\"wp-block-heading has-text-align-center has-vivid-cyan-blue-color has-text-color has-link-color wp-elements-43ed37b47a2c38aa126e388a4e618dd0\">Asistencias<\/h2>\n\n\n\n<div class=\"wp-block-columns is-layout-flex wp-container-core-columns-is-layout-9d6595d7 wp-block-columns-is-layout-flex\">\n<div class=\"wp-block-column is-layout-flow wp-block-column-is-layout-flow\">\n<figure class=\"wp-block-image size-large\"><img loading=\"lazy\" decoding=\"async\" width=\"1024\" height=\"276\" src=\"https:\/\/bleidhysaboya-asesora.com\/wp-content\/uploads\/2026\/03\/asistencias-para-ti-1024x276.png\" alt=\"\" class=\"wp-image-1695\" srcset=\"https:\/\/bleidhysaboya-asesora.com\/wp-content\/uploads\/2026\/03\/asistencias-para-ti-1024x276.png 1024w, https:\/\/bleidhysaboya-asesora.com\/wp-content\/uploads\/2026\/03\/asistencias-para-ti-300x81.png 300w, https:\/\/bleidhysaboya-asesora.com\/wp-content\/uploads\/2026\/03\/asistencias-para-ti-768x207.png 768w, https:\/\/bleidhysaboya-asesora.com\/wp-content\/uploads\/2026\/03\/asistencias-para-ti.png 1291w\" sizes=\"(max-width: 1024px) 100vw, 1024px\" \/><\/figure>\n<\/div>\n\n\n\n<div class=\"wp-block-column is-layout-flow wp-block-column-is-layout-flow\">\n<figure class=\"wp-block-image size-large\"><img loading=\"lazy\" decoding=\"async\" width=\"1024\" height=\"272\" src=\"https:\/\/bleidhysaboya-asesora.com\/wp-content\/uploads\/2026\/03\/asistencias-para-mascotas-1024x272.png\" alt=\"\" class=\"wp-image-1697\" srcset=\"https:\/\/bleidhysaboya-asesora.com\/wp-content\/uploads\/2026\/03\/asistencias-para-mascotas-1024x272.png 1024w, https:\/\/bleidhysaboya-asesora.com\/wp-content\/uploads\/2026\/03\/asistencias-para-mascotas-300x80.png 300w, https:\/\/bleidhysaboya-asesora.com\/wp-content\/uploads\/2026\/03\/asistencias-para-mascotas-768x204.png 768w, https:\/\/bleidhysaboya-asesora.com\/wp-content\/uploads\/2026\/03\/asistencias-para-mascotas.png 1311w\" sizes=\"(max-width: 1024px) 100vw, 1024px\" \/><\/figure>\n<\/div>\n<\/div>\n\n\n\n<hr class=\"wp-block-separator has-alpha-channel-opacity\"\/>\n\n\n\n<hr class=\"wp-block-separator has-alpha-channel-opacity\"\/>\n\n\n\n<div class=\"wp-block-columns is-layout-flex wp-container-core-columns-is-layout-9d6595d7 wp-block-columns-is-layout-flex\">\n<div class=\"wp-block-column is-layout-flow wp-block-column-is-layout-flow\">\n<figure class=\"wp-block-image size-full\"><img loading=\"lazy\" decoding=\"async\" width=\"538\" height=\"553\" src=\"https:\/\/bleidhysaboya-asesora.com\/wp-content\/uploads\/2026\/03\/viajes.png\" alt=\"\" class=\"wp-image-1692\" srcset=\"https:\/\/bleidhysaboya-asesora.com\/wp-content\/uploads\/2026\/03\/viajes.png 538w, https:\/\/bleidhysaboya-asesora.com\/wp-content\/uploads\/2026\/03\/viajes-292x300.png 292w\" sizes=\"(max-width: 538px) 100vw, 538px\" \/><\/figure>\n<\/div>\n\n\n\n<div class=\"wp-block-column is-layout-flow wp-block-column-is-layout-flow\">\n<p class=\"has-vivid-cyan-blue-color has-text-color has-link-color has-medium-font-size wp-elements-9e7b5dbf04cc3931128c4073759fb6fa\"><strong>Convenios de reciprocidad<\/strong><\/p>\n\n\n\n<h4 class=\"wp-block-heading\">En la Costa Atl\u00e1ntica se presta el servicio a trav\u00e9s de AMI en estas ciudades:<\/h4>\n\n\n\n<ul class=\"wp-block-list\">\n<li>Santa Marta, Valledupar y Monter\u00eda, deben comunicarse al n\u00famero 605 201 5000<\/li>\n<\/ul>\n\n\n\n<h4 class=\"wp-block-heading\">En el Eje Cafetero se presta el servicio de la siguiente forma:<\/h4>\n\n\n\n<ul class=\"wp-block-list\">\n<li>En Pereira y Dosquebradas a trav\u00e9s de Red M\u00e9dica Vital.<br>Para m\u00e1s informaci\u00f3n deben comunicarse a los n\u00fameros (606) 311 4200o al 311418 2818 o ingresando al sitio web&nbsp;<a href=\"http:\/\/redmedicavital.com\/\">http:\/\/redmedicavital.com<\/a><\/li>\n\n\n\n<li>En Manizales a trav\u00e9s de AMI.<br>Para m\u00e1s informaci\u00f3n deben comunicarse al n\u00famero (606) 892 8192 o ingresando al sitio web&nbsp;<a href=\"http:\/\/amiasistencia.com\/\">http:\/\/amiasistencia.com\/<\/a><\/li>\n<\/ul>\n\n\n\n<hr class=\"wp-block-separator has-alpha-channel-opacity\"\/>\n\n\n\n<div class=\"wp-block-buttons has-custom-font-size has-vivid-cyan-blue-background-color has-background has-medium-font-size is-content-justification-center is-layout-flex wp-container-core-buttons-is-layout-16018d1d wp-block-buttons-is-layout-flex\">\n<div class=\"wp-block-button\"><a class=\"wp-block-button__link wp-element-button\" href=\"https:\/\/tuemermedica.com.co\/\">dESCARGAR CARTA DE VIAJERO<\/a><\/div>\n<\/div>\n\n\n\n<hr class=\"wp-block-separator has-alpha-channel-opacity\"\/>\n\n\n\n<p><strong>Recuerda:<\/strong><br>Para acceder a este beneficio, debes registrarte antes y descargarlo con 15 d\u00edas de anterioridad. El afiliado debe presentarse como convenio \u201cRed Siem Emerm\u00e9dica\u201d para que le presten el servicio.<\/p>\n<\/div>\n<\/div>\n\n\n\n<h4 class=\"wp-block-heading\">A nivel internacional: RED SIEM<\/h4>\n\n\n\n<p>Cubrimiento en 14 pa\u00edses de Latinoam\u00e9rica:<br>Argentina, Brasil, Chile, Costa Rica, Ecuador, El Salvador, Guatemala, Honduras, M\u00e9xico, Paraguay, Per\u00fa, Panam\u00e1, Uruguay y Venezuela.<br>M\u00e1s de 180 empresas de atenci\u00f3n m\u00e9dica pre hospitalaria en aproximadamente 600 ciudades.<br>Para m\u00e1s informaci\u00f3n, ingresa a la RED SIEM&nbsp;<a href=\"https:\/\/sieminternacional.org\/empresa-siem\/emermedica-s-a\/\">https:\/\/sieminternacional.org\/empresa-siem\/emermedica-s-a\/<\/a><\/p>\n\n\n\n<hr class=\"wp-block-separator has-alpha-channel-opacity\"\/>\n<\/div>\n<\/div>\n\n\n\n<h2 class=\"wp-block-heading has-text-align-center has-vivid-cyan-blue-color has-text-color has-link-color wp-elements-e8877b24126e81aea2a230b8c084ff89\">Servicios a Domicilio con Tarifa Preferencial<\/h2>\n\n\n\n<div class=\"wp-block-columns is-layout-flex wp-container-core-columns-is-layout-9d6595d7 wp-block-columns-is-layout-flex\">\n<div class=\"wp-block-column is-layout-flow wp-block-column-is-layout-flow\">\n<figure class=\"wp-block-image size-full\"><img loading=\"lazy\" decoding=\"async\" width=\"895\" height=\"673\" src=\"https:\/\/bleidhysaboya-asesora.com\/wp-content\/uploads\/2022\/10\/Toma-de-muestras-.jpg\" alt=\"\" class=\"wp-image-848\" srcset=\"https:\/\/bleidhysaboya-asesora.com\/wp-content\/uploads\/2022\/10\/Toma-de-muestras-.jpg 895w, https:\/\/bleidhysaboya-asesora.com\/wp-content\/uploads\/2022\/10\/Toma-de-muestras--300x226.jpg 300w, https:\/\/bleidhysaboya-asesora.com\/wp-content\/uploads\/2022\/10\/Toma-de-muestras--768x578.jpg 768w\" sizes=\"(max-width: 895px) 100vw, 895px\" \/><\/figure>\n<\/div>\n\n\n\n<div class=\"wp-block-column is-layout-flow wp-block-column-is-layout-flow\">\n<figure class=\"wp-block-image size-full\"><img loading=\"lazy\" decoding=\"async\" width=\"898\" height=\"670\" src=\"https:\/\/bleidhysaboya-asesora.com\/wp-content\/uploads\/2022\/10\/Farmacia-a-domicilio.jpg\" alt=\"\" class=\"wp-image-849\" srcset=\"https:\/\/bleidhysaboya-asesora.com\/wp-content\/uploads\/2022\/10\/Farmacia-a-domicilio.jpg 898w, https:\/\/bleidhysaboya-asesora.com\/wp-content\/uploads\/2022\/10\/Farmacia-a-domicilio-300x224.jpg 300w, https:\/\/bleidhysaboya-asesora.com\/wp-content\/uploads\/2022\/10\/Farmacia-a-domicilio-768x573.jpg 768w\" sizes=\"(max-width: 898px) 100vw, 898px\" \/><\/figure>\n<\/div>\n<\/div>\n\n\n\n<hr class=\"wp-block-separator has-alpha-channel-opacity\"\/>\n\n\n\n<hr class=\"wp-block-separator has-alpha-channel-opacity\"\/>\n\n\n\n<h4 class=\"wp-block-heading has-text-align-center has-vivid-cyan-blue-color has-text-color has-link-color wp-elements-c202bdeee87e3998b5c376a442a131f2\">PROCEDIMIENTOS DE BAJA COMPLEJIDAD A DOMICILIO<\/h4>\n\n\n\n<hr class=\"wp-block-separator has-alpha-channel-opacity\"\/>\n\n\n\n<p class=\"has-text-align-center\">Ahora puedes acceder a procedimientos m\u00e9dicos b\u00e1sicos desde la comodidad y seguridad de tu hogar. Con el respaldo de nuestro equipo de profesionales y la experiencia de Emerm\u00e9dica, te ofrecemos atenci\u00f3n oportuna, confiable y cercana, dise\u00f1ada para complementar tus servicios de salud.<\/p>\n\n\n\n<hr class=\"wp-block-separator has-alpha-channel-opacity\"\/>\n\n\n\n<div class=\"wp-block-columns is-layout-flex wp-container-core-columns-is-layout-9d6595d7 wp-block-columns-is-layout-flex\">\n<div class=\"wp-block-column is-layout-flow wp-block-column-is-layout-flow\">\n<ul class=\"wp-block-list\">\n<li><a class=\"\" href=\"https:\/\/www.emermedica.com.co\/wp-content\/uploads\/2026\/01\/Electrocardiograma.pdf\">Electrocardiograma<\/a><\/li>\n\n\n\n<li><a href=\"https:\/\/www.emermedica.com.co\/wp-content\/uploads\/2026\/01\/Drenaje-linfatico_.pdf\" target=\"_blank\" rel=\"noopener\" title=\"\">Drenaje linf\u00e1tico<\/a><\/li>\n\n\n\n<li><a class=\"\" href=\"https:\/\/www.emermedica.com.co\/wp-content\/uploads\/2026\/01\/Cateterismo-vesical.pdf\">Cateterismo vesical y<br>toma de muestras de orina<\/a><\/li>\n\n\n\n<li><a class=\"\" href=\"https:\/\/www.emermedica.com.co\/wp-content\/uploads\/2026\/01\/Curaciones-de-baja-complejidad-_.pdf\">Curaciones de baja<br>complejidad<\/a><\/li>\n\n\n\n<li><a class=\"\" href=\"https:\/\/www.emermedica.com.co\/wp-content\/uploads\/2026\/01\/Retiro-de-puntos.pdf\">Retiro de puntos<\/a><\/li>\n<\/ul>\n<\/div>\n\n\n\n<div class=\"wp-block-column is-layout-flow wp-block-column-is-layout-flow\">\n<ul class=\"wp-block-list\">\n<li><a class=\"\" href=\"https:\/\/www.emermedica.com.co\/wp-content\/uploads\/2026\/01\/Administracion-de-medicamentos_.pdf\">Administraci\u00f3n<br>de medicamentos<\/a><\/li>\n\n\n\n<li><a class=\"\" href=\"https:\/\/www.emermedica.com.co\/wp-content\/uploads\/2026\/01\/Glucometria.pdf\">Glucometr\u00eda<\/a><\/li>\n\n\n\n<li><a class=\"\" href=\"https:\/\/www.emermedica.com.co\/wp-content\/uploads\/2026\/01\/Enema-rectal-_.pdf\">Enema rectal<\/a><\/li>\n\n\n\n<li><a class=\"\" href=\"https:\/\/www.emermedica.com.co\/wp-content\/uploads\/2026\/01\/Terapia-respiratoria-micronebulizaciones_.pdf\">Terapia respiratoria<br>(micronebulizaciones)<\/a><\/li>\n\n\n\n<li><a class=\"\" href=\"https:\/\/www.emermedica.com.co\/wp-content\/uploads\/2026\/01\/Masajes-terapeuticos_.pdf\">Masajes<br>terap\u00e9uticos<\/a><br><\/li>\n<\/ul>\n<\/div>\n\n\n\n<div class=\"wp-block-column is-layout-flow wp-block-column-is-layout-flow\">\n<ul class=\"wp-block-list\">\n<li><a class=\"\" href=\"https:\/\/www.emermedica.com.co\/wp-content\/uploads\/2026\/01\/Cambio-y-paso-de-sonda-nasogastrica_.pdf\">Cambio y paso de sonda<br>nasog\u00e1strica<\/a><\/li>\n\n\n\n<li><a class=\"\" href=\"https:\/\/www.emermedica.com.co\/wp-content\/uploads\/2026\/01\/Lavado-de-oido_.pdf\">Lavado de o\u00eddo<\/a><\/li>\n\n\n\n<li><a class=\"\" href=\"https:\/\/www.emermedica.com.co\/wp-content\/uploads\/2026\/01\/Cuidados-traqueostomia-_.pdf\">Cuidados<br>traqueostom\u00eda<\/a><\/li>\n\n\n\n<li><a class=\"\" href=\"https:\/\/www.emermedica.com.co\/wp-content\/uploads\/2026\/01\/Manejo-de-ostomias.pdf\">Manejo de ostom\u00edas<br>(sin insumos)<\/a><\/li>\n<\/ul>\n<\/div>\n<\/div>\n\n\n\n<h2 class=\"wp-block-heading has-text-align-center has-vivid-cyan-blue-color has-text-color has-link-color wp-elements-9d013ed19d21a902c320b33227c62ea1\">Formulario de Contacto<\/h2>\n\n\n\n<hr class=\"wp-block-separator has-alpha-channel-opacity\"\/>\n\n\n\n<div class=\"wp-block-columns is-layout-flex wp-container-core-columns-is-layout-9d6595d7 wp-block-columns-is-layout-flex\">\n<div class=\"wp-block-column is-layout-flow wp-block-column-is-layout-flow\"><div class=\"wp-block-image\">\n<figure class=\"aligncenter size-full is-resized\"><a href=\"https:\/\/bleidhysaboya-asesora.com\/wp-content\/uploads\/2026\/03\/Vive-Emermedica-2025.pdf\" target=\"_blank\" rel=\"CATALOGO BENEFICIOS\"><img loading=\"lazy\" decoding=\"async\" width=\"354\" height=\"343\" src=\"https:\/\/bleidhysaboya-asesora.com\/wp-content\/uploads\/2026\/03\/vivepng.png\" alt=\"\" class=\"wp-image-1700\" style=\"aspect-ratio:1.0320714318254294;width:354px;height:auto\" srcset=\"https:\/\/bleidhysaboya-asesora.com\/wp-content\/uploads\/2026\/03\/vivepng.png 354w, https:\/\/bleidhysaboya-asesora.com\/wp-content\/uploads\/2026\/03\/vivepng-300x291.png 300w\" sizes=\"(max-width: 354px) 100vw, 354px\" \/><\/a><\/figure>\n<\/div>\n\n\n<p class=\"has-text-align-center has-vivid-cyan-blue-color has-text-color has-link-color wp-elements-fe84e73773eca9d8a41471e8c9e50d3f\"><strong>Deja Tus Datos para Cont\u00e1ctarte!<\/strong><\/p>\n<\/div>\n\n\n\n<div class=\"wp-block-column is-layout-flow wp-block-column-is-layout-flow\">\n<div class=\"wp-block-contact-form-7-contact-form-selector\">\n<div class=\"wpcf7 no-js\" id=\"wpcf7-f462-o1\" lang=\"es-ES\" dir=\"ltr\" data-wpcf7-id=\"462\">\n<div class=\"screen-reader-response\"><p role=\"status\" aria-live=\"polite\" aria-atomic=\"true\"><\/p> <ul><\/ul><\/div>\n<form action=\"\/index.php\/wp-json\/wp\/v2\/pages\/46#wpcf7-f462-o1\" method=\"post\" class=\"wpcf7-form init\" aria-label=\"Formulario de contacto\" novalidate=\"novalidate\" data-status=\"init\">\n<fieldset class=\"hidden-fields-container\"><input type=\"hidden\" name=\"_wpcf7\" value=\"462\" \/><input type=\"hidden\" name=\"_wpcf7_version\" value=\"6.1.1\" \/><input type=\"hidden\" name=\"_wpcf7_locale\" value=\"es_ES\" \/><input type=\"hidden\" name=\"_wpcf7_unit_tag\" value=\"wpcf7-f462-o1\" \/><input type=\"hidden\" name=\"_wpcf7_container_post\" value=\"0\" \/><input type=\"hidden\" name=\"_wpcf7_posted_data_hash\" value=\"\" \/>\n<\/fieldset>\n<p><label> Tu nombre*<br \/>\n<span class=\"wpcf7-form-control-wrap\" data-name=\"your-name\"><input size=\"40\" maxlength=\"400\" class=\"wpcf7-form-control wpcf7-text wpcf7-validates-as-required\" aria-required=\"true\" aria-invalid=\"false\" value=\"\" type=\"text\" name=\"your-name\" \/><\/span> <\/label>\n<\/p>\n<p><label> Tu celular*<br \/>\n<span class=\"wpcf7-form-control-wrap\" data-name=\"tel-729\"><input size=\"40\" maxlength=\"400\" class=\"wpcf7-form-control wpcf7-tel wpcf7-text wpcf7-validates-as-tel\" aria-invalid=\"false\" value=\"\" type=\"tel\" name=\"tel-729\" \/><\/span> <\/label>\n<\/p>\n<p><label> Tu correo electr\u00f3nico*<br \/>\n<span class=\"wpcf7-form-control-wrap\" data-name=\"your-email\"><input size=\"40\" maxlength=\"400\" class=\"wpcf7-form-control wpcf7-email wpcf7-validates-as-required wpcf7-text wpcf7-validates-as-email\" aria-required=\"true\" aria-invalid=\"false\" value=\"\" type=\"email\" name=\"your-email\" \/><\/span> <\/label>\n<\/p>\n<p><label> Tu mensaje<br \/>\n<span class=\"wpcf7-form-control-wrap\" data-name=\"your-message\"><textarea cols=\"40\" rows=\"10\" maxlength=\"2000\" class=\"wpcf7-form-control wpcf7-textarea\" aria-invalid=\"false\" name=\"your-message\"><\/textarea><\/span> <\/label>\n<\/p>\n<p><span class=\"wpcf7-form-control-wrap\" data-name=\"acceptance-821\"><span class=\"wpcf7-form-control wpcf7-acceptance\"><span class=\"wpcf7-list-item\"><label><input type=\"checkbox\" name=\"acceptance-821\" value=\"1\" aria-invalid=\"false\" \/><span class=\"wpcf7-list-item-label\">He le\u00eddo y acepto la <a href=\"#\">pol\u00edtica de privacidad<a\\><\/span><\/label><\/span><\/span><\/span><label><br \/>\n<input class=\"wpcf7-form-control wpcf7-submit has-spinner\" type=\"submit\" value=\"Enviar\" \/><\/label>\n<\/p><p style=\"display: none !important;\" class=\"akismet-fields-container\" data-prefix=\"_wpcf7_ak_\"><label>&#916;<textarea name=\"_wpcf7_ak_hp_textarea\" cols=\"45\" rows=\"8\" maxlength=\"100\"><\/textarea><\/label><input type=\"hidden\" id=\"ak_js_1\" name=\"_wpcf7_ak_js\" value=\"12\"\/><script>document.getElementById( \"ak_js_1\" ).setAttribute( \"value\", ( new Date() ).getTime() );<\/script><\/p><div class=\"wpcf7-response-output\" aria-hidden=\"true\"><\/div>\n<\/form>\n<\/div>\n<\/div>\n<\/div>\n<\/div>\n\n\n\n<p><\/p>\n","protected":false},"excerpt":{"rendered":"<p>VENTAJAS COBERTURAS BENEFICIOS Nuevos Beneficios Elige 2 beneficios diferentes de esta lista al a\u00f1o y disfr\u00fatalos una (1) vez cada uno. Asistencias Convenios de reciprocidad En la Costa Atl\u00e1ntica se presta el servicio a trav\u00e9s de AMI en estas ciudades: En el Eje Cafetero se presta el servicio de la siguiente forma: Recuerda:Para acceder a [&hellip;]<\/p>\n","protected":false},"author":1,"featured_media":0,"parent":484,"menu_order":1,"comment_status":"closed","ping_status":"closed","template":"","meta":{"om_disable_all_campaigns":false,"footnotes":""},"class_list":["post-46","page","type-page","status-publish","hentry"],"aioseo_notices":[],"_links":{"self":[{"href":"https:\/\/bleidhysaboya-asesora.com\/index.php\/wp-json\/wp\/v2\/pages\/46","targetHints":{"allow":["GET"]}}],"collection":[{"href":"https:\/\/bleidhysaboya-asesora.com\/index.php\/wp-json\/wp\/v2\/pages"}],"about":[{"href":"https:\/\/bleidhysaboya-asesora.com\/index.php\/wp-json\/wp\/v2\/types\/page"}],"author":[{"embeddable":true,"href":"https:\/\/bleidhysaboya-asesora.com\/index.php\/wp-json\/wp\/v2\/users\/1"}],"replies":[{"embeddable":true,"href":"https:\/\/bleidhysaboya-asesora.com\/index.php\/wp-json\/wp\/v2\/comments?post=46"}],"version-history":[{"count":28,"href":"https:\/\/bleidhysaboya-asesora.com\/index.php\/wp-json\/wp\/v2\/pages\/46\/revisions"}],"predecessor-version":[{"id":1713,"href":"https:\/\/bleidhysaboya-asesora.com\/index.php\/wp-json\/wp\/v2\/pages\/46\/revisions\/1713"}],"up":[{"embeddable":true,"href":"https:\/\/bleidhysaboya-asesora.com\/index.php\/wp-json\/wp\/v2\/pages\/484"}],"wp:attachment":[{"href":"https:\/\/bleidhysaboya-asesora.com\/index.php\/wp-json\/wp\/v2\/media?parent=46"}],"curies":[{"name":"wp","href":"https:\/\/api.w.org\/{rel}","templated":true}]}}