{"id":35,"date":"2022-09-28T00:24:06","date_gmt":"2022-09-28T05:24:06","guid":{"rendered":"https:\/\/bleidhysaboya-asesora.com\/?page_id=35"},"modified":"2026-03-11T12:57:01","modified_gmt":"2026-03-11T17:57:01","slug":"ambulatorio","status":"publish","type":"page","link":"https:\/\/bleidhysaboya-asesora.com\/index.php\/ambulatorio\/","title":{"rendered":"Plan Ambulatorio"},"content":{"rendered":"\t\t<div data-elementor-type=\"wp-page\" data-elementor-id=\"35\" class=\"elementor elementor-35\">\n\t\t\t\t\t\t<section class=\"elementor-section elementor-top-section elementor-element elementor-element-280a4ed4 elementor-section-boxed elementor-section-height-default elementor-section-height-default\" data-id=\"280a4ed4\" data-element_type=\"section\" data-e-type=\"section\">\n\t\t\t\t\t\t<div class=\"elementor-container elementor-column-gap-default\">\n\t\t\t\t\t<div class=\"elementor-column elementor-col-100 elementor-top-column elementor-element elementor-element-25c4faee\" data-id=\"25c4faee\" data-element_type=\"column\" data-e-type=\"column\">\n\t\t\t<div class=\"elementor-widget-wrap elementor-element-populated\">\n\t\t\t\t\t\t<div class=\"elementor-element elementor-element-66cf21d0 elementor-widget elementor-widget-text-editor\" data-id=\"66cf21d0\" data-element_type=\"widget\" data-e-type=\"widget\" data-widget_type=\"text-editor.default\">\n\t\t\t\t<div class=\"elementor-widget-container\">\n\t\t\t\t\t\t\t\t\t<p><div class=\"wp-block-image\"><\/p>\n<figure class=\"aligncenter size-large\"><img fetchpriority=\"high\" decoding=\"async\" width=\"1024\" height=\"585\" class=\"wp-image-750\" src=\"https:\/\/bleidhysaboya-asesora.com\/wp-content\/uploads\/2022\/10\/Ambulatorio-diferencias--1024x585.jpg\" alt=\"\" srcset=\"https:\/\/bleidhysaboya-asesora.com\/wp-content\/uploads\/2022\/10\/Ambulatorio-diferencias--1024x585.jpg 1024w, https:\/\/bleidhysaboya-asesora.com\/wp-content\/uploads\/2022\/10\/Ambulatorio-diferencias--300x171.jpg 300w, https:\/\/bleidhysaboya-asesora.com\/wp-content\/uploads\/2022\/10\/Ambulatorio-diferencias--768x439.jpg 768w, https:\/\/bleidhysaboya-asesora.com\/wp-content\/uploads\/2022\/10\/Ambulatorio-diferencias-.jpg 1237w\" sizes=\"(max-width: 1024px) 100vw, 1024px\" \/><\/figure>\n<p><\/div><\/p>\n<hr class=\"wp-block-separator has-alpha-channel-opacity\">\n<p><\/p>\n<h2 class=\"wp-block-heading has-text-align-center has-vivid-cyan-blue-color has-text-color has-link-color wp-elements-83cb45f58e4d04b863796d14be028b3a\">COBERTURAS Y PERIODOS DE CARENCIA<\/h2>\n<p><\/p>\n<hr class=\"wp-block-separator has-alpha-channel-opacity\">\n<p><\/p>\n<div class=\"wp-block-columns is-layout-flex wp-container-core-columns-is-layout-9d6595d7 wp-block-columns-is-layout-flex\"><p><\/p>\n<div class=\"wp-block-column is-layout-flow wp-block-column-is-layout-flow\"><p><\/p>\n<h2 class=\"wp-block-heading has-vivid-cyan-blue-color has-text-color has-link-color wp-elements-5060f91285a6a4e87b22ab3411a05dcc\">A partir del 1\u00b0 d\u00eda de vigencia<\/h2>\n<p><\/p>\n<ul class=\"wp-block-list\"><p><\/p>\n<li>Consulta domiciliaria y traslado en ambulancia <strong>EMERM\u00c9DICA <\/strong>ilimitada<\/li>\n<p><\/p>\n<li>Consulta m\u00e9dica general y especializada<\/li>\n<p><\/p>\n<li>Ex\u00e1menes de diagn\u00f3stico simple: radiograf\u00eda, ecograf\u00eda, electrocardiograma, mamograf\u00eda, endoscopias, etc. <strong>Ilimitados<\/strong>.<strong>**<\/strong><\/li>\n<p><\/p>\n<li><strong>**Ambulatorio Especial:<\/strong> hasta $500.000 por vigencia anual&nbsp;<\/li>\n<p><\/p>\n<li>Terapias ilimitadas: f\u00edsica, respiratoria, lenguaje y ocupacional.&nbsp;<\/li>\n<p><\/p>\n<li>Traslado a consulta m\u00e9dica sin pago de bono. 3 servicios\/vigencia anual con derecho a una parada de 15 minutos para compra de medicamentos en el trayecto de regreso<\/li>\n<p><\/p><\/ul>\n<p><\/p>\n<h3 class=\"wp-block-heading has-vivid-cyan-blue-color has-text-color has-link-color wp-elements-317303e30b9ee1dffb3142b8caa027b4\">Odontologia**<\/h3>\n<p><\/p>\n<p><strong>**No aplica para Ambulatorio Especial<\/strong><\/p>\n<p><\/p>\n<ul class=\"wp-block-list\"><p><\/p>\n<li><strong>Odontolog\u00eda general<\/strong><\/li>\n<p><\/p>\n<li><strong>Emergencia odontol\u00f3gica<\/strong><\/li>\n<p><\/p>\n<li>Eliminaci\u00f3n de caries, cementaci\u00f3n de coronas y temporales, obturaci\u00f3n provisional, curetaje post-exodoncia y control de hemorragias y suturas en labios, paladar, enc\u00edas y lengua<\/li>\n<p><\/p>\n<li><strong>Periodoncia:<\/strong> detartraje simple (limpieza sencilla) y profil\u00e1xis dental (pulido) restauradora y operatoria. Amalgamas de dientes posteriores y resinas en anteriores. Vidrio ion\u00f3meros<\/li>\n<p><\/p>\n<li><strong>Cirug\u00eda:<\/strong> exodoncias o extracciones simples de dientes permanentes y temporales, en dientes restos radiculares y en dientes fracturados<\/li>\n<p><\/p>\n<li><strong>Endodoncia:<\/strong> Tratamientos de conductos, pulpectom\u00edas, curas formocresoladas y capielos<\/li>\n<p><\/p>\n<li><strong>Radiograf\u00edas <\/strong>periapicales y coronales de diagn\u00f3stico y las requeridas para tratamientos inclu\u00eddos (No incluye panor\u00e1mica)<\/li>\n<p><\/p><\/ul>\n<p><\/p><\/div>\n<p><\/p>\n<div class=\"wp-block-column is-layout-flow wp-block-column-is-layout-flow\"><p><\/p>\n<h2 class=\"wp-block-heading has-vivid-cyan-blue-color has-text-color has-link-color wp-elements-d42f71b7bd13d6149eeed25984076baf\">A partir del 1\u00b0 del 4to mes<\/h2>\n<p><\/p>\n<ul class=\"wp-block-list\"><p><\/p>\n<li>Ex\u00e1menes de diagn\u00f3stico especializado <strong>ilimitados:<\/strong> T.A.C., resonancia, holter, prueba de esfuerzo, laringoscopia, otros.<strong>**<\/strong><\/li><li><strong style=\"letter-spacing: 0px;\">**Ambulatorio Especial:<\/strong><span style=\"letter-spacing: 0px;\"> hasta $1.500.000 por vigencia anual<\/span><\/li>\n<p><\/p><\/ul>\n<p><\/p>\n<h3 class=\"wp-block-heading has-vivid-cyan-blue-color has-text-color has-link-color wp-elements-153ba267ea3245f62e9a959b556be0db\">Renta Diaria por Hospitalizaci\u00f3n**<\/h3>\n<p><\/p>\n<p>En caso de hospitalizaci\u00f3n a trav\u00e9s del Plan de Beneficios de Salud (EPS)<\/p>\n<p><\/p>\n<ul class=\"wp-block-list\"><p><\/p>\n<li><strong>Ambulatorio:<\/strong> $500.000 por d\u00eda, hasta 5 d\u00edas\/evento<\/li>\n<p><\/p>\n<li><strong>Ambulatorio Especial:<\/strong> $250.000 por d\u00eda, hasta 5 d\u00edas\/evento<\/li>\n<p><\/p>\n<li>No aplica para hospitalizaci\u00f3n domiciliaria<\/li>\n<p><\/p>\n<li>No aplica para eventos excluidos en la p\u00f3liza<\/li>\n<p><\/p><\/ul>\n<p><\/p>\n<h2 class=\"wp-block-heading has-vivid-cyan-blue-color has-text-color has-link-color wp-elements-d2c4a881987aa65c850185020fc2da11\">Beneficios<\/h2>\n<p><\/p>\n<ul class=\"wp-block-list\"><p><\/p>\n<li>Programaci\u00f3n de citas m\u00e9dicas en los Centros de Especialistas de Axa Colpatria, en la p\u00e1gina Web o en la App<\/li>\n<p><\/p>\n<li>Programaci\u00f3n de citas m\u00e9dicas, a trav\u00e9s de la Red adscrita del Directorio Web y App<\/li>\n<p><\/p>\n<li>Ex\u00e1menes de laboratorio, diagn\u00f3stico simple y radiolog\u00eda con atenci\u00f3n directa en los Centros m\u00e9dicos y Red adscrita<\/li>\n<p><\/p>\n<li>Tr\u00e1mite de autorizaci\u00f3n para ex\u00e1menes especializados y renta diaria por hospitalizaci\u00f3n por p\u00e1gina Web, correo electr\u00f3nico y punto de autorizaciones<\/li>\n<p><\/p><\/ul>\n<p><\/p>\n<h2 class=\"wp-block-heading has-vivid-cyan-blue-color has-text-color has-link-color wp-elements-77e2ae51935f367f86e267c324b3f48c\">Principales Exclusiones<\/h2>\n<p><\/p>\n<figure class=\"wp-block-image size-full\"><img decoding=\"async\" width=\"834\" height=\"418\" class=\"wp-image-754\" src=\"https:\/\/bleidhysaboya-asesora.com\/wp-content\/uploads\/2022\/10\/Ambulatorio-exclusiones.jpg\" alt=\"\" srcset=\"https:\/\/bleidhysaboya-asesora.com\/wp-content\/uploads\/2022\/10\/Ambulatorio-exclusiones.jpg 834w, https:\/\/bleidhysaboya-asesora.com\/wp-content\/uploads\/2022\/10\/Ambulatorio-exclusiones-300x150.jpg 300w, https:\/\/bleidhysaboya-asesora.com\/wp-content\/uploads\/2022\/10\/Ambulatorio-exclusiones-768x385.jpg 768w\" sizes=\"(max-width: 834px) 100vw, 834px\" \/><\/figure>\n<p><\/p><\/div>\n<p><\/p><\/div>\n<p><\/p>\n<h3 class=\"wp-block-heading has-vivid-cyan-blue-color has-text-color has-link-color wp-elements-20598fc0e24963bbea4108f0d286b5d3\"><a title=\"\" href=\"https:\/\/bleidhysaboya-asesora.com\/wp-content\/uploads\/2025\/10\/clausulado-plan-ambulatorio.pdf\" target=\"_blank\" rel=\"noopener\">CLAUSULADO<\/a><\/h3>\n<p><\/p>\n<h3 class=\"wp-block-heading has-vivid-cyan-blue-color has-text-color has-link-color wp-elements-85f43ef87335522753d9fba0002c9af8\"><a title=\"\" href=\"https:\/\/bleidhysaboya-asesora.com\/wp-content\/uploads\/2026\/01\/Cartilla-Plan-Ambulatorio-2026.pdf\" target=\"_blank\" rel=\"noopener\">GUIA UTLIZACI\u00d3N DE SERVICIOS<\/a><\/h3>\n<p><\/p>\n<h3 class=\"wp-block-heading has-vivid-cyan-blue-color has-text-color has-link-color wp-elements-7b2077dab56ebfbe24d545667530c33c\"><a title=\"DIRECTORIO M\u00c9DICO\" href=\"https:\/\/www.axacolpatria.co\/es\/directorio-medico\" target=\"_blank\" rel=\"noopener\">DIRECTORIO M\u00c9DICO<\/a><\/h3>\n<p><\/p>\n<hr class=\"wp-block-separator has-alpha-channel-opacity\">\n<p><\/p>\n<hr class=\"wp-block-separator has-alpha-channel-opacity\">\n<p><\/p>\n<h2 class=\"wp-block-heading has-text-align-center has-vivid-cyan-blue-color has-text-color has-link-color wp-elements-331b2abc0e2d7c41fa9c876df00e8832\">Formulario de Contacto<\/h2>\n<p><\/p>\n<div class=\"wp-block-columns is-layout-flex wp-container-core-columns-is-layout-9d6595d7 wp-block-columns-is-layout-flex\"><p><\/p>\n<div class=\"wp-block-column is-layout-flow wp-block-column-is-layout-flow\" style=\"flex-basis: 25%;\">&nbsp;<\/div>\n<p><\/p>\n<div class=\"wp-block-column is-layout-flow wp-block-column-is-layout-flow\" style=\"flex-basis: 50%;\"><p><\/p>\n<div class=\"wp-block-contact-form-7-contact-form-selector\">\n<div class=\"wpcf7 no-js\" id=\"wpcf7-f462-o1\" lang=\"es-ES\" dir=\"ltr\" data-wpcf7-id=\"462\">\n<div class=\"screen-reader-response\"><p role=\"status\" aria-live=\"polite\" aria-atomic=\"true\"><\/p> <ul><\/ul><\/div>\n<form action=\"\/index.php\/wp-json\/wp\/v2\/pages\/35#wpcf7-f462-o1\" method=\"post\" class=\"wpcf7-form init\" aria-label=\"Formulario de contacto\" novalidate=\"novalidate\" data-status=\"init\">\n<fieldset class=\"hidden-fields-container\"><input type=\"hidden\" name=\"_wpcf7\" value=\"462\" \/><input type=\"hidden\" name=\"_wpcf7_version\" value=\"6.1.1\" \/><input type=\"hidden\" name=\"_wpcf7_locale\" value=\"es_ES\" \/><input type=\"hidden\" name=\"_wpcf7_unit_tag\" value=\"wpcf7-f462-o1\" \/><input type=\"hidden\" name=\"_wpcf7_container_post\" value=\"0\" \/><input type=\"hidden\" name=\"_wpcf7_posted_data_hash\" value=\"\" \/>\n<\/fieldset>\n<p><label> Tu nombre*<br \/>\n<span class=\"wpcf7-form-control-wrap\" data-name=\"your-name\"><input size=\"40\" maxlength=\"400\" class=\"wpcf7-form-control wpcf7-text wpcf7-validates-as-required\" aria-required=\"true\" aria-invalid=\"false\" value=\"\" type=\"text\" name=\"your-name\" \/><\/span> <\/label>\n<\/p>\n<p><label> Tu celular*<br \/>\n<span class=\"wpcf7-form-control-wrap\" data-name=\"tel-729\"><input size=\"40\" maxlength=\"400\" class=\"wpcf7-form-control wpcf7-tel wpcf7-text wpcf7-validates-as-tel\" aria-invalid=\"false\" value=\"\" type=\"tel\" name=\"tel-729\" \/><\/span> <\/label>\n<\/p>\n<p><label> Tu correo electr\u00f3nico*<br \/>\n<span class=\"wpcf7-form-control-wrap\" data-name=\"your-email\"><input size=\"40\" maxlength=\"400\" class=\"wpcf7-form-control wpcf7-email wpcf7-validates-as-required wpcf7-text wpcf7-validates-as-email\" aria-required=\"true\" aria-invalid=\"false\" value=\"\" type=\"email\" name=\"your-email\" \/><\/span> <\/label>\n<\/p>\n<p><label> Tu mensaje<br \/>\n<span class=\"wpcf7-form-control-wrap\" data-name=\"your-message\"><textarea cols=\"40\" rows=\"10\" maxlength=\"2000\" class=\"wpcf7-form-control wpcf7-textarea\" aria-invalid=\"false\" name=\"your-message\"><\/textarea><\/span> <\/label>\n<\/p>\n<p><span class=\"wpcf7-form-control-wrap\" data-name=\"acceptance-821\"><span class=\"wpcf7-form-control wpcf7-acceptance\"><span class=\"wpcf7-list-item\"><label><input type=\"checkbox\" name=\"acceptance-821\" value=\"1\" aria-invalid=\"false\" \/><span class=\"wpcf7-list-item-label\">He le\u00eddo y acepto la <a href=\"#\">pol\u00edtica de privacidad<a\\><\/span><\/label><\/span><\/span><\/span><label><br \/>\n<input class=\"wpcf7-form-control wpcf7-submit has-spinner\" type=\"submit\" value=\"Enviar\" \/><\/label>\n<\/p><p style=\"display: none !important;\" class=\"akismet-fields-container\" data-prefix=\"_wpcf7_ak_\"><label>&#916;<textarea name=\"_wpcf7_ak_hp_textarea\" cols=\"45\" rows=\"8\" maxlength=\"100\"><\/textarea><\/label><input type=\"hidden\" id=\"ak_js_1\" name=\"_wpcf7_ak_js\" value=\"163\"\/><script>document.getElementById( \"ak_js_1\" ).setAttribute( \"value\", ( new Date() ).getTime() );<\/script><\/p><div class=\"wpcf7-response-output\" aria-hidden=\"true\"><\/div>\n<\/form>\n<\/div>\n<\/div>\n<p><\/p><\/div>\n<p><\/p>\n<div class=\"wp-block-column is-layout-flow wp-block-column-is-layout-flow\" style=\"flex-basis: 25%;\">&nbsp;<\/div>\n<p><\/p><\/div>\n<p><\/p>\n<p><\/p>\t\t\t\t\t\t\t\t<\/div>\n\t\t\t\t<\/div>\n\t\t\t\t\t<\/div>\n\t\t<\/div>\n\t\t\t\t\t<\/div>\n\t\t<\/section>\n\t\t\t\t<\/div>\n\t\t","protected":false},"excerpt":{"rendered":"<p>COBERTURAS Y PERIODOS DE CARENCIA A partir del 1\u00b0 d\u00eda de vigencia Odontologia** **No aplica para Ambulatorio Especial A partir del 1\u00b0 del 4to mes Renta Diaria por Hospitalizaci\u00f3n** En caso de hospitalizaci\u00f3n a trav\u00e9s del Plan de Beneficios de Salud (EPS) Beneficios Principales Exclusiones CLAUSULADO GUIA UTLIZACI\u00d3N DE SERVICIOS DIRECTORIO M\u00c9DICO Formulario de Contacto [&hellip;]<\/p>\n","protected":false},"author":1,"featured_media":0,"parent":0,"menu_order":2,"comment_status":"closed","ping_status":"closed","template":"","meta":{"om_disable_all_campaigns":false,"footnotes":""},"class_list":["post-35","page","type-page","status-publish","hentry"],"aioseo_notices":[],"_links":{"self":[{"href":"https:\/\/bleidhysaboya-asesora.com\/index.php\/wp-json\/wp\/v2\/pages\/35","targetHints":{"allow":["GET"]}}],"collection":[{"href":"https:\/\/bleidhysaboya-asesora.com\/index.php\/wp-json\/wp\/v2\/pages"}],"about":[{"href":"https:\/\/bleidhysaboya-asesora.com\/index.php\/wp-json\/wp\/v2\/types\/page"}],"author":[{"embeddable":true,"href":"https:\/\/bleidhysaboya-asesora.com\/index.php\/wp-json\/wp\/v2\/users\/1"}],"replies":[{"embeddable":true,"href":"https:\/\/bleidhysaboya-asesora.com\/index.php\/wp-json\/wp\/v2\/comments?post=35"}],"version-history":[{"count":13,"href":"https:\/\/bleidhysaboya-asesora.com\/index.php\/wp-json\/wp\/v2\/pages\/35\/revisions"}],"predecessor-version":[{"id":1656,"href":"https:\/\/bleidhysaboya-asesora.com\/index.php\/wp-json\/wp\/v2\/pages\/35\/revisions\/1656"}],"wp:attachment":[{"href":"https:\/\/bleidhysaboya-asesora.com\/index.php\/wp-json\/wp\/v2\/media?parent=35"}],"curies":[{"name":"wp","href":"https:\/\/api.w.org\/{rel}","templated":true}]}}