{"id":22,"date":"2022-09-28T00:41:00","date_gmt":"2022-09-28T05:41:00","guid":{"rendered":"https:\/\/bleidhysaboya-asesora.com\/?page_id=22"},"modified":"2026-01-07T11:47:39","modified_gmt":"2026-01-07T16:47:39","slug":"original","status":"publish","type":"page","link":"https:\/\/bleidhysaboya-asesora.com\/index.php\/medicina-prepagada\/original\/","title":{"rendered":"Plan Original Plus"},"content":{"rendered":"\n<h2 class=\"wp-block-heading has-text-align-center has-vivid-cyan-blue-color has-text-color has-link-color wp-elements-3f3a28cc8e288ede16b9b1fcb3cb1d45\">COBERTURAS Y PERIODOS DE CARENCIA<\/h2>\n\n\n\n<hr class=\"wp-block-separator has-alpha-channel-opacity\"\/>\n\n\n\n<h2 class=\"wp-block-heading has-vivid-cyan-blue-color has-text-color has-link-color wp-elements-c7ff2e88eaa92651055c080800c329f4\">A partir del 1\u00b0 d\u00eda de vigencia del contrato<\/h2>\n\n\n\n<hr class=\"wp-block-separator has-alpha-channel-opacity\"\/>\n\n\n\n<ul class=\"wp-block-list\">\n<li>Consulta m\u00e9dica en todas las especialidades<\/li>\n\n\n\n<li>Consulta de Psicolog\u00eda, Psiquiatr\u00eda, Nutrici\u00f3n y Diet\u00e9tica<\/li>\n\n\n\n<li>Urgencias ambulatorias y hospitalarias<\/li>\n\n\n\n<li>Cama de acompa\u00f1ante para menores de 15 a\u00f1os y mayores de 65 a\u00f1os<\/li>\n\n\n\n<li>Ex\u00e1menes de diagn\u00f3stico simple: Laboratorio cl\u00ednico, radiograf\u00edas y ecograf\u00edas simples, electrocardiogramas y elecencefalogramas, encoscopias de v\u00edas digestivas. Incluye medios de contraste<\/li>\n\n\n\n<li>Pr\u00f3tesis funcionales hasta por 60 SMMLV por vigencia anual en caso de urgencia. (En procedimiento programado, cubre a partir del 1\u00b0 d\u00eda del 4to mes)<\/li>\n\n\n\n<li>Material de osteos\u00edstesis con tope anual de 60 SMMLV en caso de urgencia. (En procedimiento programado a partir del 1\u00b0 d\u00eda del 4to mes)<\/li>\n\n\n\n<li>Transfuciones de sangre<\/li>\n\n\n\n<li>Rehabilitaci\u00f3n card\u00edaca intrahospitalaria<\/li>\n\n\n\n<li>Terapia respiratoria, ocupacional, de lenguaje y fisioterapia (sesiones ilimitadas)<\/li>\n\n\n\n<li>Urgencias odontol\u00f3gicas<\/li>\n\n\n\n<li>Ambulancia dentro del per\u00edmetro urbano<\/li>\n\n\n\n<li>Ambulancia terrestre intermunicipal<\/li>\n<\/ul>\n\n\n\n<hr class=\"wp-block-separator has-alpha-channel-opacity\"\/>\n\n\n\n<h2 class=\"wp-block-heading has-vivid-cyan-blue-color has-text-color has-link-color wp-elements-4f1e17b0695397aab1099c4363d675a2\">A partir del 1\u00b0 d\u00eda del 4to mes<\/h2>\n\n\n\n<hr class=\"wp-block-separator has-alpha-channel-opacity\"\/>\n\n\n\n<ul class=\"wp-block-list\">\n<li>Hospitalizaci\u00f3n para tratamiento m\u00e9dico y quir\u00fargico (incluye bomba de infusi\u00f3n par manejo del dolor)<\/li>\n\n\n\n<li>Hospitalizaci\u00f3n psiqui\u00e1trica hasta 50 d\u00edas\/a\u00f1o<\/li>\n\n\n\n<li>Aud\u00edfonos hasta 1.4 SMMLV<\/li>\n\n\n\n<li>Lente intraocular hasta 1 SMMLV<\/li>\n\n\n\n<li>Di\u00e1lisis peritoneal y hemodi\u00e1lisis para afecci\u00f3n renal aguda de car\u00e1cter reversible (8 sesiones)<\/li>\n\n\n\n<li>Ex\u00e1menes especializados de diagn\u00f3stico<\/li>\n\n\n\n<li>Polisomnograma<\/li>\n\n\n\n<li>Pruebas de alergia<\/li>\n\n\n\n<li>Muerte cerebral o encef\u00e1lica, 2 d\u00edas de hospitalizaci\u00f3n<\/li>\n\n\n\n<li>Estado de coma, 30 d\u00edas de hospitalizaci\u00f3n, siempre y cuando sea en UCI o unidad de reci\u00e9n nacido<\/li>\n<\/ul>\n\n\n\n<hr class=\"wp-block-separator has-alpha-channel-opacity\"\/>\n\n\n\n<h3 class=\"wp-block-heading has-vivid-cyan-blue-color has-text-color has-link-color wp-elements-b448e6a1365bf1320b1bec214d8de507\">Maternidad<\/h3>\n\n\n\n<hr class=\"wp-block-separator has-alpha-channel-opacity\"\/>\n\n\n\n<ul class=\"wp-block-list\">\n<li>La mujer debe quedar embarazada a partir del d\u00eda 91 de vigencia del contrato*<\/li>\n\n\n\n<li>Controles prenatales<\/li>\n\n\n\n<li>Ex\u00e1menes simples y especializados<\/li>\n\n\n\n<li>Parto normal o ces\u00e1rea, aborto espont\u00e1neo, parto prematuro y urgencia obst\u00e9trica<\/li>\n\n\n\n<li>Atenci\u00f3n neonatal m\u00e9dica y hospitalaria al reci\u00e9n nacido, cobertura los primeros 30 d\u00edas<\/li>\n\n\n\n<li>Surfactante pulmonar para el reci\u00e9n nacido<\/li>\n\n\n\n<li>Cobertura de enfermedades cong\u00e9nitas y pruebas de tamizaje neonatal para el recien nacido<\/li>\n\n\n\n<li>* El beb\u00e9 debe incluirse en el mismo contrato dentro de los primeros 30 d\u00edas de vida, para no perder los beneficios<\/li>\n<\/ul>\n\n\n\n<hr class=\"wp-block-separator has-alpha-channel-opacity\"\/>\n\n\n\n<h2 class=\"wp-block-heading has-vivid-cyan-blue-color has-text-color has-link-color wp-elements-dd5a8f8882a821b736a1f896f06b6efd\">A partir del 1\u00b0 d\u00eda del mes 11<\/h2>\n\n\n\n<hr class=\"wp-block-separator has-alpha-channel-opacity\"\/>\n\n\n\n<ul class=\"wp-block-list\">\n<li>Servicios m\u00e9dicos, de diagn\u00f3stico y hospitalarios para tratamiento de c\u00e1lculos biliares y c\u00e1lculos renales, diagn\u00f3sticados despu\u00e9s de 10 meses de vigencia del contrato<\/li>\n<\/ul>\n\n\n\n<hr class=\"wp-block-separator has-alpha-channel-opacity\"\/>\n\n\n\n<h2 class=\"wp-block-heading has-vivid-cyan-blue-color has-text-color has-link-color wp-elements-5c9b53597500fae4bf9f6728b4176a8c\">A partir del 1\u00b0 d\u00eda del mes 13<\/h2>\n\n\n\n<hr class=\"wp-block-separator has-alpha-channel-opacity\"\/>\n\n\n\n<ul class=\"wp-block-list\">\n<li>Cirug\u00eda de vasectom\u00eda y pomeroy<\/li>\n<\/ul>\n\n\n\n<hr class=\"wp-block-separator has-alpha-channel-opacity\"\/>\n\n\n\n<h3 class=\"wp-block-heading has-vivid-cyan-blue-color has-text-color has-link-color wp-elements-0e00d9ebc2de81fecbab42b883776255\">Oncolog\u00eda<\/h3>\n\n\n\n<hr class=\"wp-block-separator has-alpha-channel-opacity\"\/>\n\n\n\n<h3 class=\"wp-block-heading has-light-green-cyan-color has-text-color has-link-color wp-elements-5738896ae2c131ba12e5cd8b67b17adf\"><a href=\"https:\/\/youtu.be\/2Ozs4fUF6jI?si=5s_ZTusgpjMkxWas\" target=\"_blank\" rel=\"noreferrer noopener\">Programa Acompa\u00f1ar para Sanar<\/a><\/h3>\n\n\n\n<hr class=\"wp-block-separator has-alpha-channel-opacity\"\/>\n\n\n\n<ul class=\"wp-block-list\">\n<li>Consulta especializada<\/li>\n\n\n\n<li>Hospitalizaci\u00f3n para tratamiento m\u00e9dico y\/o quir\u00fargico<\/li>\n\n\n\n<li>Medicamentos comerciales ambulatorios e intrahospitalarios<\/li>\n\n\n\n<li>Terapias: Cobaltoterapia, radioterapia,hormonoterapia, quimioterapia y yodoterapia, se excluye transplante de m\u00e9dula \u00f3sea<\/li>\n\n\n\n<li>Aplica no s\u00f3lo para c\u00e1ncer, sino para todas las patolog\u00edas relacionadas con la defici\u00f3n de oncolog\u00eda, masas o tumores sean benignos o malignos<\/li>\n\n\n\n<li>Medicamentos coadyuvantes para efectos secundarios<\/li>\n<\/ul>\n\n\n\n<hr class=\"wp-block-separator has-alpha-channel-opacity\"\/>\n\n\n\n<h2 class=\"wp-block-heading has-vivid-cyan-blue-color has-text-color has-link-color wp-elements-31bdca0e68d0e02cd89bfc7c2436b8df\">A partir del 1\u00b0 d\u00eda del 4to a\u00f1o<\/h2>\n\n\n\n<hr class=\"wp-block-separator has-alpha-channel-opacity\"\/>\n\n\n\n<h3 class=\"wp-block-heading has-vivid-cyan-blue-color has-text-color has-link-color wp-elements-e6164ad7540bcbd7d4162e4ac8b4c35b\">VIH Sida<\/h3>\n\n\n\n<ul class=\"wp-block-list\">\n<li>Cobertura hospitalaria a usuarios con diagn\u00f3stico de S\u00edndrome de Inmunodeficiencia Adquirida (SIDA)<\/li>\n\n\n\n<li>No se cubren los medicamentos inmunomodulares y retrovirales para tratamiento hospitalario y ambulatorio<\/li>\n<\/ul>\n\n\n\n<hr class=\"wp-block-separator has-alpha-channel-opacity\"\/>\n\n\n\n<h2 class=\"wp-block-heading has-vivid-cyan-blue-color has-text-color has-link-color wp-elements-ec396485c0fc5397f6362eda0dd56915\">A partir del 1\u00b0 d\u00eda del 6to a\u00f1o<\/h2>\n\n\n\n<hr class=\"wp-block-separator has-alpha-channel-opacity\"\/>\n\n\n\n<h3 class=\"wp-block-heading has-vivid-cyan-blue-color has-text-color has-link-color wp-elements-1f1711e28d6421924917ce9790af5238\">Trasplantes<\/h3>\n\n\n\n<hr class=\"wp-block-separator has-alpha-channel-opacity\"\/>\n\n\n\n<ul class=\"wp-block-list\">\n<li>Ri\u00f1\u00f3n y C\u00f3rnea<\/li>\n\n\n\n<li>No se cubre la consecusi\u00f3n del \u00f3rgano<\/li>\n<\/ul>\n\n\n\n<hr class=\"wp-block-separator has-alpha-channel-opacity\"\/>\n\n\n\n<h2 class=\"wp-block-heading has-text-align-center has-vivid-cyan-blue-color has-text-color has-link-color wp-elements-db539f0dd2dde7b88a32969826285731\">ANEXO DE MATERNIDAD<\/h2>\n\n\n\n<hr class=\"wp-block-separator has-alpha-channel-opacity\"\/>\n\n\n\n<p>Aplica para las mujeres que deseen ingresar embarazadas al plan de medicina prepagada o que queden en embarazo en per\u00edodo de carencia<\/p>\n\n\n\n<ul class=\"wp-block-list\">\n<li>Da cubrimiento a gastos m\u00e9dicos y hospitalarios generados por los controles<\/li>\n\n\n\n<li>Incluye atenci\u00f3n del parto o ces\u00e1rea en las instituciones del plan de medicina prepagada, atendida por gineco-obstetra adscrito<\/li>\n<\/ul>\n\n\n\n<hr class=\"wp-block-separator has-alpha-channel-opacity\"\/>\n\n\n\n<h3 class=\"wp-block-heading has-luminous-vivid-orange-color has-text-color has-link-color wp-elements-2a0a586e4968d68a2cdbc5f20cb65e54\">Condiciones<\/h3>\n\n\n\n<hr class=\"wp-block-separator has-alpha-channel-opacity\"\/>\n\n\n\n<ul class=\"wp-block-list\">\n<li>\u00danicamente para mujeres con edad entre 18 y 35 a\u00f1os<\/li>\n\n\n\n<li>Vena entre la semana 13 a 35 de gestaci\u00f3n<\/li>\n\n\n\n<li>Sin antecedentes de alguna enfermedad cong\u00e9nita del beb\u00e9 en gestaci\u00f3n<\/li>\n\n\n\n<li>No aplica para embarazo m\u00faltiple<\/li>\n\n\n\n<li>No haber tenido concepci\u00f3n por medios asistidos (inseminaci\u00f3n artificial, fertilizaci\u00f3n in vitro, entre otras)<\/li>\n<\/ul>\n\n\n\n<hr class=\"wp-block-separator has-alpha-channel-opacity\"\/>\n\n\n\n<h3 class=\"wp-block-heading has-luminous-vivid-orange-color has-text-color has-link-color wp-elements-982e221391e63a8cfd8da7b5a784fd81\">Requisitos<\/h3>\n\n\n\n<hr class=\"wp-block-separator has-alpha-channel-opacity\"\/>\n\n\n\n<ul class=\"wp-block-list\">\n<li>La gestante debe ingresar con otro beneficiario asegurable y adjuntar:\n<ul class=\"wp-block-list\">\n<li>* Declaraci\u00f3n de salud de cada usuario<\/li>\n\n\n\n<li>* Ecograf\u00eda obst\u00e9trica reciente (1 semana), formato de riesgo obst\u00e9trico diligenciado por el gineco-obstetra, copia de la historia cl\u00ednica de gineco-obstetricia con el m\u00e9dico tratante<\/li>\n<\/ul>\n<\/li>\n\n\n\n<li>Sujeto a aprobaci\u00f3n del Comit\u00e9 m\u00e9dico<\/li>\n\n\n\n<li>El Anexo debe estar cancelado en su totalidad cuando la usuaria requiera la atenci\u00f3n del parto<\/li>\n\n\n\n<li>El reci\u00e9n nacido no cuenta con cobertura<\/li>\n<\/ul>\n\n\n\n<hr class=\"wp-block-separator has-alpha-channel-opacity\"\/>\n\n\n\n<h2 class=\"wp-block-heading has-text-align-center has-vivid-cyan-blue-color has-text-color has-link-color wp-elements-5ed4f9e5229e4d94b1ea024a1df9eca5\">ASISTENCIAS <\/h2>\n\n\n\n<hr class=\"wp-block-separator has-alpha-channel-opacity\"\/>\n\n\n\n<h3 class=\"wp-block-heading has-light-green-cyan-color has-text-color has-link-color wp-elements-c42c25317531174b2b145519f4e503ec\"><a href=\"https:\/\/bleidhysaboya-asesora.com\/index.php\/asistencias-nacionales\/\" target=\"_blank\" rel=\"noopener\" title=\"\"><\/a><a href=\"https:\/\/bleidhysaboya-asesora.com\/index.php\/asistencias-nacionales\/\" target=\"_blank\" rel=\"noreferrer noopener\">Asistencias Nacionales<\/a><\/h3>\n\n\n\n<hr class=\"wp-block-separator has-alpha-channel-opacity\"\/>\n\n\n\n<ul class=\"wp-block-list\">\n<li>Servicio de conductor y veh\u00edculo para asistir a citas m\u00e9dicas y\/o cita de vacunaci\u00f3n contra el COVID19 para luego regresar a casa<\/li>\n\n\n\n<li>Orientaci\u00f3n telef\u00f3nica veterinaria para mascotas<\/li>\n\n\n\n<li>Orientador acad\u00e9mico en caso de incapacidad m\u00e9dica mayor a 5 d\u00edas para ni\u00f1os de 6 a 16 a\u00f1os<\/li>\n\n\n\n<li>Orientaci\u00f3n psicol\u00f3gica telef\u00f3nica ilimitada<\/li>\n\n\n\n<li>Orientaci\u00f3n nutricional telef\u00f3nica ilimitada<\/li>\n<\/ul>\n\n\n\n<hr class=\"wp-block-separator has-alpha-channel-opacity\"\/>\n\n\n\n<h3 class=\"wp-block-heading has-vivid-cyan-blue-color has-text-color has-link-color wp-elements-2b0f7aaad7fc048d44958900d8b82421\">Emerm\u00e9dica<\/h3>\n\n\n\n<hr class=\"wp-block-separator has-alpha-channel-opacity\"\/>\n\n\n\n<ul class=\"wp-block-list\">\n<li>M\u00e9dico domiciliario, ambulancia per\u00edmetro urbano (5 primeras atenciones sin pago de bono)<\/li>\n\n\n\n<li>Servicio de Teleconsulta ilimitado<\/li>\n\n\n\n<li>Toma de Muestras a domicilio<\/li>\n\n\n\n<li>Servicio de farmacia a domicilio <\/li>\n<\/ul>\n\n\n\n<hr class=\"wp-block-separator has-alpha-channel-opacity\"\/>\n\n\n\n<hr class=\"wp-block-separator has-alpha-channel-opacity\"\/>\n\n\n\n<h3 class=\"wp-block-heading has-light-green-cyan-color has-text-color has-link-color wp-elements-5aa93a8f4afce5c1aebcb82bc8fc759a\"><a href=\"https:\/\/bleidhysaboya-asesora.com\/wp-content\/uploads\/2025\/10\/cartilla-bienvenida-original-plus.pdf\" target=\"_blank\" rel=\"noopener\" title=\"\">Asistencia M\u00e9dica en viaje al Exterior<\/a><\/h3>\n\n\n\n<hr class=\"wp-block-separator has-alpha-channel-opacity\"\/>\n\n\n\n<ul class=\"wp-block-list\">\n<li>Cobertura por 120 d\u00edas por viaje<\/li>\n\n\n\n<li>Hasta USD 30.000\/evento<\/li>\n\n\n\n<li>Hasta USD 3.000\/preexistencia \/evento<\/li>\n\n\n\n<li>Hast USD 1.500\/medicamentos<\/li>\n\n\n\n<li>Hasta USD 1.000\/complicaciones del embarazo<\/li>\n\n\n\n<li>Deducible USD 100<\/li>\n\n\n\n<li>L\u00edmite de edad: 75 a\u00f1os<\/li>\n<\/ul>\n\n\n\n<hr class=\"wp-block-separator has-alpha-channel-opacity\"\/>\n\n\n\n<h3 class=\"wp-block-heading has-light-green-cyan-color has-text-color has-link-color wp-elements-9794218d406702c01c91eaa0410fae4e\"><a href=\"https:\/\/bleidhysaboya-asesora.com\/wp-content\/uploads\/2025\/10\/cartilla-bienvenida-original-plus.pdf\" target=\"_blank\" rel=\"noopener\" title=\"\">Tu Bienestar es el nuestro<\/a><\/h3>\n\n\n\n<hr class=\"wp-block-separator has-alpha-channel-opacity\"\/>\n\n\n\n<ul class=\"wp-block-list\">\n<li><strong>Programa Materno Infantil<\/strong>\n<ul class=\"wp-block-list\">\n<li>&#8211; \u00abEsper\u00e1ndote con amor\u00bb (Curso psicoprofil\u00e1ctico)<\/li>\n\n\n\n<li>&#8211; \u00abCon sabor a mam\u00e1\u00bb (2 sesiones de asesoria en lactancia materna domiciliaria<\/li>\n\n\n\n<li>&#8211; \u00abLa aventura de explorar\u00bb (10 sesiones de estimulaci\u00f3n oportuna para menores de 1 a\u00f1o)<\/li>\n\n\n\n<li>&#8211; \u00abEscuela de padres\u00bb (3 sesiones de asesor\u00eda para los pap\u00e1s del menor de 6 a\u00f1os)<\/li>\n<\/ul>\n<\/li>\n\n\n\n<li><strong>Programas Vida Saludable<\/strong>\n<ul class=\"wp-block-list\">\n<li>&#8211; \u00abVida saludable\u00bb (Detecci\u00f3n oportuna y prevenci\u00f3n de enfermedades)<\/li>\n\n\n\n<li>&#8211; \u00abPrevenci\u00f3n mujer\u00bb (Acompa\u00f1amiento telef\u00f3nico a mujer con resultados alterados. Prevenci\u00f3n de c\u00e1ncer de mama y cuello uterino)<\/li>\n<\/ul>\n<\/li>\n\n\n\n<li><strong>Programas de Salud Pacientes con Riesgo<\/strong>\n<ul class=\"wp-block-list\">\n<li>&#8211; \u00abCuidando tu salud\u00bb (Control de paciente con hipertensi\u00f3n, diabetes, dislipidemia, sobrepeso u obesidad)<\/li>\n<\/ul>\n<\/li>\n\n\n\n<li><strong>Estilos de Vida Saludable<\/strong><\/li>\n<\/ul>\n\n\n\n<hr class=\"wp-block-separator has-alpha-channel-opacity\"\/>\n\n\n\n<h3 class=\"wp-block-heading has-vivid-cyan-blue-color has-text-color has-link-color wp-elements-8a61b3930ba4d5ef5c7c3f9da853e38b\">Otros Beneficios<\/h3>\n\n\n\n<ul class=\"wp-block-list\">\n<li>&#8211; Semana de la salud en colectivos (empresas)<\/li>\n\n\n\n<li>&#8211; Revista Salud en familia<\/li>\n\n\n\n<li>&#8211; Bolet\u00edn Salud<\/li>\n\n\n\n<li>&#8211; Revista Manat\u00ed<\/li>\n\n\n\n<li>&#8211; P\u00e1gina Web<\/li>\n<\/ul>\n\n\n\n<hr class=\"wp-block-separator has-alpha-channel-opacity\"\/>\n\n\n\n<h4 class=\"wp-block-heading has-light-green-cyan-color has-text-color has-link-color wp-elements-652d26991c7fdfd39f21217df3164798\"><a href=\"https:\/\/bleidhysaboya-asesora.com\/wp-content\/uploads\/2025\/10\/clausulado-plan-original-plus.pdf\" target=\"_blank\" rel=\"noopener\" title=\"\">CLAUSULADO<\/a><\/h4>\n\n\n\n<h4 class=\"wp-block-heading has-light-green-cyan-color has-text-color has-link-color wp-elements-7a34a075f6a529f14c7f7270e7256453\"><a href=\"https:\/\/bleidhysaboya-asesora.com\/wp-content\/uploads\/2026\/01\/CARTILLA-ORIGINAL-2026.pdf\" target=\"_blank\" rel=\"noopener\" title=\"\">MANUAL DE UTILIZACI\u00d3N<\/a><\/h4>\n\n\n\n<h4 class=\"wp-block-heading has-light-green-cyan-color has-text-color has-link-color wp-elements-95e8318d44d5369ea80c6439797bb946\"><a href=\"https:\/\/www.axacolpatria.co\/es\/directorio-medico\" target=\"_blank\" rel=\"noopener\" title=\"\">DIRECTORIO M\u00c9DICO<\/a><\/h4>\n\n\n\n<hr class=\"wp-block-separator has-alpha-channel-opacity\"\/>\n\n\n\n<hr class=\"wp-block-separator has-alpha-channel-opacity\"\/>\n\n\n\n<h2 class=\"wp-block-heading has-text-align-center has-vivid-cyan-blue-color has-text-color has-link-color wp-elements-9d013ed19d21a902c320b33227c62ea1\">Formulario de Contacto<\/h2>\n\n\n\n<div class=\"wp-block-columns is-layout-flex wp-container-core-columns-is-layout-9d6595d7 wp-block-columns-is-layout-flex\">\n<div class=\"wp-block-column is-layout-flow wp-block-column-is-layout-flow\" style=\"flex-basis:25%\"><\/div>\n\n\n\n<div class=\"wp-block-column is-layout-flow wp-block-column-is-layout-flow\" style=\"flex-basis:50%\">\n<div class=\"wp-block-contact-form-7-contact-form-selector\">\n<div class=\"wpcf7 no-js\" id=\"wpcf7-f462-o1\" lang=\"es-ES\" dir=\"ltr\" data-wpcf7-id=\"462\">\n<div class=\"screen-reader-response\"><p role=\"status\" aria-live=\"polite\" aria-atomic=\"true\"><\/p> <ul><\/ul><\/div>\n<form action=\"\/index.php\/wp-json\/wp\/v2\/pages\/22#wpcf7-f462-o1\" method=\"post\" class=\"wpcf7-form init\" aria-label=\"Formulario de contacto\" novalidate=\"novalidate\" data-status=\"init\">\n<fieldset class=\"hidden-fields-container\"><input type=\"hidden\" name=\"_wpcf7\" value=\"462\" \/><input type=\"hidden\" name=\"_wpcf7_version\" value=\"6.1.1\" \/><input type=\"hidden\" name=\"_wpcf7_locale\" value=\"es_ES\" \/><input type=\"hidden\" name=\"_wpcf7_unit_tag\" value=\"wpcf7-f462-o1\" \/><input type=\"hidden\" name=\"_wpcf7_container_post\" value=\"0\" \/><input type=\"hidden\" name=\"_wpcf7_posted_data_hash\" value=\"\" \/>\n<\/fieldset>\n<p><label> Tu nombre*<br \/>\n<span class=\"wpcf7-form-control-wrap\" data-name=\"your-name\"><input size=\"40\" maxlength=\"400\" class=\"wpcf7-form-control wpcf7-text wpcf7-validates-as-required\" aria-required=\"true\" aria-invalid=\"false\" value=\"\" type=\"text\" name=\"your-name\" \/><\/span> <\/label>\n<\/p>\n<p><label> Tu celular*<br \/>\n<span class=\"wpcf7-form-control-wrap\" data-name=\"tel-729\"><input size=\"40\" maxlength=\"400\" class=\"wpcf7-form-control wpcf7-tel wpcf7-text wpcf7-validates-as-tel\" aria-invalid=\"false\" value=\"\" type=\"tel\" name=\"tel-729\" \/><\/span> <\/label>\n<\/p>\n<p><label> Tu correo electr\u00f3nico*<br \/>\n<span class=\"wpcf7-form-control-wrap\" data-name=\"your-email\"><input size=\"40\" maxlength=\"400\" class=\"wpcf7-form-control wpcf7-email wpcf7-validates-as-required wpcf7-text wpcf7-validates-as-email\" aria-required=\"true\" aria-invalid=\"false\" value=\"\" type=\"email\" name=\"your-email\" \/><\/span> <\/label>\n<\/p>\n<p><label> Tu mensaje<br \/>\n<span class=\"wpcf7-form-control-wrap\" data-name=\"your-message\"><textarea cols=\"40\" rows=\"10\" maxlength=\"2000\" class=\"wpcf7-form-control wpcf7-textarea\" aria-invalid=\"false\" name=\"your-message\"><\/textarea><\/span> <\/label>\n<\/p>\n<p><span class=\"wpcf7-form-control-wrap\" data-name=\"acceptance-821\"><span class=\"wpcf7-form-control wpcf7-acceptance\"><span class=\"wpcf7-list-item\"><label><input type=\"checkbox\" name=\"acceptance-821\" value=\"1\" aria-invalid=\"false\" \/><span class=\"wpcf7-list-item-label\">He le\u00eddo y acepto la <a href=\"#\">pol\u00edtica de privacidad<a\\><\/span><\/label><\/span><\/span><\/span><label><br \/>\n<input class=\"wpcf7-form-control wpcf7-submit has-spinner\" type=\"submit\" value=\"Enviar\" \/><\/label>\n<\/p><p style=\"display: none !important;\" class=\"akismet-fields-container\" data-prefix=\"_wpcf7_ak_\"><label>&#916;<textarea name=\"_wpcf7_ak_hp_textarea\" cols=\"45\" rows=\"8\" maxlength=\"100\"><\/textarea><\/label><input type=\"hidden\" id=\"ak_js_1\" name=\"_wpcf7_ak_js\" value=\"209\"\/><script>document.getElementById( \"ak_js_1\" ).setAttribute( \"value\", ( new Date() ).getTime() );<\/script><\/p><div class=\"wpcf7-response-output\" aria-hidden=\"true\"><\/div>\n<\/form>\n<\/div>\n<\/div>\n<\/div>\n\n\n\n<div class=\"wp-block-column is-layout-flow wp-block-column-is-layout-flow\" style=\"flex-basis:25%\"><\/div>\n<\/div>\n","protected":false},"excerpt":{"rendered":"<p>COBERTURAS Y PERIODOS DE CARENCIA A partir del 1\u00b0 d\u00eda de vigencia del contrato A partir del 1\u00b0 d\u00eda del 4to mes Maternidad A partir del 1\u00b0 d\u00eda del mes 11 A partir del 1\u00b0 d\u00eda del mes 13 Oncolog\u00eda Programa Acompa\u00f1ar para Sanar A partir del 1\u00b0 d\u00eda del 4to a\u00f1o VIH Sida A [&hellip;]<\/p>\n","protected":false},"author":1,"featured_media":0,"parent":7,"menu_order":2,"comment_status":"closed","ping_status":"closed","template":"","meta":{"om_disable_all_campaigns":false,"footnotes":""},"class_list":["post-22","page","type-page","status-publish","hentry"],"aioseo_notices":[],"_links":{"self":[{"href":"https:\/\/bleidhysaboya-asesora.com\/index.php\/wp-json\/wp\/v2\/pages\/22","targetHints":{"allow":["GET"]}}],"collection":[{"href":"https:\/\/bleidhysaboya-asesora.com\/index.php\/wp-json\/wp\/v2\/pages"}],"about":[{"href":"https:\/\/bleidhysaboya-asesora.com\/index.php\/wp-json\/wp\/v2\/types\/page"}],"author":[{"embeddable":true,"href":"https:\/\/bleidhysaboya-asesora.com\/index.php\/wp-json\/wp\/v2\/users\/1"}],"replies":[{"embeddable":true,"href":"https:\/\/bleidhysaboya-asesora.com\/index.php\/wp-json\/wp\/v2\/comments?post=22"}],"version-history":[{"count":34,"href":"https:\/\/bleidhysaboya-asesora.com\/index.php\/wp-json\/wp\/v2\/pages\/22\/revisions"}],"predecessor-version":[{"id":1575,"href":"https:\/\/bleidhysaboya-asesora.com\/index.php\/wp-json\/wp\/v2\/pages\/22\/revisions\/1575"}],"up":[{"embeddable":true,"href":"https:\/\/bleidhysaboya-asesora.com\/index.php\/wp-json\/wp\/v2\/pages\/7"}],"wp:attachment":[{"href":"https:\/\/bleidhysaboya-asesora.com\/index.php\/wp-json\/wp\/v2\/media?parent=22"}],"curies":[{"name":"wp","href":"https:\/\/api.w.org\/{rel}","templated":true}]}}