{"id":2,"date":"2022-09-27T23:27:52","date_gmt":"2022-09-28T04:27:52","guid":{"rendered":"https:\/\/bleidhysaboya-asesora.com\/?page_id=2"},"modified":"2026-03-15T22:23:34","modified_gmt":"2026-03-16T03:23:34","slug":"inicio","status":"publish","type":"page","link":"https:\/\/bleidhysaboya-asesora.com\/index.php\/inicio\/","title":{"rendered":"Inicio"},"content":{"rendered":"\n<figure class=\"wp-block-image alignwide size-full\"><a href=\"https:\/\/bleidhysaboya-asesora.com\/index.php\/contacto\/\"><img fetchpriority=\"high\" decoding=\"async\" width=\"1366\" height=\"637\" src=\"https:\/\/bleidhysaboya-asesora.com\/wp-content\/uploads\/2026\/03\/Polizas-de-Salud-4.png\" alt=\"\" class=\"wp-image-1617\" srcset=\"https:\/\/bleidhysaboya-asesora.com\/wp-content\/uploads\/2026\/03\/Polizas-de-Salud-4.png 1366w, https:\/\/bleidhysaboya-asesora.com\/wp-content\/uploads\/2026\/03\/Polizas-de-Salud-4-300x140.png 300w, https:\/\/bleidhysaboya-asesora.com\/wp-content\/uploads\/2026\/03\/Polizas-de-Salud-4-1024x478.png 1024w, https:\/\/bleidhysaboya-asesora.com\/wp-content\/uploads\/2026\/03\/Polizas-de-Salud-4-768x358.png 768w\" sizes=\"(max-width: 1366px) 100vw, 1366px\" \/><\/a><\/figure>\n\n\n\n<h1 class=\"wp-block-heading has-text-align-center has-vivid-cyan-blue-color has-text-color has-link-color wp-elements-312f4961cc252f84c3bc40a89781d8b6\">Planes de Salud AXA COLPATRIA<\/h1>\n\n\n\n<p class=\"has-text-align-center has-medium-font-size\">Actualmente <strong>AXA COLPATRIA<\/strong> cuenta con m\u00e1s de 500 mil afiliados en Planes de Salud. Ofrece un amplio portafolio de productos dise\u00f1ados y enfocados al bienestar y salud de las familias colombianas.<\/p>\n\n\n\n<div class=\"wp-block-columns is-layout-flex wp-container-core-columns-is-layout-9d6595d7 wp-block-columns-is-layout-flex\">\n<div class=\"wp-block-column is-vertically-aligned-top is-layout-flow wp-block-column-is-layout-flow\">\n<div class=\"wp-block-group has-medium-font-size\"><div class=\"wp-block-group__inner-container is-layout-constrained wp-block-group-is-layout-constrained\">\n<div class=\"wp-block-cover aligncenter has-custom-content-position is-position-bottom-center wp-duotone-unset-1\"><img decoding=\"async\" width=\"378\" height=\"378\" class=\"wp-block-cover__image-background wp-image-495\" alt=\"Planes de Medicina Prepagada\" src=\"https:\/\/bleidhysaboya-asesora.com\/wp-content\/uploads\/2022\/09\/Medicina-Prepagada.jpg\" data-object-fit=\"cover\" srcset=\"https:\/\/bleidhysaboya-asesora.com\/wp-content\/uploads\/2022\/09\/Medicina-Prepagada.jpg 378w, https:\/\/bleidhysaboya-asesora.com\/wp-content\/uploads\/2022\/09\/Medicina-Prepagada-300x300.jpg 300w, https:\/\/bleidhysaboya-asesora.com\/wp-content\/uploads\/2022\/09\/Medicina-Prepagada-150x150.jpg 150w, https:\/\/bleidhysaboya-asesora.com\/wp-content\/uploads\/2022\/09\/Medicina-Prepagada-100x100.jpg 100w\" sizes=\"(max-width: 378px) 100vw, 378px\" \/><span aria-hidden=\"true\" class=\"wp-block-cover__background has-background-dim\"><\/span><div class=\"wp-block-cover__inner-container is-layout-flow wp-block-cover-is-layout-flow\">\n<p class=\"has-text-align-center has-white-color has-text-color has-link-color has-large-font-size wp-elements-bfe9989c319678f2f2d46ee87c1cde17\"><a href=\"https:\/\/bleidhysaboya-asesora.com\/index.php\/medicina-prepagada\/\" target=\"_blank\" rel=\"noopener\" title=\"\">Planes de Medicina Prepagada<\/a><\/p>\n<\/div><\/div>\n<\/div><\/div>\n<\/div>\n\n\n\n<div class=\"wp-block-column is-layout-flow wp-block-column-is-layout-flow\">\n<div class=\"wp-block-cover has-custom-content-position is-position-bottom-center\"><img decoding=\"async\" width=\"378\" height=\"378\" class=\"wp-block-cover__image-background wp-image-496\" alt=\"\" src=\"https:\/\/bleidhysaboya-asesora.com\/wp-content\/uploads\/2022\/09\/Amparados.jpg\" data-object-fit=\"cover\" srcset=\"https:\/\/bleidhysaboya-asesora.com\/wp-content\/uploads\/2022\/09\/Amparados.jpg 378w, https:\/\/bleidhysaboya-asesora.com\/wp-content\/uploads\/2022\/09\/Amparados-300x300.jpg 300w, https:\/\/bleidhysaboya-asesora.com\/wp-content\/uploads\/2022\/09\/Amparados-150x150.jpg 150w, https:\/\/bleidhysaboya-asesora.com\/wp-content\/uploads\/2022\/09\/Amparados-100x100.jpg 100w\" sizes=\"(max-width: 378px) 100vw, 378px\" \/><span aria-hidden=\"true\" class=\"wp-block-cover__background has-background-dim\"><\/span><div class=\"wp-block-cover__inner-container is-layout-flow wp-block-cover-is-layout-flow\">\n<p class=\"has-text-align-center has-white-color has-text-color has-link-color has-large-font-size wp-elements-9e8eadf2f43042ae20a7b537f564a196\"><a href=\"https:\/\/bleidhysaboya-asesora.com\/index.php\/polizas-amparadas\/\" target=\"_blank\" rel=\"noopener\" title=\"P\u00f3lizas Amparadas\">Planes Premium<\/a><\/p>\n<\/div><\/div>\n<\/div>\n\n\n\n<div class=\"wp-block-column is-layout-flow wp-block-column-is-layout-flow\">\n<div class=\"wp-block-cover has-custom-content-position is-position-bottom-center\"><img loading=\"lazy\" decoding=\"async\" width=\"377\" height=\"378\" class=\"wp-block-cover__image-background wp-image-497\" alt=\"\" src=\"https:\/\/bleidhysaboya-asesora.com\/wp-content\/uploads\/2022\/09\/Complementarios.jpg\" data-object-fit=\"cover\" srcset=\"https:\/\/bleidhysaboya-asesora.com\/wp-content\/uploads\/2022\/09\/Complementarios.jpg 377w, https:\/\/bleidhysaboya-asesora.com\/wp-content\/uploads\/2022\/09\/Complementarios-300x300.jpg 300w, https:\/\/bleidhysaboya-asesora.com\/wp-content\/uploads\/2022\/09\/Complementarios-150x150.jpg 150w, https:\/\/bleidhysaboya-asesora.com\/wp-content\/uploads\/2022\/09\/Complementarios-100x100.jpg 100w\" sizes=\"(max-width: 377px) 100vw, 377px\" \/><span aria-hidden=\"true\" class=\"wp-block-cover__background has-background-dim\"><\/span><div class=\"wp-block-cover__inner-container is-layout-flow wp-block-cover-is-layout-flow\">\n<p class=\"has-text-align-center has-white-color has-text-color has-link-color has-large-font-size wp-elements-8955f9e7136fd7b5decb903406449bd7\"><a href=\"https:\/\/bleidhysaboya-asesora.com\/index.php\/complementarios-2\/\" target=\"_blank\" rel=\"noopener\" title=\"Planes Complementarios\">Planes Complementarios<\/a><\/p>\n<\/div><\/div>\n<\/div>\n<\/div>\n\n\n\n<div class=\"wp-block-columns is-layout-flex wp-container-core-columns-is-layout-9d6595d7 wp-block-columns-is-layout-flex\">\n<div class=\"wp-block-column is-layout-flow wp-block-column-is-layout-flow\">\n<div class=\"wp-block-cover has-custom-content-position is-position-bottom-center\"><img loading=\"lazy\" decoding=\"async\" width=\"1020\" height=\"1024\" class=\"wp-block-cover__image-background wp-image-498\" alt=\"\" src=\"https:\/\/bleidhysaboya-asesora.com\/wp-content\/uploads\/2022\/09\/Empresas-1020x1024.jpg\" data-object-fit=\"cover\" srcset=\"https:\/\/bleidhysaboya-asesora.com\/wp-content\/uploads\/2022\/09\/Empresas-1020x1024.jpg 1020w, https:\/\/bleidhysaboya-asesora.com\/wp-content\/uploads\/2022\/09\/Empresas-300x300.jpg 300w, https:\/\/bleidhysaboya-asesora.com\/wp-content\/uploads\/2022\/09\/Empresas-150x150.jpg 150w, https:\/\/bleidhysaboya-asesora.com\/wp-content\/uploads\/2022\/09\/Empresas-768x771.jpg 768w, https:\/\/bleidhysaboya-asesora.com\/wp-content\/uploads\/2022\/09\/Empresas-100x100.jpg 100w, https:\/\/bleidhysaboya-asesora.com\/wp-content\/uploads\/2022\/09\/Empresas.jpg 1299w\" sizes=\"(max-width: 1020px) 100vw, 1020px\" \/><span aria-hidden=\"true\" class=\"wp-block-cover__background has-background-dim\"><\/span><div class=\"wp-block-cover__inner-container is-layout-flow wp-block-cover-is-layout-flow\">\n<p class=\"has-text-align-center has-white-color has-text-color has-link-color has-large-font-size wp-elements-b7d310ff60d4200eff3791e63e4ea32a\"><a href=\"https:\/\/bleidhysaboya-asesora.com\/index.php\/empresas\/\" target=\"_blank\" rel=\"noopener\" title=\"Planes Empresariales\">Planes Empresariales<\/a><\/p>\n<\/div><\/div>\n<\/div>\n\n\n\n<div class=\"wp-block-column is-layout-flow wp-block-column-is-layout-flow\">\n<div class=\"wp-block-cover has-custom-content-position is-position-bottom-center\"><img loading=\"lazy\" decoding=\"async\" width=\"1022\" height=\"1024\" class=\"wp-block-cover__image-background wp-image-499\" alt=\"\" src=\"https:\/\/bleidhysaboya-asesora.com\/wp-content\/uploads\/2022\/09\/Dental-1022x1024.jpg\" data-object-fit=\"cover\" srcset=\"https:\/\/bleidhysaboya-asesora.com\/wp-content\/uploads\/2022\/09\/Dental-1022x1024.jpg 1022w, https:\/\/bleidhysaboya-asesora.com\/wp-content\/uploads\/2022\/09\/Dental-300x300.jpg 300w, https:\/\/bleidhysaboya-asesora.com\/wp-content\/uploads\/2022\/09\/Dental-150x150.jpg 150w, https:\/\/bleidhysaboya-asesora.com\/wp-content\/uploads\/2022\/09\/Dental-768x770.jpg 768w, https:\/\/bleidhysaboya-asesora.com\/wp-content\/uploads\/2022\/09\/Dental-100x100.jpg 100w, https:\/\/bleidhysaboya-asesora.com\/wp-content\/uploads\/2022\/09\/Dental.jpg 1299w\" sizes=\"(max-width: 1022px) 100vw, 1022px\" \/><span aria-hidden=\"true\" class=\"wp-block-cover__background has-background-dim\"><\/span><div class=\"wp-block-cover__inner-container is-layout-flow wp-block-cover-is-layout-flow\">\n<p class=\"has-text-align-center has-white-color has-text-color has-link-color has-large-font-size wp-elements-db1dbda81687446175d61644e00f965c\"><a href=\"https:\/\/bleidhysaboya-asesora.com\/index.php\/plan-dental\/\" target=\"_blank\" rel=\"noopener\" title=\"Plan Dental\">Plan Dental<\/a><\/p>\n<\/div><\/div>\n<\/div>\n\n\n\n<div class=\"wp-block-column is-layout-flow wp-block-column-is-layout-flow\">\n<div class=\"wp-block-cover has-custom-content-position is-position-bottom-center\"><img loading=\"lazy\" decoding=\"async\" width=\"1024\" height=\"1024\" class=\"wp-block-cover__image-background wp-image-500\" alt=\"\" src=\"https:\/\/bleidhysaboya-asesora.com\/wp-content\/uploads\/2022\/09\/Emermedica-1024x1024.jpg\" data-object-fit=\"cover\" srcset=\"https:\/\/bleidhysaboya-asesora.com\/wp-content\/uploads\/2022\/09\/Emermedica-1024x1024.jpg 1024w, https:\/\/bleidhysaboya-asesora.com\/wp-content\/uploads\/2022\/09\/Emermedica-300x300.jpg 300w, https:\/\/bleidhysaboya-asesora.com\/wp-content\/uploads\/2022\/09\/Emermedica-150x150.jpg 150w, https:\/\/bleidhysaboya-asesora.com\/wp-content\/uploads\/2022\/09\/Emermedica-768x768.jpg 768w, https:\/\/bleidhysaboya-asesora.com\/wp-content\/uploads\/2022\/09\/Emermedica-100x100.jpg 100w, https:\/\/bleidhysaboya-asesora.com\/wp-content\/uploads\/2022\/09\/Emermedica.jpg 1299w\" sizes=\"(max-width: 1024px) 100vw, 1024px\" \/><span aria-hidden=\"true\" class=\"wp-block-cover__background has-background-dim\"><\/span><div class=\"wp-block-cover__inner-container is-layout-flow wp-block-cover-is-layout-flow\">\n<p class=\"has-text-align-center has-white-color has-text-color has-link-color has-large-font-size wp-elements-3f2d7277ea336f9d4cfaeef208f36f05\"><a href=\"https:\/\/bleidhysaboya-asesora.com\/index.php\/emermedica\/\" target=\"_blank\" rel=\"noopener\" title=\"Emerm\u00e9dica\">Emerm\u00e9dica<\/a><\/p>\n<\/div><\/div>\n\n\n\n<hr class=\"wp-block-separator has-alpha-channel-opacity\"\/>\n<\/div>\n<\/div>\n\n\n\n<div class=\"wp-block-group\"><div class=\"wp-block-group__inner-container is-layout-constrained wp-block-group-is-layout-constrained\">\n<div class=\"wp-block-columns are-vertically-aligned-center is-layout-flex wp-container-core-columns-is-layout-9d6595d7 wp-block-columns-is-layout-flex\">\n<div class=\"wp-block-column is-vertically-aligned-center is-layout-flow wp-block-column-is-layout-flow\" style=\"flex-basis:100%\">\n<div class=\"wp-block-group\"><div class=\"wp-block-group__inner-container is-layout-constrained wp-block-group-is-layout-constrained\">\n<div class=\"wp-block-columns is-layout-flex wp-container-core-columns-is-layout-9d6595d7 wp-block-columns-is-layout-flex\">\n<div class=\"wp-block-column is-layout-flow wp-block-column-is-layout-flow\" style=\"flex-basis:100%\">\n<h1 class=\"wp-block-heading has-text-align-center has-white-color has-vivid-cyan-blue-background-color has-text-color has-background has-link-color wp-elements-ddd951030c08776afc5bab4927b7f9c1\">Descubre si tu Salud est\u00e1 Realmente Protegida<\/h1>\n\n\n\n<div class=\"wp-block-columns is-layout-flex wp-container-core-columns-is-layout-9d6595d7 wp-block-columns-is-layout-flex\">\n<div class=\"wp-block-column is-layout-flow wp-block-column-is-layout-flow\" style=\"flex-basis:66.66%\">\n<h2 class=\"wp-block-heading\"><strong>Dise\u00f1emos tu Estrategia de Salud. <\/strong><\/h2>\n\n\n\n<p>Cu\u00e9ntame que servicio tienes actualmente y como est\u00e1 compuesto tu grupo familiar.<\/p>\n\n\n\n<div class=\"wp-block-contact-form-7-contact-form-selector\">\n<div class=\"wpcf7 no-js\" id=\"wpcf7-f462-o1\" lang=\"es-ES\" dir=\"ltr\" data-wpcf7-id=\"462\">\n<div class=\"screen-reader-response\"><p role=\"status\" aria-live=\"polite\" aria-atomic=\"true\"><\/p> <ul><\/ul><\/div>\n<form action=\"\/index.php\/wp-json\/wp\/v2\/pages\/2#wpcf7-f462-o1\" method=\"post\" class=\"wpcf7-form init\" aria-label=\"Formulario de contacto\" novalidate=\"novalidate\" data-status=\"init\">\n<fieldset class=\"hidden-fields-container\"><input type=\"hidden\" name=\"_wpcf7\" value=\"462\" \/><input type=\"hidden\" name=\"_wpcf7_version\" value=\"6.1.1\" \/><input type=\"hidden\" name=\"_wpcf7_locale\" value=\"es_ES\" \/><input type=\"hidden\" name=\"_wpcf7_unit_tag\" value=\"wpcf7-f462-o1\" \/><input type=\"hidden\" name=\"_wpcf7_container_post\" value=\"0\" \/><input type=\"hidden\" name=\"_wpcf7_posted_data_hash\" value=\"\" \/>\n<\/fieldset>\n<p><label> Tu nombre*<br \/>\n<span class=\"wpcf7-form-control-wrap\" data-name=\"your-name\"><input size=\"40\" maxlength=\"400\" class=\"wpcf7-form-control wpcf7-text wpcf7-validates-as-required\" aria-required=\"true\" aria-invalid=\"false\" value=\"\" type=\"text\" name=\"your-name\" \/><\/span> <\/label>\n<\/p>\n<p><label> Tu celular*<br \/>\n<span class=\"wpcf7-form-control-wrap\" data-name=\"tel-729\"><input size=\"40\" maxlength=\"400\" class=\"wpcf7-form-control wpcf7-tel wpcf7-text wpcf7-validates-as-tel\" aria-invalid=\"false\" value=\"\" type=\"tel\" name=\"tel-729\" \/><\/span> <\/label>\n<\/p>\n<p><label> Tu correo electr\u00f3nico*<br \/>\n<span class=\"wpcf7-form-control-wrap\" data-name=\"your-email\"><input size=\"40\" maxlength=\"400\" class=\"wpcf7-form-control wpcf7-email wpcf7-validates-as-required wpcf7-text wpcf7-validates-as-email\" aria-required=\"true\" aria-invalid=\"false\" value=\"\" type=\"email\" name=\"your-email\" \/><\/span> <\/label>\n<\/p>\n<p><label> Tu mensaje<br \/>\n<span class=\"wpcf7-form-control-wrap\" data-name=\"your-message\"><textarea cols=\"40\" rows=\"10\" maxlength=\"2000\" class=\"wpcf7-form-control wpcf7-textarea\" aria-invalid=\"false\" name=\"your-message\"><\/textarea><\/span> <\/label>\n<\/p>\n<p><span class=\"wpcf7-form-control-wrap\" data-name=\"acceptance-821\"><span class=\"wpcf7-form-control wpcf7-acceptance\"><span class=\"wpcf7-list-item\"><label><input type=\"checkbox\" name=\"acceptance-821\" value=\"1\" aria-invalid=\"false\" \/><span class=\"wpcf7-list-item-label\">He le\u00eddo y acepto la <a href=\"#\">pol\u00edtica de privacidad<a\\><\/span><\/label><\/span><\/span><\/span><label><br \/>\n<input class=\"wpcf7-form-control wpcf7-submit has-spinner\" type=\"submit\" value=\"Enviar\" \/><\/label>\n<\/p><p style=\"display: none !important;\" class=\"akismet-fields-container\" data-prefix=\"_wpcf7_ak_\"><label>&#916;<textarea name=\"_wpcf7_ak_hp_textarea\" cols=\"45\" rows=\"8\" maxlength=\"100\"><\/textarea><\/label><input type=\"hidden\" id=\"ak_js_1\" name=\"_wpcf7_ak_js\" value=\"106\"\/><script>document.getElementById( \"ak_js_1\" ).setAttribute( \"value\", ( new Date() ).getTime() );<\/script><\/p><div class=\"wpcf7-response-output\" aria-hidden=\"true\"><\/div>\n<\/form>\n<\/div>\n<\/div>\n<\/div>\n\n\n\n<div class=\"wp-block-column is-layout-flow wp-block-column-is-layout-flow\" style=\"flex-basis:33.33%\">\n<figure class=\"wp-block-image size-large\"><img loading=\"lazy\" decoding=\"async\" width=\"819\" height=\"1024\" src=\"https:\/\/bleidhysaboya-asesora.com\/wp-content\/uploads\/2025\/10\/computadora-portatil-819x1024.jpg\" alt=\"\" class=\"wp-image-1098\" srcset=\"https:\/\/bleidhysaboya-asesora.com\/wp-content\/uploads\/2025\/10\/computadora-portatil-819x1024.jpg 819w, https:\/\/bleidhysaboya-asesora.com\/wp-content\/uploads\/2025\/10\/computadora-portatil-240x300.jpg 240w, https:\/\/bleidhysaboya-asesora.com\/wp-content\/uploads\/2025\/10\/computadora-portatil-768x960.jpg 768w, https:\/\/bleidhysaboya-asesora.com\/wp-content\/uploads\/2025\/10\/computadora-portatil-1229x1536.jpg 1229w, https:\/\/bleidhysaboya-asesora.com\/wp-content\/uploads\/2025\/10\/computadora-portatil-1638x2048.jpg 1638w, https:\/\/bleidhysaboya-asesora.com\/wp-content\/uploads\/2025\/10\/computadora-portatil-scaled.jpg 2048w\" sizes=\"(max-width: 819px) 100vw, 819px\" \/><\/figure>\n<\/div>\n<\/div>\n<\/div>\n<\/div>\n<\/div><\/div>\n<\/div>\n<\/div>\n<\/div><\/div>\n\n\n\n<div class=\"wp-block-columns is-layout-flex wp-container-core-columns-is-layout-9d6595d7 wp-block-columns-is-layout-flex\">\n<div class=\"wp-block-column is-layout-flow wp-block-column-is-layout-flow\">\n<h2 class=\"wp-block-heading has-text-align-center has-white-color has-luminous-vivid-orange-background-color has-text-color has-background has-link-color wp-elements-96e494d3eb1735e3e825cf7559d3d9b8\"><a href=\"https:\/\/www.axacolpatria.co\/beneficios\" target=\"_blank\" rel=\"noopener\" title=\"\">EXPLORA AQU\u00cd LOS BENEFICIOS \u00abAXA COLPATRIA CONTIGO\u00bb<\/a><\/h2>\n<\/div>\n<\/div>\n\n\n\n<hr class=\"wp-block-separator has-alpha-channel-opacity\"\/>\n\n\n\n<h1 class=\"wp-block-heading has-vivid-cyan-blue-color has-text-color has-link-color wp-elements-c919a61d6363d1c17e92129f6b249a4c\">Publicaciones<\/h1>\n\n\n<ul class=\"wp-block-latest-posts__list wp-block-latest-posts\"><\/ul>\n\n\n<div class=\"wp-block-columns has-background is-layout-flex wp-container-core-columns-is-layout-9d6595d7 wp-block-columns-is-layout-flex\" style=\"background-color:#9cd686\">\n<div class=\"wp-block-column has-white-color has-text-color has-background has-link-color wp-elements-046d89a658725ffa7e00a619e460341c is-layout-flow wp-block-column-is-layout-flow\" style=\"background-color:#f2ad6d;flex-basis:33.33%\">\n<h2 class=\"wp-block-heading has-text-align-center has-white-color has-text-color has-link-color wp-elements-372e2ae21f0c2295f6bf681d0c1ecb83\">Archivos<\/h2>\n\n\n<div style=\"background-color:#bc7745;\" class=\"wp-block-archives-list wp-elements-ad3db527a4a8e1d95cf49d6450570a0a wp-block-archives has-text-color has-white-color has-background\">No hay archivos que mostrar.<\/div>\n\n<\/div>\n\n\n\n<div class=\"wp-block-column is-vertically-aligned-top has-background is-layout-flow wp-block-column-is-layout-flow\" style=\"background-color:#3180c6;flex-basis:33.33%\">\n<figure class=\"wp-block-gallery has-nested-images columns-default is-cropped wp-block-gallery-2 is-layout-flex wp-block-gallery-is-layout-flex\">\n<figure class=\"wp-block-image size-full\"><img loading=\"lazy\" decoding=\"async\" width=\"549\" height=\"360\" data-id=\"1622\" src=\"https:\/\/bleidhysaboya-asesora.com\/wp-content\/uploads\/2026\/03\/cropped-BleidhySaboya-Logo.png\" alt=\"\" class=\"wp-image-1622\" srcset=\"https:\/\/bleidhysaboya-asesora.com\/wp-content\/uploads\/2026\/03\/cropped-BleidhySaboya-Logo.png 549w, https:\/\/bleidhysaboya-asesora.com\/wp-content\/uploads\/2026\/03\/cropped-BleidhySaboya-Logo-300x197.png 300w\" sizes=\"(max-width: 549px) 100vw, 549px\" \/><\/figure>\n<\/figure>\n\n\n\n<p class=\"has-text-align-center has-white-color has-text-color has-link-color has-medium-font-size wp-elements-68e88500b44d2407ba2dbcb4bcbcfccf\" style=\"font-style:normal;font-weight:500\"><strong>bleidhy@gmail.com<\/strong><\/p>\n\n\n\n<p class=\"has-text-align-center has-white-color has-text-color has-link-color has-medium-font-size wp-elements-ee414d7839c65272ef5ecabb9178c258\" style=\"font-style:normal;font-weight:500\">WhatsApp +57 3153978512<\/p>\n\n\n\n<p class=\"has-text-align-center has-white-color has-text-color has-link-color has-medium-font-size wp-elements-86f1d3d271ce4481859d5765da7e43dc\"><strong>Bogot\u00e1, DC &#8211; Colombia<\/strong><\/p>\n\n\n\n<ul class=\"wp-block-social-links is-layout-flex wp-block-social-links-is-layout-flex\">\n\n\n\n\n\n\n\n\n\n<\/ul>\n<\/div>\n\n\n\n<div class=\"wp-block-column is-vertically-aligned-top has-background is-layout-flow wp-block-column-is-layout-flow\" style=\"background-color:#ffffff05;flex-basis:33.34%\">\n<div class=\"wp-block-group is-layout-grid wp-container-core-group-is-layout-9649a0d9 wp-block-group-is-layout-grid\">\n<h2 class=\"wp-block-heading has-text-align-center has-white-color has-text-color has-link-color wp-elements-8aafe73aaf51c1dc000414d38d28b6de\">Enlaces Importantes<\/h2>\n\n\n\n<p class=\"has-text-align-center has-vivid-cyan-blue-color has-text-color has-link-color has-small-font-size wp-elements-97ca93310efafd9ac8c6d1b5e8715531\" style=\"font-style:normal;font-weight:500\"><a href=\"https:\/\/www.axacolpatria.co\/es\/directorio-medico\" target=\"_blank\" rel=\"noopener\" title=\"\">DIRECTORIO M\u00c9DICO<\/a><\/p>\n\n\n\n<p class=\"has-text-align-center has-vivid-cyan-blue-color has-text-color has-link-color has-small-font-size wp-elements-1da947c73aaedce1c20f16eeed4b4742 wp-container-content-69bc4bdf\" style=\"font-style:normal;font-weight:500\"><a href=\"https:\/\/bleidhysaboya-asesora.com\/index.php\/autorizaciones\/\" target=\"_blank\" rel=\"noopener\" title=\"\">AUTORIZACIONES<\/a><\/p>\n\n\n\n<p class=\"has-text-align-center has-vivid-cyan-blue-color has-text-color has-link-color has-small-font-size wp-elements-ea4b92bd8328cc9db07d98319e49e31b wp-container-content-69bc4bdf\" style=\"font-style:normal;font-weight:500\"><a href=\"https:\/\/www.axacolpatria.co\/salud\/asistencias\" target=\"_blank\" rel=\"noopener\" title=\"\">ASISTENCIA INTERNACIONAL<\/a><\/p>\n\n\n\n<p class=\"has-text-align-center has-vivid-cyan-blue-color has-text-color has-link-color has-small-font-size wp-elements-833556a4afc3f4071f72307dbd2e6579 wp-container-content-69bc4bdf\" style=\"font-style:normal;font-weight:500\"><a href=\"https:\/\/www.axacolpatria.co\/salud\/asistencias\" target=\"_blank\" rel=\"noopener\" title=\"\">ASISTENCIAS NACIONALES<\/a><\/p>\n<\/div>\n<\/div>\n<\/div>\n\n\n\n<p><\/p>\n","protected":false},"excerpt":{"rendered":"<p>Planes de Salud AXA COLPATRIA Actualmente AXA COLPATRIA cuenta con m\u00e1s de 500 mil afiliados en Planes de Salud. Ofrece un amplio portafolio de productos dise\u00f1ados y enfocados al bienestar y salud de las familias colombianas. Descubre si tu Salud est\u00e1 Realmente Protegida Dise\u00f1emos tu Estrategia de Salud. Cu\u00e9ntame que servicio tienes actualmente y como [&hellip;]<\/p>\n","protected":false},"author":1,"featured_media":0,"parent":0,"menu_order":0,"comment_status":"closed","ping_status":"closed","template":"","meta":{"om_disable_all_campaigns":false,"footnotes":""},"class_list":["post-2","page","type-page","status-publish","hentry"],"aioseo_notices":[],"_links":{"self":[{"href":"https:\/\/bleidhysaboya-asesora.com\/index.php\/wp-json\/wp\/v2\/pages\/2","targetHints":{"allow":["GET"]}}],"collection":[{"href":"https:\/\/bleidhysaboya-asesora.com\/index.php\/wp-json\/wp\/v2\/pages"}],"about":[{"href":"https:\/\/bleidhysaboya-asesora.com\/index.php\/wp-json\/wp\/v2\/types\/page"}],"author":[{"embeddable":true,"href":"https:\/\/bleidhysaboya-asesora.com\/index.php\/wp-json\/wp\/v2\/users\/1"}],"replies":[{"embeddable":true,"href":"https:\/\/bleidhysaboya-asesora.com\/index.php\/wp-json\/wp\/v2\/comments?post=2"}],"version-history":[{"count":81,"href":"https:\/\/bleidhysaboya-asesora.com\/index.php\/wp-json\/wp\/v2\/pages\/2\/revisions"}],"predecessor-version":[{"id":1674,"href":"https:\/\/bleidhysaboya-asesora.com\/index.php\/wp-json\/wp\/v2\/pages\/2\/revisions\/1674"}],"wp:attachment":[{"href":"https:\/\/bleidhysaboya-asesora.com\/index.php\/wp-json\/wp\/v2\/media?parent=2"}],"curies":[{"name":"wp","href":"https:\/\/api.w.org\/{rel}","templated":true}]}}