{"id":1478,"date":"2025-12-22T20:14:20","date_gmt":"2025-12-23T01:14:20","guid":{"rendered":"https:\/\/bleidhysaboya-asesora.com\/?page_id=1478"},"modified":"2025-12-22T23:05:18","modified_gmt":"2025-12-23T04:05:18","slug":"clinica-vip","status":"publish","type":"page","link":"https:\/\/bleidhysaboya-asesora.com\/index.php\/clinica-vip\/","title":{"rendered":"Cl\u00ednica VIP &#8211; Centros M\u00e9dicos Axa Colpatria y Alianzas"},"content":{"rendered":"\n<figure class=\"wp-block-embed is-type-video is-provider-youtube wp-block-embed-youtube wp-embed-aspect-16-9 wp-has-aspect-ratio\"><div class=\"wp-block-embed__wrapper\">\n<iframe title=\"AXA COLPATRIA | Descubre nuestra Cl\u00ednica VIP renovada\" width=\"525\" height=\"295\" src=\"https:\/\/www.youtube.com\/embed\/yVHVyvMmUv8?feature=oembed\" frameborder=\"0\" allow=\"accelerometer; autoplay; clipboard-write; encrypted-media; gyroscope; picture-in-picture; web-share\" referrerpolicy=\"strict-origin-when-cross-origin\" allowfullscreen><\/iframe>\n<\/div><\/figure>\n\n\n\n<hr class=\"wp-block-separator has-alpha-channel-opacity\"\/>\n\n\n\n<h2 class=\"wp-block-heading has-text-align-center has-vivid-cyan-blue-color has-text-color has-link-color wp-elements-3fd951f744d9bcd9e43e1e49c63fdfcf\">CLINICA VIP<\/h2>\n\n\n\n<hr class=\"wp-block-separator has-alpha-channel-opacity\"\/>\n\n\n\n<p><strong>\u00a1Para personas importantes como t\u00fa!<\/strong><\/p>\n\n\n\n<p>Ponemos a tu disposici\u00f3n la <strong>Cl\u00ednica VIP de AXA COLPATRIA<\/strong>, una IPS de segundo y tercer nivel de complejidad con Acreditaci\u00f3n en salud, dotada con modernas y confortables instalaciones y el mejor equipo de profesionales, reforzando as\u00ed la atenci\u00f3n personalizada y un trato preferencial, cuya meta est\u00e1 enmarcada en la prestaci\u00f3n de servicios que cumplan con altos est\u00e1ndares de calidad para nuestros usuarios.<\/p>\n\n\n\n<p>En la Cl\u00ednica VIP nuestros usuarios encontrar\u00e1n los siguientes servicios:<\/p>\n\n\n\n<p><strong>Apoyo complementario:<\/strong> im\u00e1genes diagn\u00f3sticas (TAC, Resonancia, Radiolog\u00eda, Ecograf\u00eda)\u00a0y Laboratorio Cl\u00ednico<\/p>\n\n\n\n<p class=\"has-vivid-cyan-blue-color has-text-color has-link-color wp-elements-be06f4487403021a22032079cb681857\"><a href=\"https:\/\/www.clinicavip.co\/web\/clinica-vip\/imagenes-diagnosticas\" target=\"_blank\" rel=\"noopener\" title=\"\">https:\/\/www.clinicavip.co\/web\/clinica-vip\/imagenes-diagnosticas<\/a><\/p>\n\n\n\n<p class=\"has-vivid-cyan-blue-color has-text-color has-link-color wp-elements-7833e357115cf6c6dd111f3155548ca7\"><a href=\"https:\/\/www.clinicavip.co\/web\/clinica-vip\/laboratorio-clinico\" target=\"_blank\" rel=\"noopener\" title=\"\">https:\/\/www.clinicavip.co\/web\/clinica-vip\/laboratorio-clinico<\/a><\/p>\n\n\n\n<p class=\"has-black-color has-text-color has-link-color wp-elements-d180962911f400fc9be3de931c0d6e60\"><strong>\u00a0Cirug\u00eda Ambulatoria<\/strong><\/p>\n\n\n\n<p class=\"has-vivid-cyan-blue-color has-text-color has-link-color wp-elements-acdc485864d5d4da91f4acf37432d91b\"><a href=\"https:\/\/www.clinicavip.co\/web\/clinica-vip\/cirugia\" target=\"_blank\" rel=\"noopener\" title=\"\">https:\/\/www.clinicavip.co\/web\/clinica-vip\/cirugia<\/a><\/p>\n\n\n\n<p class=\"has-black-color has-text-color has-link-color wp-elements-0480873f9844cbc50ad4919aabb7ff2a\">\u00a0<strong>Atenci\u00f3n prioritaria de medicina general y pediatr\u00eda<\/strong>\u00a0<strong>sin programaci\u00f3n de cita<\/strong>\u00a0<strong>previa<\/strong>, de lunes a s\u00e1bado, de 6:00 a.m. a 8:00 p.m. en medicina general y de 7:00 a.m. a 7:00 p.m. en pediatr\u00eda, sin copago, para usuarios de todos los planes de salud (Original, Alterno, Fesalud, Salud ideal y Ambulatorio).<\/p>\n\n\n\n<p>Ten en cuenta los correos en los que puedes contactarte con nuestra cl\u00ednica para lo siguiente:<\/p>\n\n\n\n<p>Si no pudiste descargar, escr\u00edbenos:<\/p>\n\n\n\n<p class=\"has-vivid-cyan-blue-color has-text-color has-link-color wp-elements-9044e7c4f6eedd945905d36303324446\">Para resultados de laboratorio:\u00a0<a href=\"mailto:laboratorio@axacolpatria.co\" target=\"_blank\" rel=\"noopener\" title=\"\">laboratorio@axacolpatria.co<\/a>;<\/p>\n\n\n\n<p class=\"has-vivid-cyan-blue-color has-text-color has-link-color wp-elements-56cd8be1c2762e4e05c91492b5123337\">Para resultados de radiolog\u00eda: \u00a0<a href=\"mailto:resultados.radiologia@axacolpatria.co\" target=\"_blank\" rel=\"noopener\" title=\"\">resultados.radiologia@axacolpatria.co<\/a><\/p>\n\n\n\n<p class=\"has-vivid-cyan-blue-color has-text-color has-link-color wp-elements-aa63b5aa62223274de4e00ceeae6670a\">Para enviarnos peticiones quejas y reclamos:\u00a0<a href=\"mailto:servicioalusuario@axacolpatria.co\" target=\"_blank\" rel=\"noopener\" title=\"\">servicioalusuario@axacolpatria.co<\/a><\/p>\n\n\n\n<p class=\"has-vivid-cyan-blue-color has-text-color has-link-color wp-elements-1759153ecd34c94c25be7b772a0e58de\">Para solicitar el resumen de tu historia de cl\u00ednica:\u00a0<a href=\"mailto:archivo.historiasclinicas@axacolpatria.co\" target=\"_blank\" rel=\"noopener\" title=\"\">archivo.historiasclinicas@axacolpatria.co<\/a><\/p>\n\n\n\n<p>Tu bienestar es el nuestro, por eso la Cl\u00ednica VIP es ideal para atender lo m\u00e1s importante para nosotros, t\u00fa y tu familia, buscando entregarles lo que verdaderamente necesitan a trav\u00e9s de servicios m\u00e9dicos con calidad superior.<\/p>\n\n\n\n<p><strong>Beneficios<\/strong><\/p>\n\n\n\n<ul class=\"wp-block-list\">\n<li>No se requiere autorizaci\u00f3n para im\u00e1genes diagn\u00f3sticas ni laboratorio cl\u00ednico*<\/li>\n\n\n\n<li>Pago de un solo copago\u00a0de atenci\u00f3n independiente del n\u00famero de ex\u00e1menes de laboratorio ordenados<\/li>\n<\/ul>\n\n\n\n<p>*Seg\u00fan clausulado del plan contratado.<\/p>\n\n\n\n<p class=\"has-black-color has-text-color has-link-color wp-elements-18787d2331caf82216a33692f332aba4\">Nos encontramos ubicados en la <strong>Calle 97 # 23 -10<\/strong>. Para m\u00e1s informaci\u00f3n comun\u00edcate con nuestra l\u00ednea exclusiva de salud <strong>(601) 423 5750<\/strong><br><\/p>\n\n\n\n<hr class=\"wp-block-separator has-alpha-channel-opacity\"\/>\n\n\n\n<h2 class=\"wp-block-heading has-text-align-center has-vivid-cyan-blue-color has-text-color has-link-color wp-elements-04173ec34d751a2b0596fe0547876e87\">CENTROS M\u00c9DICOS AXA COLPATRIA<\/h2>\n\n\n\n<hr class=\"wp-block-separator has-alpha-channel-opacity\"\/>\n\n\n\n<div class=\"wp-block-columns is-layout-flex wp-container-core-columns-is-layout-9d6595d7 wp-block-columns-is-layout-flex\">\n<div class=\"wp-block-column has-cyan-bluish-gray-background-color has-background is-layout-flow wp-block-column-is-layout-flow\"><div class=\"wp-block-image\">\n<figure class=\"aligncenter size-full\"><img fetchpriority=\"high\" decoding=\"async\" width=\"403\" height=\"303\" src=\"https:\/\/bleidhysaboya-asesora.com\/wp-content\/uploads\/2025\/12\/Centro-Medico-santa-barbara.png\" alt=\"\" class=\"wp-image-1486\" srcset=\"https:\/\/bleidhysaboya-asesora.com\/wp-content\/uploads\/2025\/12\/Centro-Medico-santa-barbara.png 403w, https:\/\/bleidhysaboya-asesora.com\/wp-content\/uploads\/2025\/12\/Centro-Medico-santa-barbara-300x226.png 300w\" sizes=\"(max-width: 403px) 100vw, 403px\" \/><\/figure>\n<\/div>\n\n\n<h2 class=\"wp-block-heading has-text-align-center\">Centro M\u00e9dico Santa B\u00e1rbara<\/h2>\n\n\n\n<p class=\"has-text-align-center\">Edificio Business Center Av. Calle 116 # 23-06 Lc. 101-102 Bogot\u00e1<\/p>\n\n\n\n<p class=\"has-text-align-center\">Tel\u00e9fonos para asignaci\u00f3n de citas: (601) 4235750 &#8211; #247<\/p>\n\n\n\n<p class=\"has-text-align-center\">Horario de atenci\u00f3n: lunes a viernes de 6:00 a.m. a 7:00 p.m. &#8211; s\u00e1bado de 6:00 a.m. a 2:00 p.m.<\/p>\n\n\n\n<p class=\"has-text-align-center\">Toma de muestras de laboratorio: lunes a s\u00e1bado de 6:00 a.m. a 10:00 a.m<\/p>\n<\/div>\n\n\n\n<div class=\"wp-block-column has-cyan-bluish-gray-background-color has-background is-layout-flow wp-block-column-is-layout-flow\"><div class=\"wp-block-image\">\n<figure class=\"aligncenter size-full\"><img decoding=\"async\" width=\"405\" height=\"303\" src=\"https:\/\/bleidhysaboya-asesora.com\/wp-content\/uploads\/2025\/12\/Centro-Medico-Chico.png\" alt=\"\" class=\"wp-image-1487\" srcset=\"https:\/\/bleidhysaboya-asesora.com\/wp-content\/uploads\/2025\/12\/Centro-Medico-Chico.png 405w, https:\/\/bleidhysaboya-asesora.com\/wp-content\/uploads\/2025\/12\/Centro-Medico-Chico-300x224.png 300w\" sizes=\"(max-width: 405px) 100vw, 405px\" \/><\/figure>\n<\/div>\n\n\n<h2 class=\"wp-block-heading has-text-align-center\">Centro M\u00e9dico Chic\u00f3<\/h2>\n\n\n\n<p class=\"has-text-align-center\">Edificio Ecotek 95 &#8211; Tv. 23 N\u00b0 95 \u2013 53 &#8211; Piso 8\u00b0 Bogot\u00e1<\/p>\n\n\n\n<p class=\"has-text-align-center\">Tel\u00e9fonos para asignaci\u00f3n de citas: (601) 4235750 &#8211; #247<\/p>\n\n\n\n<p class=\"has-text-align-center\">Horario de atenci\u00f3n: lunes a viernes de 6:00 a.m. a 7:00 p.m. s\u00e1bado de 6:00 a.m. a 2:00 p.m.<\/p>\n\n\n\n<p class=\"has-text-align-center\">Toma de muestras de laboratorio: lunes a s\u00e1bado de 6:00 a.m. a 10:00 a.m.<\/p>\n<\/div>\n<\/div>\n\n\n\n<div class=\"wp-block-columns is-layout-flex wp-container-core-columns-is-layout-9d6595d7 wp-block-columns-is-layout-flex\">\n<div class=\"wp-block-column has-cyan-bluish-gray-background-color has-background is-layout-flow wp-block-column-is-layout-flow\"><div class=\"wp-block-image\">\n<figure class=\"aligncenter size-full\"><img decoding=\"async\" width=\"405\" height=\"304\" src=\"https:\/\/bleidhysaboya-asesora.com\/wp-content\/uploads\/2025\/12\/Centro-Medico-Bucaramanga-e1766458410386.png\" alt=\"\" class=\"wp-image-1490\"\/><\/figure>\n<\/div>\n\n\n<h2 class=\"wp-block-heading has-text-align-center\">Centro M\u00e9dico Bucaramanga<\/h2>\n\n\n\n<p class=\"has-text-align-center\">Carrera 34 # 51-17 &#8211; Bucaramanga<\/p>\n\n\n\n<p class=\"has-text-align-center\">Tel\u00e9fonos para informaci\u00f3n y asignaci\u00f3n de citas: (607) 6977877 &#8211; 01 8000 515 750 (opci\u00f3n 2-1-2) &#8211; #247<\/p>\n\n\n\n<p class=\"has-text-align-center\">Horario de atenci\u00f3n: lunes a viernes de 6:00 a.m. a 7:00 p.m. &#8211; s\u00e1bados de 6:00 a.m. a 2:00 p.m.<\/p>\n\n\n\n<p class=\"has-text-align-center\">Toma de muestras de laboratorio: lunes a s\u00e1bado de 6:00 a.m. a 10:00 a.m.<\/p>\n<\/div>\n\n\n\n<div class=\"wp-block-column has-cyan-bluish-gray-background-color has-background is-layout-flow wp-block-column-is-layout-flow\"><div class=\"wp-block-image\">\n<figure class=\"aligncenter size-full\"><img loading=\"lazy\" decoding=\"async\" width=\"405\" height=\"304\" src=\"https:\/\/bleidhysaboya-asesora.com\/wp-content\/uploads\/2025\/12\/christus-sinergia-cali-e1766459988499.png\" alt=\"\" class=\"wp-image-1493\"\/><\/figure>\n<\/div>\n\n\n<h2 class=\"wp-block-heading has-text-align-center\">Cl\u00ednica Christus Sinergia Lungavita<\/h2>\n\n\n\n<p class=\"has-text-align-center\">Carrera 105 No. 15 &#8211; 20 Avenida San Joaquin # 7, Cali<\/p>\n\n\n\n<p class=\"has-text-align-center\">Tel\u00e9fonos para asignaci\u00f3n de citas: (601) 4235750 &#8211; #247 &#8211; WhatsApp 3103157418<\/p>\n\n\n\n<p class=\"has-text-align-center\">Horario de atenci\u00f3n: lunes a viernes de 6:00 a.m. a 7:00 p.m. &#8211; s\u00e1bados de 6:00 a.m. a 2:00 p.m.<\/p>\n\n\n\n<p class=\"has-text-align-center\">Toma de muestras de laboratorio: lunes a s\u00e1bado de 6:00 a.m. a 10:00 a.m.<\/p>\n<\/div>\n<\/div>\n\n\n\n<div class=\"wp-block-columns is-layout-flex wp-container-core-columns-is-layout-9d6595d7 wp-block-columns-is-layout-flex\">\n<div class=\"wp-block-column has-cyan-bluish-gray-background-color has-background is-layout-flow wp-block-column-is-layout-flow\"><div class=\"wp-block-image\">\n<figure class=\"aligncenter size-full\"><img loading=\"lazy\" decoding=\"async\" width=\"405\" height=\"306\" src=\"https:\/\/bleidhysaboya-asesora.com\/wp-content\/uploads\/2025\/12\/Centro-Medico-Medellin-Cardio-Vid-e1766460023226.png\" alt=\"\" class=\"wp-image-1491\"\/><\/figure>\n<\/div>\n\n\n<h2 class=\"wp-block-heading has-text-align-center\">Cl\u00ednica Cardio VID<\/h2>\n\n\n\n<p class=\"has-text-align-center\">Carrera 44 # 20 \u2013\u00a040 B2 local 11 Distrito Vera, del municipio de Medell\u00edn<\/p>\n\n\n\n<p class=\"has-text-align-center\">Tel\u00e9fonos para informaci\u00f3n y asignaci\u00f3n de citas: (604) 322 1900 &#8211; 322 369 2943<\/p>\n\n\n\n<p class=\"has-text-align-center\">Horario de atenci\u00f3n: lunes a viernes de 6:00 a.m. a 7:00 p.m. &#8211; s\u00e1bados de 6:00 a.m. a 2:00 p.m.<\/p>\n\n\n\n<p class=\"has-text-align-center\">Toma de muestras de laboratorio: lunes a s\u00e1bado de 6:00 a.m. a 10:00 a.m.<\/p>\n<\/div>\n\n\n\n<div class=\"wp-block-column has-cyan-bluish-gray-background-color has-background is-layout-flow wp-block-column-is-layout-flow\"><div class=\"wp-block-image\">\n<figure class=\"aligncenter size-full\"><img loading=\"lazy\" decoding=\"async\" width=\"405\" height=\"309\" src=\"https:\/\/bleidhysaboya-asesora.com\/wp-content\/uploads\/2025\/12\/Centro-Medico-Medellin-Salud-Vid.png\" alt=\"\" class=\"wp-image-1492\" srcset=\"https:\/\/bleidhysaboya-asesora.com\/wp-content\/uploads\/2025\/12\/Centro-Medico-Medellin-Salud-Vid.png 405w, https:\/\/bleidhysaboya-asesora.com\/wp-content\/uploads\/2025\/12\/Centro-Medico-Medellin-Salud-Vid-300x229.png 300w\" sizes=\"(max-width: 405px) 100vw, 405px\" \/><\/figure>\n<\/div>\n\n\n<h2 class=\"wp-block-heading has-text-align-center\">Cl\u00ednica Salud VID<\/h2>\n\n\n\n<p class=\"has-text-align-center\">Carrera 48 # 20-74 Medell\u00edn<\/p>\n\n\n\n<p class=\"has-text-align-center\">Tel\u00e9fonos para informaci\u00f3n y asignaci\u00f3n de citas: (604) 322 8300 &#8211; 320 712 2992<\/p>\n\n\n\n<p class=\"has-text-align-center\">Horario de atenci\u00f3n: lunes a viernes de 6:00 a.m. a 7:00 p.m. &#8211; s\u00e1bados de 6:00 a.m. a 2:00 p.m.<\/p>\n\n\n\n<p class=\"has-text-align-center\">Toma de muestras de laboratorio: lunes a s\u00e1bado de 6:00 a.m. a 10:00 a.m.<\/p>\n\n\n\n<p class=\"has-text-align-center\"><br><\/p>\n<\/div>\n<\/div>\n\n\n\n<div class=\"wp-block-columns is-layout-flex wp-container-core-columns-is-layout-9d6595d7 wp-block-columns-is-layout-flex\">\n<div class=\"wp-block-column has-cyan-bluish-gray-background-color has-background is-layout-flow wp-block-column-is-layout-flow\"><div class=\"wp-block-image\">\n<figure class=\"aligncenter size-full\"><img loading=\"lazy\" decoding=\"async\" width=\"367\" height=\"281\" src=\"https:\/\/bleidhysaboya-asesora.com\/wp-content\/uploads\/2025\/12\/MediHelp-Cartagena.png\" alt=\"\" class=\"wp-image-1497\" srcset=\"https:\/\/bleidhysaboya-asesora.com\/wp-content\/uploads\/2025\/12\/MediHelp-Cartagena.png 367w, https:\/\/bleidhysaboya-asesora.com\/wp-content\/uploads\/2025\/12\/MediHelp-Cartagena-300x230.png 300w\" sizes=\"(max-width: 367px) 100vw, 367px\" \/><\/figure>\n<\/div>\n\n\n<h2 class=\"wp-block-heading has-text-align-center\">MediHelp Cartagena<\/h2>\n\n\n\n<p class=\"has-text-align-center\">Carrera 6A # 5 &#8211; 101\u00a0Bocagrande &#8211; Cartagena<\/p>\n\n\n\n<p class=\"has-text-align-center\">Tel\u00e9fonos para informaci\u00f3n y asignaci\u00f3n de citas: (605) 693 1355 &#8211; 310 315 7327&nbsp;Opc. 1<\/p>\n\n\n\n<p class=\"has-text-align-center\">Correo electr\u00f3nico: central.citasmh@clinicamedihelp.com<\/p>\n\n\n\n<p class=\"has-text-align-center\">Horario de atenci\u00f3n: Lunes a viernes de 6:00 a.m. a 7:00 p.m. &#8211; s\u00e1bados de 6:00 a.m. a 7:00 p.m.<\/p>\n\n\n\n<p class=\"has-text-align-center\">Toma de muestras de laboratorio: lunes a s\u00e1bado de 6:00 a.m. a 10:00 a.m.<\/p>\n<\/div>\n\n\n\n<div class=\"wp-block-column has-cyan-bluish-gray-background-color has-background is-layout-flow wp-block-column-is-layout-flow\"><div class=\"wp-block-image\">\n<figure class=\"aligncenter size-full\"><img loading=\"lazy\" decoding=\"async\" width=\"353\" height=\"281\" src=\"https:\/\/bleidhysaboya-asesora.com\/wp-content\/uploads\/2025\/12\/Clinica-House-Cucuta.png\" alt=\"\" class=\"wp-image-1496\" srcset=\"https:\/\/bleidhysaboya-asesora.com\/wp-content\/uploads\/2025\/12\/Clinica-House-Cucuta.png 353w, https:\/\/bleidhysaboya-asesora.com\/wp-content\/uploads\/2025\/12\/Clinica-House-Cucuta-300x239.png 300w\" sizes=\"(max-width: 353px) 100vw, 353px\" \/><\/figure>\n<\/div>\n\n\n<h2 class=\"wp-block-heading has-text-align-center\">Cl\u00ednica House &#8211; C\u00facuta<\/h2>\n\n\n\n<p class=\"has-text-align-center\">Avenida 1 # 22 &#8211; 44 Barrio: El Rosal &#8211; C\u00facuta<\/p>\n\n\n\n<p class=\"has-text-align-center\">Tel\u00e9fonos para informaci\u00f3n y asignaci\u00f3n de citas: 320 903 1600<\/p>\n\n\n\n<p class=\"has-text-align-center\">Correo electr\u00f3nico: recepcionpami.ipsch@gmail.com<\/p>\n\n\n\n<p class=\"has-text-align-center\">Horario de atenci\u00f3n: Lunes&nbsp;a s\u00e1bado&nbsp;06:00 a.m. a 7:00 p.m.<\/p>\n\n\n\n<p class=\"has-text-align-center\">Toma de muestras de laboratorio: lunes a s\u00e1bado de 6:00 a.m. a 10:00 a.m.<\/p>\n<\/div>\n<\/div>\n\n\n\n<p><\/p>\n","protected":false},"excerpt":{"rendered":"<p>CLINICA VIP \u00a1Para personas importantes como t\u00fa! Ponemos a tu disposici\u00f3n la Cl\u00ednica VIP de AXA COLPATRIA, una IPS de segundo y tercer nivel de complejidad con Acreditaci\u00f3n en salud, dotada con modernas y confortables instalaciones y el mejor equipo de profesionales, reforzando as\u00ed la atenci\u00f3n personalizada y un trato preferencial, cuya meta est\u00e1 enmarcada [&hellip;]<\/p>\n","protected":false},"author":1,"featured_media":0,"parent":0,"menu_order":0,"comment_status":"closed","ping_status":"closed","template":"","meta":{"om_disable_all_campaigns":false,"footnotes":""},"class_list":["post-1478","page","type-page","status-publish","hentry"],"aioseo_notices":[],"_links":{"self":[{"href":"https:\/\/bleidhysaboya-asesora.com\/index.php\/wp-json\/wp\/v2\/pages\/1478","targetHints":{"allow":["GET"]}}],"collection":[{"href":"https:\/\/bleidhysaboya-asesora.com\/index.php\/wp-json\/wp\/v2\/pages"}],"about":[{"href":"https:\/\/bleidhysaboya-asesora.com\/index.php\/wp-json\/wp\/v2\/types\/page"}],"author":[{"embeddable":true,"href":"https:\/\/bleidhysaboya-asesora.com\/index.php\/wp-json\/wp\/v2\/users\/1"}],"replies":[{"embeddable":true,"href":"https:\/\/bleidhysaboya-asesora.com\/index.php\/wp-json\/wp\/v2\/comments?post=1478"}],"version-history":[{"count":10,"href":"https:\/\/bleidhysaboya-asesora.com\/index.php\/wp-json\/wp\/v2\/pages\/1478\/revisions"}],"predecessor-version":[{"id":1504,"href":"https:\/\/bleidhysaboya-asesora.com\/index.php\/wp-json\/wp\/v2\/pages\/1478\/revisions\/1504"}],"wp:attachment":[{"href":"https:\/\/bleidhysaboya-asesora.com\/index.php\/wp-json\/wp\/v2\/media?parent=1478"}],"curies":[{"name":"wp","href":"https:\/\/api.w.org\/{rel}","templated":true}]}}