{"id":1370,"date":"2025-10-25T21:33:08","date_gmt":"2025-10-26T02:33:08","guid":{"rendered":"https:\/\/bleidhysaboya-asesora.com\/?page_id=1370"},"modified":"2025-10-25T22:50:13","modified_gmt":"2025-10-26T03:50:13","slug":"asistencias-nacionales","status":"publish","type":"page","link":"https:\/\/bleidhysaboya-asesora.com\/index.php\/asistencias-nacionales\/","title":{"rendered":"Asistencias Nacionales"},"content":{"rendered":"\n<div class=\"wp-block-columns is-layout-flex wp-container-core-columns-is-layout-9d6595d7 wp-block-columns-is-layout-flex\">\n<div class=\"wp-block-column is-layout-flow wp-block-column-is-layout-flow\">\n<h2 class=\"wp-block-heading has-vivid-cyan-blue-color has-text-color has-link-color wp-elements-b15bbc1ebb94a392cbf161eb8a16b826\">Transporte para tus consultas m\u00e9dicas<\/h2>\n\n\n\n<p>Te enviamos un veh\u00edculo para que te transporte hasta el lugar de tu cita y te regrese a tu casa con una parada en el camino para compra de medicamentos.<\/p>\n\n\n\n<p>Condiciones y restricciones<\/p>\n\n\n\n<ul class=\"wp-block-list\">\n<li>3 solicitudes por afiliado por vigencia anual.<\/li>\n\n\n\n<li>Tiempo de espera en la cita de m\u00e1ximo 2 horas.<\/li>\n\n\n\n<li>Tiempo de espera en parada para compra de medicamentos de m\u00e1ximo 15 minutos.<\/li>\n\n\n\n<li>Cobertura nacional con l\u00edmites geogr\u00e1ficos por ciudad.<\/li>\n\n\n\n<li>Solicita esta asistencia con&nbsp;un m\u00ednimo de 4 horas, antes del servicio comunic\u00e1ndote al (601) 423 5750<\/li>\n<\/ul>\n\n\n\n<p>Aplica&nbsp;solo para Plan Fesalud, Original, Alterno y Ambulatorio.<\/p>\n<\/div>\n\n\n\n<div class=\"wp-block-column is-vertically-aligned-top is-layout-flow wp-block-column-is-layout-flow\"><div class=\"wp-block-image\">\n<figure class=\"aligncenter size-large\"><img fetchpriority=\"high\" decoding=\"async\" width=\"1024\" height=\"683\" src=\"https:\/\/bleidhysaboya-asesora.com\/wp-content\/uploads\/2025\/10\/taxista-y-cliente-en-coche-1024x683.jpg\" alt=\"\" class=\"wp-image-1371\" srcset=\"https:\/\/bleidhysaboya-asesora.com\/wp-content\/uploads\/2025\/10\/taxista-y-cliente-en-coche-1024x683.jpg 1024w, https:\/\/bleidhysaboya-asesora.com\/wp-content\/uploads\/2025\/10\/taxista-y-cliente-en-coche-300x200.jpg 300w, https:\/\/bleidhysaboya-asesora.com\/wp-content\/uploads\/2025\/10\/taxista-y-cliente-en-coche-768x512.jpg 768w, https:\/\/bleidhysaboya-asesora.com\/wp-content\/uploads\/2025\/10\/taxista-y-cliente-en-coche-1536x1024.jpg 1536w, https:\/\/bleidhysaboya-asesora.com\/wp-content\/uploads\/2025\/10\/taxista-y-cliente-en-coche-2048x1365.jpg 2048w\" sizes=\"(max-width: 1024px) 100vw, 1024px\" \/><\/figure>\n<\/div><\/div>\n<\/div>\n\n\n\n<div class=\"wp-block-columns is-layout-flex wp-container-core-columns-is-layout-9d6595d7 wp-block-columns-is-layout-flex\">\n<div class=\"wp-block-column is-layout-flow wp-block-column-is-layout-flow\">\n<h2 class=\"wp-block-heading has-vivid-cyan-blue-color has-text-color has-link-color wp-elements-8094b7830bd8f28d8eac497ee0f6d50f\">Orientador acad\u00e9mico a domicilio<\/h2>\n\n\n<div class=\"wp-block-image\">\n<figure class=\"alignleft size-full\"><img decoding=\"async\" width=\"451\" height=\"331\" src=\"https:\/\/bleidhysaboya-asesora.com\/wp-content\/uploads\/2025\/10\/Profesor-en-casa5.jpg\" alt=\"\" class=\"wp-image-1373\" srcset=\"https:\/\/bleidhysaboya-asesora.com\/wp-content\/uploads\/2025\/10\/Profesor-en-casa5.jpg 451w, https:\/\/bleidhysaboya-asesora.com\/wp-content\/uploads\/2025\/10\/Profesor-en-casa5-300x220.jpg 300w\" sizes=\"(max-width: 451px) 100vw, 451px\" \/><\/figure>\n<\/div><\/div>\n\n\n\n<div class=\"wp-block-column is-layout-flow wp-block-column-is-layout-flow\">\n<p>En caso de que tu hijo tenga una incapacidad m\u00e9dica m\u00ednimo de 5 d\u00edas, te ofrecemos un profesor a domicilio para apoyarlo.<\/p>\n\n\n\n<p>Condiciones y restricciones<\/p>\n\n\n\n<ul class=\"wp-block-list\">\n<li>Aplica para espa\u00f1ol, ingl\u00e9s, franc\u00e9s, qu\u00edmica, ciencias y f\u00edsica.<\/li>\n\n\n\n<li>Se brinda \u00fanicamente para usuarios entre los 6 y los 16 a\u00f1os.<\/li>\n\n\n\n<li>Servicio disponible de lunes a s\u00e1bado de 7:00 a.m. a 7:00 p.m.<\/li>\n\n\n\n<li>Contar\u00e1n con un profesor que brindar\u00e1 apoyo durante tres d\u00edas en un lapso de tres horas diarias.<\/li>\n\n\n\n<li>El ni\u00f1o debe estar acompa\u00f1ado por un adulto responsable durante la clase del profesor.<\/li>\n\n\n\n<li>Solicita tu servicio comunic\u00e1ndote al (601)&nbsp;423 5750.<\/li>\n\n\n\n<li>Sujeto a disponibilidad de profesional id\u00f3neo en el lugar de residencia.<\/li>\n<\/ul>\n\n\n\n<p>Aplica&nbsp;solo para Plan Fesalud, Original y Alterno.<\/p>\n<\/div>\n<\/div>\n\n\n\n<div class=\"wp-block-columns is-layout-flex wp-container-core-columns-is-layout-9d6595d7 wp-block-columns-is-layout-flex\">\n<div class=\"wp-block-column is-layout-flow wp-block-column-is-layout-flow\">\n<h2 class=\"wp-block-heading has-vivid-cyan-blue-color has-text-color has-link-color wp-elements-317d4e049b8250ff1395787f0fdb5ce3\">Orientaci\u00f3n psicol\u00f3gica y nutricional<\/h2>\n\n\n\n<p>Algunas situaciones que pueden afectar emocionalmente, por lo que es bueno contar con un profesional a la mano al que puedas consultar en el momento en que lo necesites.<\/p>\n\n\n\n<p>Condiciones y restricciones<\/p>\n\n\n\n<ul class=\"wp-block-list\">\n<li>Orientaci\u00f3n de manera telef\u00f3nica ilimitada.<\/li>\n\n\n\n<li>En horario h\u00e1bil la disponibilidad del servicio debe ser inmediata y en horario no h\u00e1bil se devuelve la llamada al usuario una vez se contacte con el psic\u00f3logo. Si en el desarrollo de la llamada se identifica una urgencia m\u00e9dica se derivar\u00e1 la llamada a l\u00ednea m\u00e9dica de AXA COLPATRIA.<\/li>\n\n\n\n<li>Duraci\u00f3n m\u00e1xima de orientaci\u00f3n telef\u00f3nica por 30 minutos.<\/li>\n\n\n\n<li>Solicita tu servicio comunic\u00e1ndote al 8601) 423 5750.&nbsp;<\/li>\n<\/ul>\n\n\n\n<p>Aplica&nbsp;solo para Plan Fesalud, Original y Alterno.<\/p>\n<\/div>\n\n\n\n<div class=\"wp-block-column is-vertically-aligned-top is-layout-flow wp-block-column-is-layout-flow\"><div class=\"wp-block-image\">\n<figure class=\"alignright size-large\"><img decoding=\"async\" width=\"1024\" height=\"683\" src=\"https:\/\/bleidhysaboya-asesora.com\/wp-content\/uploads\/2025\/10\/Psicologo-1024x683.jpg\" alt=\"\" class=\"wp-image-1376\" srcset=\"https:\/\/bleidhysaboya-asesora.com\/wp-content\/uploads\/2025\/10\/Psicologo-1024x683.jpg 1024w, https:\/\/bleidhysaboya-asesora.com\/wp-content\/uploads\/2025\/10\/Psicologo-300x200.jpg 300w, https:\/\/bleidhysaboya-asesora.com\/wp-content\/uploads\/2025\/10\/Psicologo-768x512.jpg 768w, https:\/\/bleidhysaboya-asesora.com\/wp-content\/uploads\/2025\/10\/Psicologo.jpg 1500w\" sizes=\"(max-width: 1024px) 100vw, 1024px\" \/><\/figure>\n<\/div><\/div>\n<\/div>\n\n\n\n<div class=\"wp-block-columns are-vertically-aligned-center is-layout-flex wp-container-core-columns-is-layout-9d6595d7 wp-block-columns-is-layout-flex\">\n<div class=\"wp-block-column is-vertically-aligned-center is-layout-flow wp-block-column-is-layout-flow\">\n<figure class=\"wp-block-image size-full\"><img loading=\"lazy\" decoding=\"async\" width=\"589\" height=\"443\" src=\"https:\/\/bleidhysaboya-asesora.com\/wp-content\/uploads\/2025\/10\/mascota-enferma.png\" alt=\"\" class=\"wp-image-1377\" srcset=\"https:\/\/bleidhysaboya-asesora.com\/wp-content\/uploads\/2025\/10\/mascota-enferma.png 589w, https:\/\/bleidhysaboya-asesora.com\/wp-content\/uploads\/2025\/10\/mascota-enferma-300x226.png 300w\" sizes=\"(max-width: 589px) 100vw, 589px\" \/><\/figure>\n<\/div>\n\n\n\n<div class=\"wp-block-column is-vertically-aligned-center is-layout-flow wp-block-column-is-layout-flow\">\n<h2 class=\"wp-block-heading has-vivid-cyan-blue-color has-text-color has-link-color wp-elements-f7c2fc1b34c5478f16de0637be59e8cd\">Orientaci\u00f3n telef\u00f3nica veterinaria<\/h2>\n\n\n\n<p>Un m\u00e9dico veterinario estar\u00e1 disponible para atenderte y orientarte sobre los pasos a seguir seg\u00fan los s\u00edntomas que presente tu mascota. Adem\u00e1s, te brindar\u00e1 recomendaciones sobre las acciones temporales que puedes tomar.<\/p>\n\n\n\n<p>Condiciones y restricciones<\/p>\n\n\n\n<ul class=\"wp-block-list\">\n<li>5 solicitudes por contrato por vigencia anual.<\/li>\n\n\n\n<li>Servicio disponible las 24 horas.<\/li>\n\n\n\n<li>Solicita tu servicio comunic\u00e1ndote al (601) 423 5750.<\/li>\n\n\n\n<li>Si el due\u00f1o de la mascota no cuenta con un veterinario de confianza al que pueda consultar, se podr\u00e1 referenciar el centro m\u00e9dico veterinario m\u00e1s cercano, que le atender\u00e1 de forma particular a una tarifa preferencial.<\/li>\n<\/ul>\n\n\n\n<p>Aplica&nbsp;solo para Plan Fesalud, Original y Alterno.<\/p>\n<\/div>\n<\/div>\n\n\n\n<p><\/p>\n","protected":false},"excerpt":{"rendered":"<p>Transporte para tus consultas m\u00e9dicas Te enviamos un veh\u00edculo para que te transporte hasta el lugar de tu cita y te regrese a tu casa con una parada en el camino para compra de medicamentos. Condiciones y restricciones Aplica&nbsp;solo para Plan Fesalud, Original, Alterno y Ambulatorio. Orientador acad\u00e9mico a domicilio En caso de que tu [&hellip;]<\/p>\n","protected":false},"author":1,"featured_media":0,"parent":0,"menu_order":0,"comment_status":"closed","ping_status":"closed","template":"","meta":{"om_disable_all_campaigns":false,"footnotes":""},"class_list":["post-1370","page","type-page","status-publish","hentry"],"aioseo_notices":[],"_links":{"self":[{"href":"https:\/\/bleidhysaboya-asesora.com\/index.php\/wp-json\/wp\/v2\/pages\/1370","targetHints":{"allow":["GET"]}}],"collection":[{"href":"https:\/\/bleidhysaboya-asesora.com\/index.php\/wp-json\/wp\/v2\/pages"}],"about":[{"href":"https:\/\/bleidhysaboya-asesora.com\/index.php\/wp-json\/wp\/v2\/types\/page"}],"author":[{"embeddable":true,"href":"https:\/\/bleidhysaboya-asesora.com\/index.php\/wp-json\/wp\/v2\/users\/1"}],"replies":[{"embeddable":true,"href":"https:\/\/bleidhysaboya-asesora.com\/index.php\/wp-json\/wp\/v2\/comments?post=1370"}],"version-history":[{"count":7,"href":"https:\/\/bleidhysaboya-asesora.com\/index.php\/wp-json\/wp\/v2\/pages\/1370\/revisions"}],"predecessor-version":[{"id":1403,"href":"https:\/\/bleidhysaboya-asesora.com\/index.php\/wp-json\/wp\/v2\/pages\/1370\/revisions\/1403"}],"wp:attachment":[{"href":"https:\/\/bleidhysaboya-asesora.com\/index.php\/wp-json\/wp\/v2\/media?parent=1370"}],"curies":[{"name":"wp","href":"https:\/\/api.w.org\/{rel}","templated":true}]}}