{"id":1340,"date":"2025-10-25T18:26:59","date_gmt":"2025-10-25T23:26:59","guid":{"rendered":"https:\/\/bleidhysaboya-asesora.com\/?page_id=1340"},"modified":"2026-03-28T11:11:04","modified_gmt":"2026-03-28T16:11:04","slug":"autorizaciones","status":"publish","type":"page","link":"https:\/\/bleidhysaboya-asesora.com\/index.php\/autorizaciones\/","title":{"rendered":"Autorizaciones de Servicios"},"content":{"rendered":"\n<p class=\"has-text-align-center has-black-color has-text-color has-link-color wp-elements-4cdabcfdf7f3b96f5399f0d78fb17c32\"><strong>Horario de respuesta:<\/strong> Lunes a viernes de 8:00 a.m. a 4:00 p.m. S\u00e1bados de 8:00 a.m. a 11:00 a.m. Ten en cuenta que si realizas tu&nbsp;solicitud de lunes a viernes despu\u00e9s de las 4:00 p.m. y los s\u00e1bados despu\u00e9s de las 11:00 a.m., recibir\u00e1s tu respuesta de autorizaci\u00f3n despu\u00e9s de las 8 am del siguiente d\u00eda h\u00e1bil.<\/p>\n\n\n\n<hr class=\"wp-block-separator has-alpha-channel-opacity\"\/>\n\n\n\n<p class=\"has-text-align-center has-vivid-cyan-blue-color has-text-color has-link-color has-medium-font-size wp-elements-7de06302c2ed6f2c8707b10ea8d4d542\" style=\"font-style:normal;font-weight:500\"><a href=\"https:\/\/bleidhysaboya-asesora.com\/wp-content\/uploads\/2026\/02\/Instructivo-radicar-autorizaciones-Int.pdf\" target=\"_blank\" rel=\"noopener\" title=\"\">Solicitud de Autorizaciones a trav\u00e9s de nuestra Web AXA COLPATRIA<\/a><\/p>\n\n\n\n<p class=\"has-text-align-center has-vivid-cyan-blue-color has-text-color has-link-color has-medium-font-size wp-elements-867d2ba170ee93d3c56822cf648b71ad\" style=\"font-style:normal;font-weight:500\"><a href=\"https:\/\/www.axacolpatria.co\/Seguridad\/Registro\/RegistroUsuario\" target=\"_blank\" rel=\"noreferrer noopener\">Reg\u00edstrese aqu\u00ed en el PORTAL DE CLIENTES de la p\u00e1gina de AXA COLPATRIA<\/a><\/p>\n\n\n\n<hr class=\"wp-block-separator has-alpha-channel-opacity\"\/>\n\n\n\n<p class=\"has-vivid-cyan-blue-color has-text-color has-link-color wp-elements-a0ff2647d6deb12697ad1c11d9387042\">Correo Electr\u00f3nico : <a href=\"mailto:autorizacionesplanes.salud@axacolpatria.co\" target=\"_blank\" rel=\"noopener\" title=\"\"><strong>autorizacionesplanes.salud@axacolpatria.co<\/strong><\/a><\/p>\n\n\n\n<p>Siempre enviando todos los datos del paciente y adjuntando la respectiva orden m\u00e9dica:<\/p>\n\n\n\n<ul class=\"wp-block-list\">\n<li>Nombre<\/li>\n\n\n\n<li>Documento de identidad<\/li>\n\n\n\n<li>Plan de Salud<\/li>\n\n\n\n<li>No. de Contrato o P\u00f3liza<\/li>\n\n\n\n<li>Servicio que requiere<\/li>\n\n\n\n<li>Lugar (Cl\u00ednica, centro de diagn\u00f3stico, laboratorio, etc)<\/li>\n\n\n\n<li>Ciudad<\/li>\n<\/ul>\n\n\n\n<hr class=\"wp-block-separator has-alpha-channel-opacity\"\/>\n\n\n\n<p>Podr\u00e1s realizar tu solicitud de autorizaci\u00f3n por cualquiera de estos canales en cualquier momento.<\/p>\n\n\n\n<p>Sin embargo, tambi\u00e9n tenemos dos puntos presenciales donde puedes acudir:<\/p>\n\n\n\n<p><strong>Centro de Especialistas M\u00e9dicos Santa B\u00e1rbara<\/strong> <strong>&#8211; Bogot\u00e1<\/strong><br>Tel\u00e9fono: (601) 4235750<br>Direcci\u00f3n: Calle 116 # 23-06<br>Lunes a viernes de 8:00 a.m. a 1:30 p.m. y de 2:30 p.m. a 5:00 p.m. &#8211; S\u00e1bados de 8:00 a.m. a 12:00 p.m.<\/p>\n\n\n\n<p><strong>Centro de Especialistas M\u00e9dicos Bucaramanga<\/strong><br>Tel\u00e9fono (607) 697 7877<br>Direcci\u00f3n: Carrera 34 N\u00b0 51 &#8211; 17<br>Lunes a viernes de 8:00 a.m. a 12:00 p.m. y de 1:00 p.m. a 5:00 p.m. &#8211; S\u00e1bados de 8:00 a.m. a 12:00 p.m.<\/p>\n\n\n\n<p>Si ya radicaste tu autorizaci\u00f3n y necesitas informaci\u00f3n de esta, puedes comunicarte a nuestra&nbsp;l\u00ednea&nbsp;exclusiva de salud&nbsp;(601) 423 5750 en Bogot\u00e1 o 01 8000 515 750 en el resto del pa\u00eds, opci\u00f3n 4-2, horario de atenci\u00f3n de domingo a domingo, 24 horas.<\/p>\n","protected":false},"excerpt":{"rendered":"<p>Horario de respuesta: Lunes a viernes de 8:00 a.m. a 4:00 p.m. S\u00e1bados de 8:00 a.m. a 11:00 a.m. Ten en cuenta que si realizas tu&nbsp;solicitud de lunes a viernes despu\u00e9s de las 4:00 p.m. y los s\u00e1bados despu\u00e9s de las 11:00 a.m., recibir\u00e1s tu respuesta de autorizaci\u00f3n despu\u00e9s de las 8 am del siguiente [&hellip;]<\/p>\n","protected":false},"author":1,"featured_media":0,"parent":0,"menu_order":0,"comment_status":"closed","ping_status":"closed","template":"","meta":{"om_disable_all_campaigns":false,"footnotes":""},"class_list":["post-1340","page","type-page","status-publish","hentry"],"aioseo_notices":[],"_links":{"self":[{"href":"https:\/\/bleidhysaboya-asesora.com\/index.php\/wp-json\/wp\/v2\/pages\/1340","targetHints":{"allow":["GET"]}}],"collection":[{"href":"https:\/\/bleidhysaboya-asesora.com\/index.php\/wp-json\/wp\/v2\/pages"}],"about":[{"href":"https:\/\/bleidhysaboya-asesora.com\/index.php\/wp-json\/wp\/v2\/types\/page"}],"author":[{"embeddable":true,"href":"https:\/\/bleidhysaboya-asesora.com\/index.php\/wp-json\/wp\/v2\/users\/1"}],"replies":[{"embeddable":true,"href":"https:\/\/bleidhysaboya-asesora.com\/index.php\/wp-json\/wp\/v2\/comments?post=1340"}],"version-history":[{"count":7,"href":"https:\/\/bleidhysaboya-asesora.com\/index.php\/wp-json\/wp\/v2\/pages\/1340\/revisions"}],"predecessor-version":[{"id":1719,"href":"https:\/\/bleidhysaboya-asesora.com\/index.php\/wp-json\/wp\/v2\/pages\/1340\/revisions\/1719"}],"wp:attachment":[{"href":"https:\/\/bleidhysaboya-asesora.com\/index.php\/wp-json\/wp\/v2\/media?parent=1340"}],"curies":[{"name":"wp","href":"https:\/\/api.w.org\/{rel}","templated":true}]}}